{"id":809,"date":"2018-03-15T20:59:58","date_gmt":"2018-03-15T23:59:58","guid":{"rendered":"http:\/\/www4.sbc.org.br\/csbc2018\/?page_id=809"},"modified":"2018-07-21T12:02:29","modified_gmt":"2018-07-21T15:02:29","slug":"teste-inscricao","status":"publish","type":"page","link":"https:\/\/www4.sbc.org.br\/csbc2018\/?page_id=809","title":{"rendered":"Inscri\u00e7\u00f5es"},"content":{"rendered":"<div id=\"texto-post\">\n<h2><strong>Fa\u00e7a\u00a0sua inscri\u00e7\u00e3o no <a href=\"https:\/\/centraldesistemas.sbc.org.br\/ecos\/csbc2018\" target=\"_blank\" rel=\"noopener\">Sistema de Inscri\u00e7\u00f5es da SBC<\/a><\/strong><\/h2>\n<p><span style=\"color: #3333ff;\">Os pagamentos por boleto e d\u00e9bito encerram-se no dia 18\/07\/2018, ap\u00f3s esse per\u00edodo estar\u00e3o dispon\u00edveis as formas de pagamento por cart\u00e3o de cr\u00e9dito, nota de empenho e faturamento. Caso n\u00e3o possa efetuar o pagamento pelas formas citadas, poder\u00e1 efetuar o pagamento em esp\u00e9cie na secretaria do evento.<\/span><span class=\"HOEnZb\"><span style=\"color: #888888;\"><br \/>\n<\/span><\/span><\/p>\n<p>Os valores de inscri\u00e7\u00e3o para o CSBC 2018 est\u00e3o\u00a0listados abaixo. Destacamos que alunos e profissionais que\u00a0n\u00e3o s\u00e3o associados \u00e0\u00a0SBC podem se associar (ou renovar a associa\u00e7\u00e3o) no processo de inscri\u00e7\u00e3o com um desconto no valor da inscri\u00e7\u00e3o de n\u00e3o associado. Alunos de ensino m\u00e9dio e alunos de gradua\u00e7\u00e3o tem valores diferenciados. Al\u00e9m disso, mantivemos 4 per\u00edodos de desconto no valor da inscri\u00e7\u00e3o feita antecipadamente. <strong>Inscrever-se com associa\u00e7\u00e3o \u00e0 SBC \u00e9 a op\u00e7\u00e3o mais vantajosa\u00a0para os n\u00e3o associados \u00e0\u00a0SBC, pois pagam um valor menor que a op\u00e7\u00e3o sem associa\u00e7\u00e3o e ainda se associam \u00e0\u00a0SBC<\/strong> (veja abaixo por que ser associado \u00e0 SBC).<\/p>\n<p><strong>Ser\u00e1 exigido no momento da inscri\u00e7\u00e3o para as categorias que necessitam de comprova\u00e7\u00e3o (Estudantes e Professores do ensino m\u00e9dio)\u00a0 fazer upload do comprovante que ateste a categoria escolhida. A verifica\u00e7\u00e3o desse documento pode levar at\u00e9 1 dia \u00fatil. Somente ap\u00f3s a valida\u00e7\u00e3o pela equipe da SBC, as formas de pagamento ser\u00e3o liberadas. O inscrito receber\u00e1 e-mails informativos em todas as etapas da evolu\u00e7\u00e3o da inscri\u00e7\u00e3o dele no CSBC 2018.<\/strong><\/p>\n<p>Para que os artigos aprovados sejam publicados nos anais do evento e estejam dispon\u00edveis no Portal de Conte\u00fado da SBC, \u00e9 necess\u00e1rio que pelo menos 1 (um) autor possua inscri\u00e7\u00e3o paga. <strong>Uma inscri\u00e7\u00e3o equivale a apresenta\u00e7\u00e3o\/publica\u00e7\u00e3o de um \u00fanico artigo. Caso o autor possua mais de um trabalho, faz-se necess\u00e1rio que pelo menos um dos autores inscritos realize o pagamento adicional da taxa de publica\u00e7\u00e3o, na categoria de inscri\u00e7\u00e3o correspondente.<\/strong><\/p>\n<p>Os autores devem fazer o upload do comprovante de inscri\u00e7\u00e3o, via JEMS, at\u00e9 o dia 05\/06\/2018, incluindo o comprovante de pagamento adicional da taxa de publica\u00e7\u00e3o, quando houver. <strong>A publica\u00e7\u00e3o dos artigos nos anais est\u00e1 condicionada ao envio do comprovante de pagamento da inscri\u00e7\u00e3o.<\/strong><\/p>\n<p><img loading=\"lazy\" decoding=\"async\" class=\"alignnone wp-image-1305 size-smartschool_large_image\" src=\"http:\/\/www4.sbc.org.br\/csbc2018\/wp-content\/uploads\/2018\/07\/tabela-inscricao-CSBC-julho-final2-770x593.png\" alt=\"\" width=\"770\" height=\"593\" srcset=\"https:\/\/www4.sbc.org.br\/csbc2018\/wp-content\/uploads\/2018\/07\/tabela-inscricao-CSBC-julho-final2-770x593.png 770w, https:\/\/www4.sbc.org.br\/csbc2018\/wp-content\/uploads\/2018\/07\/tabela-inscricao-CSBC-julho-final2-300x231.png 300w, https:\/\/www4.sbc.org.br\/csbc2018\/wp-content\/uploads\/2018\/07\/tabela-inscricao-CSBC-julho-final2-768x591.png 768w, https:\/\/www4.sbc.org.br\/csbc2018\/wp-content\/uploads\/2018\/07\/tabela-inscricao-CSBC-julho-final2.png 813w\" sizes=\"auto, (max-width: 770px) 100vw, 770px\" \/><\/p>\n<p><strong>(*)<\/strong>\u00a0Somente est\u00e3o enquadrados nesta categoria os professores habilitados para atuarem exclusivamente no n\u00edvel fundamental ou m\u00e9dio de ensino.<\/p>\n<\/div>\n<h2><strong>Atividades Adicionais<\/strong><\/h2>\n<p>Uma vez inscrito no CSBC 2018, voc\u00ea pode adicionar o CQ ou JAI como atividades adicionais. Em 2018, o CQ est\u00e1 est\u00e1 com inscri\u00e7\u00f5es abertas para profissionais e estudantes de p\u00f3s-gradua\u00e7\u00e3o da \u00e1rea.\u00a0 Veja os valores na tabela abaixo?<\/p>\n<p><img loading=\"lazy\" decoding=\"async\" class=\"alignnone wp-image-1257 size-smartschool_large_image\" src=\"http:\/\/www4.sbc.org.br\/csbc2018\/wp-content\/uploads\/2018\/07\/TABELA-2-INSCRICAO-770x114.png\" alt=\"\" width=\"770\" height=\"114\" srcset=\"https:\/\/www4.sbc.org.br\/csbc2018\/wp-content\/uploads\/2018\/07\/TABELA-2-INSCRICAO-770x114.png 770w, https:\/\/www4.sbc.org.br\/csbc2018\/wp-content\/uploads\/2018\/07\/TABELA-2-INSCRICAO-300x45.png 300w, https:\/\/www4.sbc.org.br\/csbc2018\/wp-content\/uploads\/2018\/07\/TABELA-2-INSCRICAO-768x114.png 768w, https:\/\/www4.sbc.org.br\/csbc2018\/wp-content\/uploads\/2018\/07\/TABELA-2-INSCRICAO.png 902w\" sizes=\"auto, (max-width: 770px) 100vw, 770px\" \/><\/p>\n<h2><strong>Pagamentos por Empenho<\/strong><\/h2>\n<p>Caso o pagamento da sua inscri\u00e7\u00e3o seja por empenho, fa\u00e7a a inscri\u00e7\u00e3o normalmente no <a href=\"https:\/\/centraldesistemas.sbc.org.br\/ecos\/csbc2018\" target=\"_blank\" rel=\"noopener\">sistema de inscri\u00e7\u00f5es da SBC<\/a>, escolha &#8220;nota de empenho&#8221; como forma de pagamento\u00a0e seguir as orienta\u00e7\u00f5es.<\/p>\n<h2><strong>Pol\u00edtica de cancelamento<\/strong><\/h2>\n<p>At\u00e9 dia 06\/07\/2018 pode-se fazer uma devolu\u00e7\u00e3o de 80% do valor pago pela inscri\u00e7\u00e3o no CSBC 2018 (taxa de 20% referente a custos administrativos). Ap\u00f3s esta data n\u00e3o haver\u00e1 devolu\u00e7\u00e3o de qualquer valor pago. A pol\u00edtica se aplica tanto para o cancelamento da inscri\u00e7\u00e3o no CSBC 2018 quanto para o cancelamento de qualquer atividade adicional (JAI, CQ, jantar, dentre outras). Para solicitar o cancelamento, enviar um e-mail para <a href=\"mailto:faturamento@sbc.org.br\" target=\"_blank\" rel=\"noopener\">faturamento@sbc.org.br<\/a>.<\/p>\n<h2><strong>Jantar oficial (por ades\u00e3o)<\/strong><\/h2>\n<p>O Jantar Oficial do evento ser\u00e1 realizado no dia <strong>24\/07\/2018<\/strong> a partir das<strong> 21:00 horas<\/strong> no restaurante <strong>Malta, localizado no Hotel Wish (Rua Senador Dinarte Mariz, 5525 Via Costeira)<\/strong>. Os vouchers para o jantar poder\u00e3o ser retirados durante o evento, na \u00e1rea de credenciamento. O valor por pessoa \u00e9 de <strong>R$ 150,00<\/strong>. Este valor inclui um menu especial, <strong>\u00e1gua, refrigerante, vinho da casa e m\u00fasica ao vivo.<\/strong><\/p>\n<p>No setor de credenciamento do evento ser\u00e3o vendidos ingressos para o jantar de confraterniza\u00e7\u00e3o, em n\u00famero limitado, at\u00e9 \u00e0s 17 horas do dia 23\/07\/2018.<\/p>\n<h2><strong>Observa\u00e7\u00f5es importantes<\/strong><\/h2>\n<ul>\n<li>A associa\u00e7\u00e3o \u00e0 SBC \u00e9 v\u00e1lida por 12 meses<\/li>\n<li><strong>Estudantes de Gradua\u00e7\u00e3o e P\u00f3s-gradua\u00e7\u00e3o<\/strong>: ser\u00e1 necess\u00e1rio apresentar no credenciamento do evento um comprovante de v\u00ednculo estudantil, que deve conter nome da institui\u00e7\u00e3o, nome do aluno, semestre, curso, e data atual. Caso falhe em apresentar o comprovante, o inscrito n\u00e3o ser\u00e1 credenciado como estudante e ter\u00e1 de pagar a diferen\u00e7a para inscri\u00e7\u00e3o de Profissional (com valores sem desconto), caso deseje participar do evento.<\/li>\n<li><strong>Professor de Ensino Fundamental ou M\u00e9dio<\/strong>: professores que optarem por esta modalidade, precisar\u00e3o apresentar no credenciamento do evento um comprovante desta situa\u00e7\u00e3o. Caso falhe em apresentar o comprovante, o inscrito n\u00e3o ser\u00e1 credenciado com Professor de Ensino Fundamental\/M\u00e9dio e ter\u00e1 de pagar a diferen\u00e7a para inscri\u00e7\u00e3o de Profissional (com valores sem desconto), caso deseje participar do evento.<\/li>\n<li><strong>Estudante de Ensino Fundamental ou M\u00e9dio<\/strong>: estudantes de Ensino M\u00e9dio\/Fundamental que optarem por esta modalidade, precisar\u00e3o apresentar no credenciamento do evento um comprovante desta situa\u00e7\u00e3o. Caso falhe em apresentar o comprovante, o inscrito n\u00e3o ser\u00e1 credenciado como estudante e ter\u00e1 de pagar a diferen\u00e7a para inscri\u00e7\u00e3o de Profissional (com valores sem desconto), caso deseje participar do evento.<\/li>\n<li>O Combo foi criado pela SBC para unificar os valores da associa\u00e7\u00e3o e o valor da inscri\u00e7\u00e3o em um evento. A ideia \u00e9 que juntos estes dois benef\u00edcios tornem-se mais baratos do que se fossem adquiridos em separadamente. Para mais informa\u00e7\u00f5es acesse o FAQ da SBC.<\/li>\n<li>Ap\u00f3s o pagamento, na emiss\u00e3o do seu recibo constar\u00e1 &#8220;Inscri\u00e7\u00e3o no CSBC 2018&#8221;.<\/li>\n<li>Caso o ar\u00adtigo seja aceito, ao menos um dos au\u00adtores do ar\u00adtigo de\u00adver\u00e1 se ins\u00adcrever no evento.<\/li>\n<li><strong>Outras associa\u00e7\u00f5es<\/strong>: Associados \u00e0 SBIS, SBIAgro e SBMAC podem usufruir do mesmo desconto ofertado aos associados \u00e0 SBC, favor enviar o comprovante de v\u00ednculo com a SBIS, SBIAgro ou SBMAC para faturamento@sbc.org.br solicitando o desconto.<\/li>\n<\/ul>\n<div id=\"texto-post\">\n<h2>.<\/h2>\n<h2><strong>Por que ser associado \u00e0 SBC?<\/strong><\/h2>\n<p>A SBC \u00e9 uma associa\u00e7\u00e3o civil, sem fins lucrativos, que estimula o desenvolvimento tecnol\u00f3gico e cient\u00edfico do pa\u00eds e \u00e9 a maior sociedade de computa\u00e7\u00e3o da Am\u00e9rica do Sul. \u00c9 a SBC que representa os interesses dos estudantes, professores e profissinais da \u00e1rea de computa\u00e7\u00e3o no Brasil. Se associar \u00e0 SBC \u00e9 uma forma de tornar a SBC ainda mais forte para representar a nossa \u00e1rea de atua\u00e7\u00e3o junto aos diversos setores. Que tal se juntar a n\u00f3s? Outros motivos para ser associado \u00e0\u00a0SBC s\u00e3o:<\/p>\n<ul>\n<li>Acesso \u00e0 rede sem fio\u00a0<a title=\"\" href=\"http:\/\/www.sbc.org.br\/eduroam\" target=\"_blank\" rel=\"noopener\" data-saferedirecturl=\"https:\/\/www.google.com\/url?hl=en&amp;q=http:\/\/www.sbc.org.br\/eduroam&amp;source=gmail&amp;ust=1521588829984000&amp;usg=AFQjCNFCtS9NteaqpkGA6UiIaSpcRCWZ1w\">Eduroam<\/a>\u00a0(somente para pessoa f\u00edsica);<\/li>\n<li>Acesso ao Portal de Peri\u00f3dicos da\u00a0<a title=\"\" href=\"http:\/\/www.sbc.org.br\/capes\" target=\"_blank\" rel=\"noopener\" data-saferedirecturl=\"https:\/\/www.google.com\/url?hl=en&amp;q=http:\/\/www.sbc.org.br\/capes&amp;source=gmail&amp;ust=1521588829984000&amp;usg=AFQjCNGtbuG_ttn2v087EoOitcnmNm6l3w\">Capes<\/a>\u00a0(somente para pessoa f\u00edsica);<\/li>\n<li>Desconto em inscri\u00e7\u00f5es nos mais de 40\u00a0<a href=\"https:\/\/centraldesistemas.sbc.org.br\/ecos\" target=\"_blank\" rel=\"noopener\" data-saferedirecturl=\"https:\/\/www.google.com\/url?hl=en&amp;q=https:\/\/centraldesistemas.sbc.org.br\/ecos&amp;source=gmail&amp;ust=1521588829984000&amp;usg=AFQjCNHbIRkx6uH8uO3m5vVzAcGlFEeG2w\">eventos realizados<\/a>\u00a0anualmente pela SBC;<\/li>\n<li>Desconto de no m\u00ednimo 15% em inscri\u00e7\u00f5es nos eventos apoiados pela SBC;<\/li>\n<li>Desconto para a compra de livros da\u00a0<a title=\"\" href=\"https:\/\/www.elsevier.com.br\/\" target=\"_blank\" rel=\"noopener\" data-saferedirecturl=\"https:\/\/www.google.com\/url?hl=en&amp;q=https:\/\/www.elsevier.com.br\/&amp;source=gmail&amp;ust=1521588829985000&amp;usg=AFQjCNF4XXfju7bEIdyBDkqQVY-jr-9UgQ\">Editora Elsevier<\/a>;<\/li>\n<li>Valor de inscri\u00e7\u00e3o diferenciado no\u00a0<a title=\"\" href=\"http:\/\/www.sbc.org.br\/educacao\/poscomp\" target=\"_blank\" rel=\"noopener\" data-saferedirecturl=\"https:\/\/www.google.com\/url?hl=en&amp;q=http:\/\/www.sbc.org.br\/educacao\/poscomp&amp;source=gmail&amp;ust=1521588829985000&amp;usg=AFQjCNG2qKQKelv_uSp-DTmuFb3CyK7syQ\">POSCOMP<\/a>;<\/li>\n<li>Participa\u00e7\u00e3o nas reuni\u00f5es abertas de comiss\u00f5es e grupos de trabalhos que ocorram durante os eventos;<\/li>\n<li>Acesso aos estudos realizados pela SBC e destinados a \u00f3rg\u00e3os p\u00fablicos ou privados, expressando posi\u00e7\u00f5es pol\u00edticas da Sociedade<\/li>\n<\/ul>\n<p>&nbsp;<\/p>\n<p>Mais benef\u00edcios no <a href=\"http:\/\/www.sbc.org.br\/associe-se-2\/269-beneficios\" target=\"_blank\" rel=\"noopener\">site da SBC<\/a>.<\/p>\n<\/div>\n<h2><strong><span style=\"color: #519660;\">Caravanas<\/span><\/strong><\/h2>\n<p align=\"justify\">Forme sua caravana e venha para o CSBC 2018! A cada dez estudantes inscritos, a inscri\u00e7\u00e3o do 11\u00ba ser\u00e1 gratuita. Os passos para a realiza\u00e7\u00e3o das inscri\u00e7\u00f5es em grupo s\u00e3o os seguintes:<\/p>\n<p>Os estudantes devem realizar a inscri\u00e7\u00e3o no CSBC 2018 (<a href=\"https:\/\/centraldesistemas.sbc.org.br\/ecos\/csbc2018\" target=\"_blank\" rel=\"noopener\">aqui)<\/a>, confirmar e pagar sua inscri\u00e7\u00e3o. Os inscritos que ser\u00e3o isentos tamb\u00e9m devem realizar a inscri\u00e7\u00e3o e ignorar o boleto banc\u00e1rio (ou outra forma de pagamento escolhida).<\/p>\n<p align=\"justify\">Ao completar o grupo de dez, vinte ou mais inscritos, o coordenador da caravana dever\u00e1\u00a0acessar o link <a href=\"https:\/\/docs.google.com\/forms\/d\/e\/1FAIpQLSeHFtHiqZTOu2VoAwQD_K6V9D53M_moggE4VY_h7Y0ICbNaqg\/viewform?usp=sf_link\" target=\"_blank\" rel=\"noopener\">[aqui]<\/a> e preencher um\u00a0formul\u00e1rio com os seguintes itens:<\/p>\n<p>(a) a rela\u00e7\u00e3o de nomes dos estudantes que fazem parte do grupo e os valores das suas respectivas inscri\u00e7\u00f5es;<\/p>\n<p>(b) Manifesta\u00e7\u00e3o do interesse em utilizar o alojamento de baixo custo (ver observa\u00e7\u00f5es abaixo);<\/p>\n<p>(c) o(s) nome(s) do(s) estudante(s) com inscri\u00e7\u00e3o gratuita;<\/p>\n<p align=\"justify\">D\u00favidas adicionais\u00a0com o Prof. Isaac Filho (<a href=\"mailto:caravanacsbc2018@gmail.com\">caravanacsbc2018@gmail.com<\/a>). Ao enviar o email, o assunto da mensagem dever\u00e1 indicar o Estado ou munic\u00edpio da caravana. Leia informa\u00e7\u00f5es adicionais no link do formul\u00e1rio antes de mandar e-mail.<\/p>\n<h3><span style=\"color: #519660;\">Sobre o alojamento de baixo custo<\/span><\/h3>\n<p><span style=\"color: #ff0000;\"><em>TODAS AS VAGAS PARA O ALOJAMENTO FORAM PREENCHIDAS. (ATUALIZA\u00c7\u00c3O 14.07.2018)<\/em><\/span><\/p>\n<p>O CSBC 2018, por meio da UERN, oferece op\u00e7\u00f5es de\u00a0alojamento para as caravanas de estudantes. Por\u00e9m, os lugares s\u00e3o limitados e ser\u00e3o reservados considerando a ordem em que todas as inscri\u00e7\u00f5es em grupo forem completadas, incluindo o pagamento e o preenchimento do formul\u00e1rio\u00a0<a href=\"https:\/\/docs.google.com\/forms\/d\/e\/1FAIpQLSeHFtHiqZTOu2VoAwQD_K6V9D53M_moggE4VY_h7Y0ICbNaqg\/viewform?usp=sf_link\" target=\"_blank\" rel=\"noopener\">[aqui]<\/a> .<\/p>\n<p align=\"justify\">Ser\u00e3o disponibilizadas\u00a0<strong>60 vagas<\/strong> para alojar os integrantes das caravanas de estudantes. Ser\u00e1 cobrada uma taxa simb\u00f3lica e \u00fanica por estudante no valor de R$ 25,00. N\u00c3O H\u00c1 GARANTIA DE VAGA NO ALOJAMENTO PARA TODAS AS CARAVANAS.<\/p>\n<p align=\"justify\"><strong>Algumas observa\u00e7\u00f5es<\/strong>:<\/p>\n<p align=\"justify\">1 &#8211; A organiza\u00e7\u00e3o do CSBC 2018 ir\u00e1 fornecer EXCLUSIVAMENTE aos estudantes que ficarem alojados nas depend\u00eancias da UERN:<\/p>\n<ul>\n<li>4 Salas com capacidade individual para no m\u00e1ximo 15 pessoas;<\/li>\n<li>Translado (Ida e Volta ao local do congresso);<\/li>\n<li>Limpeza dos espa\u00e7os e banheiros;<\/li>\n<li>Vigil\u00e2ncia no local;<\/li>\n<li>\u00c1gua;<\/li>\n<li>Luz;<\/li>\n<li>Wi-fi;<\/li>\n<\/ul>\n<p>2 &#8211;\u00a0 Controle de acesso, utiliza\u00e7\u00e3o de crach\u00e1s e demais detalhes ser\u00e3o tratados pessoalmente com os respons\u00e1veis de cada caravana.<\/p>\n<p>3 &#8211; Fica sob a RESPONSABILIDADE dos estudantes alojados, a aquisi\u00e7\u00e3o de materiais de higiene pessoal, como tamb\u00e9m os colchonetes, toalhas, len\u00e7\u00f3is, etc e demais materiais de uso pessoal.<\/p>\n<p>&nbsp;<\/p>\n<p>&nbsp;<\/p>\n","protected":false},"excerpt":{"rendered":"<p>Fa\u00e7a\u00a0sua inscri\u00e7\u00e3o no Sistema de Inscri\u00e7\u00f5es da SBC Os pagamentos por boleto e d\u00e9bito encerram-se no dia 18\/07\/2018, ap\u00f3s esse per\u00edodo estar\u00e3o dispon\u00edveis as formas de pagamento por cart\u00e3o de &#8230;<\/p>\n","protected":false},"author":3,"featured_media":0,"parent":0,"menu_order":0,"comment_status":"closed","ping_status":"closed","template":"content-fullwidth.php","meta":{"footnotes":""},"class_list":["post-809","page","type-page","status-publish","hentry"],"_links":{"self":[{"href":"https:\/\/www4.sbc.org.br\/csbc2018\/index.php?rest_route=\/wp\/v2\/pages\/809","targetHints":{"allow":["GET"]}}],"collection":[{"href":"https:\/\/www4.sbc.org.br\/csbc2018\/index.php?rest_route=\/wp\/v2\/pages"}],"about":[{"href":"https:\/\/www4.sbc.org.br\/csbc2018\/index.php?rest_route=\/wp\/v2\/types\/page"}],"author":[{"embeddable":true,"href":"https:\/\/www4.sbc.org.br\/csbc2018\/index.php?rest_route=\/wp\/v2\/users\/3"}],"replies":[{"embeddable":true,"href":"https:\/\/www4.sbc.org.br\/csbc2018\/index.php?rest_route=%2Fwp%2Fv2%2Fcomments&post=809"}],"version-history":[{"count":55,"href":"https:\/\/www4.sbc.org.br\/csbc2018\/index.php?rest_route=\/wp\/v2\/pages\/809\/revisions"}],"predecessor-version":[{"id":1072,"href":"https:\/\/www4.sbc.org.br\/csbc2018\/index.php?rest_route=\/wp\/v2\/pages\/809\/revisions\/1072"}],"wp:attachment":[{"href":"https:\/\/www4.sbc.org.br\/csbc2018\/index.php?rest_route=%2Fwp%2Fv2%2Fmedia&parent=809"}],"curies":[{"name":"wp","href":"https:\/\/api.w.org\/{rel}","templated":true}]}}