{"id":370,"date":"2018-01-21T17:26:46","date_gmt":"2018-01-21T20:26:46","guid":{"rendered":"http:\/\/www4.sbc.org.br\/csbc2018\/?page_id=370"},"modified":"2018-07-19T17:58:34","modified_gmt":"2018-07-19T20:58:34","slug":"12o-wit","status":"publish","type":"page","link":"https:\/\/www4.sbc.org.br\/csbc2018\/?page_id=370","title":{"rendered":"12\u00ba WIT"},"content":{"rendered":"<h1><span style=\"color: #519660;\"><strong>12\u00ba Women in Information Technology (WIT)<\/strong><\/span><\/h1>\n<p>&nbsp;<\/p>\n<h2><span style=\"color: #519660;\"><strong>Datas importantes<\/strong><\/span><\/h2>\n<p>\u2013 Data final de submiss\u00e3o:\u00a0<span class=\"m_-5344621615874852956gmail-msoDel\"><del>23\/03\/2018<\/del><\/span><b>\u00a006\/04\/2018<\/b><br \/>\n\u2013 Notifica\u00e7\u00e3o:\u00a0<span class=\"m_-5344621615874852956gmail-msoDel\"><del>23\/04\/2018<\/del><\/span>\u00a0<s>06\/05\/<wbr \/>2018\u00a0<\/s><strong>11\/05\/2018<\/strong><br \/>\n\u2013 Vers\u00e3o Final:\u00a0<span class=\"m_-5344621615874852956gmail-msoDel\"><del>30\/04\/2018<\/del><\/span>\u00a0<s>11\/05\/2018<\/s><b><s>\u00a0<\/s>20\/05\/2018<\/b><br \/>\n\u2013 Inscri\u00e7\u00e3o no evento para os autores: <strong>01\/06\/2018<\/strong><\/p>\n<h2><span style=\"color: #519660;\"><strong>Sobre o evento<\/strong><\/span><\/h2>\n<p align=\"justify\">O XII Women in Information Technology (WIT) \u00e9 uma iniciativa da SBC para discutir os assuntos relacionados \u00e0 quest\u00f5es de g\u00eanero em Tecnologia de Informa\u00e7\u00e3o (TI) no Brasil \u2013 hist\u00f3rias de sucesso, pol\u00edticas de incentivo e formas de engajamento e atra\u00e7\u00e3o de jovens, especialmente mulheres, para as carreiras associadas \u00e0 TI. Organizado na forma de palestras convidadas e pain\u00e9is, o workshop \u00e9 centrado em debater problemas relacionados \u00e0 mulher e ao seu acesso \u00e0 TI, tanto do ponto de vista de mercado de trabalho quanto de inclus\u00e3o e alfabetiza\u00e7\u00e3o digital. Os temas abordados se concentram na necessidade de educar, recrutar e treinar mulheres, como uma pol\u00edtica estrat\u00e9gica para o desenvolvimento e competitividade nacional e regional.<\/p>\n<p>O F\u00f3rum Meninas Digitais faz parte das atividades do WIT desde 2011 e \u00e9 uma das a\u00e7\u00f5es do Programa Meninas Digitais da SBC. Tal Programa \u00e9 direcionado \u00e0s alunas do ensino fundamental, m\u00e9dio e tecnol\u00f3gico, para que conhe\u00e7am melhor a \u00e1rea de inform\u00e1tica e das Tecnologias da Informa\u00e7\u00e3o e Comunica\u00e7\u00e3o, de forma a motiv\u00e1-las a seguir carreira nessas \u00e1reas. Durante o evento os multiplicadores desta proposta aproveitam a oportunidade para discutir projetos e parcerias, de forma a disseminar a iniciativa no territ\u00f3rio nacional.<\/p>\n<p>Para consolidar os trabalhos em andamento e fomentar o crescimento de projetos parceiros al\u00e9m de valorizar e registrar as a\u00e7\u00f5es e conquistas, o WIT juntamente com o Programa Meninas Digitais realiza pela terceira vez a chamada para a submiss\u00e3o de trabalhos com apresenta\u00e7\u00e3o de propostas, resultados de pesquisa e extens\u00e3o, estudos de caso e experi\u00eancias relevantes ao tema que ainda n\u00e3o tenham sido publicadas em outros eventos.<\/p>\n<p>Para mais detalhes, veja a chamada completa em <a href=\"http:\/\/www4.sbc.org.br\/csbc2018\/wp-content\/uploads\/2018\/05\/WIT-2018.pdf\" target=\"_blank\" rel=\"noopener\">PDF<\/a>.<\/p>\n<h2><\/h2>\n<h2><span style=\"color: #519660;\"><strong>Programa\u00e7\u00e3o\u00a0<\/strong><\/span><\/h2>\n<p>Vers\u00e3o em <a href=\"http:\/\/www4.sbc.org.br\/csbc2018\/wp-content\/uploads\/2018\/07\/19072018-ProgramacaoWIT-FMD2018.pdf\" target=\"_blank\" rel=\"noopener\">PDF<\/a>.<\/p>\n<p><img loading=\"lazy\" decoding=\"async\" class=\"alignnone size-smartschool_large_image wp-image-1300\" src=\"http:\/\/www4.sbc.org.br\/csbc2018\/wp-content\/uploads\/2018\/07\/Slide1-770x1026.png\" alt=\"\" width=\"770\" height=\"1026\" srcset=\"https:\/\/www4.sbc.org.br\/csbc2018\/wp-content\/uploads\/2018\/07\/Slide1-770x1026.png 770w, https:\/\/www4.sbc.org.br\/csbc2018\/wp-content\/uploads\/2018\/07\/Slide1-225x300.png 225w, https:\/\/www4.sbc.org.br\/csbc2018\/wp-content\/uploads\/2018\/07\/Slide1-768x1024.png 768w, https:\/\/www4.sbc.org.br\/csbc2018\/wp-content\/uploads\/2018\/07\/Slide1.png 1024w\" sizes=\"auto, (max-width: 770px) 100vw, 770px\" \/><img loading=\"lazy\" decoding=\"async\" class=\"alignnone size-smartschool_large_image wp-image-1299\" src=\"http:\/\/www4.sbc.org.br\/csbc2018\/wp-content\/uploads\/2018\/07\/Slide2-770x1026.png\" alt=\"\" width=\"770\" height=\"1026\" srcset=\"https:\/\/www4.sbc.org.br\/csbc2018\/wp-content\/uploads\/2018\/07\/Slide2-770x1026.png 770w, https:\/\/www4.sbc.org.br\/csbc2018\/wp-content\/uploads\/2018\/07\/Slide2-225x300.png 225w, https:\/\/www4.sbc.org.br\/csbc2018\/wp-content\/uploads\/2018\/07\/Slide2-768x1024.png 768w, https:\/\/www4.sbc.org.br\/csbc2018\/wp-content\/uploads\/2018\/07\/Slide2.png 1024w\" sizes=\"auto, (max-width: 770px) 100vw, 770px\" \/><\/p>\n<h2><span style=\"color: #519660;\"><strong>Orienta\u00e7\u00e3o para autores<\/strong><\/span><\/h2>\n<ul>\n<li>Modelo padr\u00e3o para p\u00f4steres <a href=\"http:\/\/www4.sbc.org.br\/csbc2018\/?attachment_id=1158\" target=\"_blank\" rel=\"attachment noopener wp-att-1158\">AQUI<\/a>.<\/li>\n<\/ul>\n<p>&nbsp;<\/p>\n<h2><span style=\"color: #519660;\"><strong>Coordena\u00e7\u00e3o<\/strong><\/span><\/h2>\n<table style=\"height: 210 px;\" width=\"460\">\n<tbody>\n<tr>\n<td><\/td>\n<td>\n<ul>\n<li>Claudia Cappelli<\/li>\n<li>UNIRIO<\/li>\n<li>Coordena\u00e7\u00e3o Geral<\/li>\n<li>e-mail:\u00a0<u>wit@icomp.ufam.edu.br<\/u><\/li>\n<\/ul>\n<\/td>\n<\/tr>\n<tr>\n<td><span style=\"color: #ffffff;\">&#8230;<\/span><\/td>\n<td><\/td>\n<\/tr>\n<tr>\n<td><\/td>\n<td>\n<ul>\n<li>Tanara Lauschner<\/li>\n<li>UFAM<\/li>\n<li>Coordena\u00e7\u00e3o Geral<\/li>\n<li>e-mail:\u00a0<u>wit@icomp.ufam.edu.br<\/u><\/li>\n<\/ul>\n<\/td>\n<\/tr>\n<tr>\n<td><span style=\"color: #ffffff;\">&#8230;<\/span><\/td>\n<td><\/td>\n<\/tr>\n<tr>\n<td><\/td>\n<td>\n<ul>\n<li>Ang\u00e9lica F\u00e9lix de Castro<\/li>\n<li>UFERSA<\/li>\n<li>Coordena\u00e7\u00e3o Local<\/li>\n<li>e-mail:\u00a0<u>wit@icomp.ufam.edu.br<\/u><\/li>\n<\/ul>\n<\/td>\n<\/tr>\n<tr>\n<td><span style=\"color: #ffffff;\">&#8230;<\/span><\/td>\n<td><\/td>\n<\/tr>\n<tr>\n<td><\/td>\n<td>\n<ul>\n<li>Cl\u00e1udia Ribeiro<\/li>\n<li>IFRN<\/li>\n<li>Coordena\u00e7\u00e3o Local<\/li>\n<li>e-mail:\u00a0<u>wit@icomp.ufam.edu.br<\/u><\/li>\n<\/ul>\n<\/td>\n<\/tr>\n<\/tbody>\n<\/table>\n<p>&nbsp;<\/p>\n","protected":false},"excerpt":{"rendered":"<p>12\u00ba Women in Information Technology (WIT) &nbsp; Datas importantes \u2013 Data final de submiss\u00e3o:\u00a023\/03\/2018\u00a006\/04\/2018 \u2013 Notifica\u00e7\u00e3o:\u00a023\/04\/2018\u00a006\/05\/2018\u00a011\/05\/2018 \u2013 Vers\u00e3o Final:\u00a030\/04\/2018\u00a011\/05\/2018\u00a020\/05\/2018 \u2013 Inscri\u00e7\u00e3o no evento para os autores: 01\/06\/2018 Sobre o evento &#8230;<\/p>\n","protected":false},"author":3,"featured_media":0,"parent":0,"menu_order":0,"comment_status":"closed","ping_status":"closed","template":"content-fullwidth.php","meta":{"footnotes":""},"class_list":["post-370","page","type-page","status-publish","hentry"],"_links":{"self":[{"href":"https:\/\/www4.sbc.org.br\/csbc2018\/index.php?rest_route=\/wp\/v2\/pages\/370","targetHints":{"allow":["GET"]}}],"collection":[{"href":"https:\/\/www4.sbc.org.br\/csbc2018\/index.php?rest_route=\/wp\/v2\/pages"}],"about":[{"href":"https:\/\/www4.sbc.org.br\/csbc2018\/index.php?rest_route=\/wp\/v2\/types\/page"}],"author":[{"embeddable":true,"href":"https:\/\/www4.sbc.org.br\/csbc2018\/index.php?rest_route=\/wp\/v2\/users\/3"}],"replies":[{"embeddable":true,"href":"https:\/\/www4.sbc.org.br\/csbc2018\/index.php?rest_route=%2Fwp%2Fv2%2Fcomments&post=370"}],"version-history":[{"count":12,"href":"https:\/\/www4.sbc.org.br\/csbc2018\/index.php?rest_route=\/wp\/v2\/pages\/370\/revisions"}],"predecessor-version":[{"id":1302,"href":"https:\/\/www4.sbc.org.br\/csbc2018\/index.php?rest_route=\/wp\/v2\/pages\/370\/revisions\/1302"}],"wp:attachment":[{"href":"https:\/\/www4.sbc.org.br\/csbc2018\/index.php?rest_route=%2Fwp%2Fv2%2Fmedia&parent=370"}],"curies":[{"name":"wp","href":"https:\/\/api.w.org\/{rel}","templated":true}]}}