{"id":343,"date":"2018-01-05T13:55:52","date_gmt":"2018-01-05T16:55:52","guid":{"rendered":"http:\/\/www4.sbc.org.br\/csbc2018\/?page_id=343"},"modified":"2018-07-20T19:09:06","modified_gmt":"2018-07-20T22:09:06","slug":"etc","status":"publish","type":"page","link":"https:\/\/www4.sbc.org.br\/csbc2018\/?page_id=343","title":{"rendered":"3\u00ba ETC"},"content":{"rendered":"<h1><span style=\"color: #519660;\"><strong>3\u00ba ENCONTRO DE TEORIA DA COMPUTA\u00c7\u00c3O (ETC)<\/strong><\/span><\/h1>\n<p>&nbsp;<\/p>\n<h2><span style=\"color: #519660;\"><strong>Datas importantes<\/strong><\/span><\/h2>\n<p>&#8211; Submiss\u00e3o do resumo estendido: at\u00e9\u00a0<strong><span style=\"text-decoration: line-through;\">15 de mar\u00e7o de 2018 <\/span> <\/strong> <strong>\u00a0<del>26 de mar\u00e7o de 2018<\/del> 02 de abril de 2018.<\/strong><br \/>\n&#8211; Resultado da avalia\u00e7\u00e3o da submiss\u00e3o:\u00a0<strong><del>20 de abril de 2018<\/del> 27 de abril de 2018.<\/strong><br \/>\n&#8211; Submiss\u00e3o da vers\u00e3o definitiva do resumo estendido e inscri\u00e7\u00e3o para o evento: <strong><del>at\u00e9 30 de abril de 2018<\/del> at\u00e9 07 de maio de 2018.<\/strong><\/p>\n<h2><span style=\"color: #519660;\"><strong>Sobre o evento<\/strong><\/span><\/h2>\n<p align=\"justify\">A edi\u00e7\u00e3o de 2018 do Congresso da Sociedade Brasileira de Computa\u00e7\u00e3o (CSBC) tem o objetivo de aproximar a comunidade brasileira de pesquisadores, estudantes e profissionais da \u00e1rea de computa\u00e7\u00e3o em torno do tema #Computa\u00e7\u00e3oeSustentabilidade. Promover sustentabilidade \u00e9 antes de mais nada criar e manter condi\u00e7\u00f5es para que possamos avan\u00e7ar em harmonia com o meio ambiente. Em termos de avan\u00e7os tecnol\u00f3gicos, a Ci\u00eancia da Computa\u00e7\u00e3o usada em prol da sustentabilidade emerge como um campo interdisciplinar, no qual t\u00e9cnicas computacionais s\u00e3o usadas para possibilitar o desenvolvimento sustent\u00e1vel, e, desse modo, equilibrar as necessidades ambientais, econ\u00f4micas e sociais.<\/p>\n<p>O III Encontro de Teoria da Computa\u00e7\u00e3o (ETC 2018) \u00e9 um f\u00f3rum voltado para a grande \u00e1rea de Teoria da Computa\u00e7\u00e3o, sendo proposto por membros da Comiss\u00e3o Especial em Algoritmos, Combinat\u00f3ria e Otimiza\u00e7\u00e3o (CE-ACO), com objetivo de promover uma maior divulga\u00e7\u00e3o da \u00e1rea para a comunidade brasileira de computa\u00e7\u00e3o e afins, atrav\u00e9s do principal evento da SBC, o XXXVIII CSBC.<\/p>\n<p>Este evento \u00e9 voltado para os alunos em forma\u00e7\u00e3o, mas tamb\u00e9m visando proporcionar uma maior integra\u00e7\u00e3o entre os pesquisadores e profissionais que atuam na mesma, seja com enfoque em teoria pura ou em aplica\u00e7\u00f5es, estimulando a discuss\u00e3o da import\u00e2ncia dos fundamentos da computa\u00e7\u00e3o e sua aplica\u00e7\u00e3o direta no entendimento e resolu\u00e7\u00e3o de problemas das mais diversas \u00e1reas e segmentos de mercado.<\/p>\n<p>Convidamos a comunidade a compartilhar resultados de pesquisa por meio da submiss\u00e3o de resumos estendidos de no m\u00e1ximo 4 (quatro) p\u00e1ginas, seguindo o modelo de artigo da SBC (feito em latex preferencialmente, ou doc, mas, submetendo o pdf do artigo), abrangendo tanto pesquisas em n\u00edvel de p\u00f3s-gradua\u00e7\u00e3o como tamb\u00e9m inicia\u00e7\u00e3o cient\u00edfica na gradua\u00e7\u00e3o.<\/p>\n<p>Para mais detalhes, veja a chamada completa em <a href=\"http:\/\/www4.sbc.org.br\/csbc2018\/wp-content\/uploads\/2018\/03\/III-ETC_v2-1.pdf\" target=\"_blank\" rel=\"noopener\">PDF<\/a>.<\/p>\n<p>&nbsp;<\/p>\n<h2><span style=\"color: #519660;\"><strong>Programa\u00e7\u00e3o<\/strong><\/span><\/h2>\n<p>Programa\u00e7\u00e3o em <a href=\"http:\/\/www4.sbc.org.br\/csbc2018\/wp-content\/uploads\/2018\/07\/IIIETC-Programac\u0327a\u0303o.pdf\">PDF<\/a>.<\/p>\n<p>&nbsp;<\/p>\n<p><img loading=\"lazy\" decoding=\"async\" class=\"size-smartschool_large_image wp-image-1321 alignleft\" src=\"http:\/\/www4.sbc.org.br\/csbc2018\/wp-content\/uploads\/2018\/07\/Captura-de-Tela-2018-07-20-a\u0300s-19.02.12-770x678.png\" alt=\"\" width=\"770\" height=\"678\" srcset=\"https:\/\/www4.sbc.org.br\/csbc2018\/wp-content\/uploads\/2018\/07\/Captura-de-Tela-2018-07-20-a\u0300s-19.02.12-770x678.png 770w, https:\/\/www4.sbc.org.br\/csbc2018\/wp-content\/uploads\/2018\/07\/Captura-de-Tela-2018-07-20-a\u0300s-19.02.12-300x264.png 300w, https:\/\/www4.sbc.org.br\/csbc2018\/wp-content\/uploads\/2018\/07\/Captura-de-Tela-2018-07-20-a\u0300s-19.02.12-768x676.png 768w, https:\/\/www4.sbc.org.br\/csbc2018\/wp-content\/uploads\/2018\/07\/Captura-de-Tela-2018-07-20-a\u0300s-19.02.12.png 853w\" sizes=\"auto, (max-width: 770px) 100vw, 770px\" \/> <img loading=\"lazy\" decoding=\"async\" class=\"size-smartschool_large_image wp-image-1320 alignleft\" src=\"http:\/\/www4.sbc.org.br\/csbc2018\/wp-content\/uploads\/2018\/07\/Captura-de-Tela-2018-07-20-a\u0300s-19.02.18-770x154.png\" alt=\"\" width=\"770\" height=\"154\" srcset=\"https:\/\/www4.sbc.org.br\/csbc2018\/wp-content\/uploads\/2018\/07\/Captura-de-Tela-2018-07-20-a\u0300s-19.02.18-770x154.png 770w, https:\/\/www4.sbc.org.br\/csbc2018\/wp-content\/uploads\/2018\/07\/Captura-de-Tela-2018-07-20-a\u0300s-19.02.18-300x60.png 300w, https:\/\/www4.sbc.org.br\/csbc2018\/wp-content\/uploads\/2018\/07\/Captura-de-Tela-2018-07-20-a\u0300s-19.02.18-768x154.png 768w, https:\/\/www4.sbc.org.br\/csbc2018\/wp-content\/uploads\/2018\/07\/Captura-de-Tela-2018-07-20-a\u0300s-19.02.18.png 853w\" sizes=\"auto, (max-width: 770px) 100vw, 770px\" \/> <img loading=\"lazy\" decoding=\"async\" class=\"size-smartschool_large_image wp-image-1319 alignleft\" src=\"http:\/\/www4.sbc.org.br\/csbc2018\/wp-content\/uploads\/2018\/07\/Captura-de-Tela-2018-07-20-a\u0300s-19.02.27-770x535.png\" alt=\"\" width=\"770\" height=\"535\" srcset=\"https:\/\/www4.sbc.org.br\/csbc2018\/wp-content\/uploads\/2018\/07\/Captura-de-Tela-2018-07-20-a\u0300s-19.02.27-770x535.png 770w, https:\/\/www4.sbc.org.br\/csbc2018\/wp-content\/uploads\/2018\/07\/Captura-de-Tela-2018-07-20-a\u0300s-19.02.27-300x209.png 300w, https:\/\/www4.sbc.org.br\/csbc2018\/wp-content\/uploads\/2018\/07\/Captura-de-Tela-2018-07-20-a\u0300s-19.02.27-768x534.png 768w, https:\/\/www4.sbc.org.br\/csbc2018\/wp-content\/uploads\/2018\/07\/Captura-de-Tela-2018-07-20-a\u0300s-19.02.27.png 853w\" sizes=\"auto, (max-width: 770px) 100vw, 770px\" \/> <img loading=\"lazy\" decoding=\"async\" class=\"size-smartschool_large_image wp-image-1318 alignleft\" src=\"http:\/\/www4.sbc.org.br\/csbc2018\/wp-content\/uploads\/2018\/07\/Captura-de-Tela-2018-07-20-a\u0300s-19.02.32-770x444.png\" alt=\"\" width=\"770\" height=\"444\" srcset=\"https:\/\/www4.sbc.org.br\/csbc2018\/wp-content\/uploads\/2018\/07\/Captura-de-Tela-2018-07-20-a\u0300s-19.02.32-770x444.png 770w, https:\/\/www4.sbc.org.br\/csbc2018\/wp-content\/uploads\/2018\/07\/Captura-de-Tela-2018-07-20-a\u0300s-19.02.32-300x173.png 300w, https:\/\/www4.sbc.org.br\/csbc2018\/wp-content\/uploads\/2018\/07\/Captura-de-Tela-2018-07-20-a\u0300s-19.02.32-768x443.png 768w, https:\/\/www4.sbc.org.br\/csbc2018\/wp-content\/uploads\/2018\/07\/Captura-de-Tela-2018-07-20-a\u0300s-19.02.32.png 855w\" sizes=\"auto, (max-width: 770px) 100vw, 770px\" \/> <img loading=\"lazy\" decoding=\"async\" class=\"size-smartschool_large_image wp-image-1317 alignleft\" src=\"http:\/\/www4.sbc.org.br\/csbc2018\/wp-content\/uploads\/2018\/07\/Captura-de-Tela-2018-07-20-a\u0300s-19.02.38-770x606.png\" alt=\"\" width=\"770\" height=\"606\" srcset=\"https:\/\/www4.sbc.org.br\/csbc2018\/wp-content\/uploads\/2018\/07\/Captura-de-Tela-2018-07-20-a\u0300s-19.02.38-770x606.png 770w, https:\/\/www4.sbc.org.br\/csbc2018\/wp-content\/uploads\/2018\/07\/Captura-de-Tela-2018-07-20-a\u0300s-19.02.38-300x236.png 300w, https:\/\/www4.sbc.org.br\/csbc2018\/wp-content\/uploads\/2018\/07\/Captura-de-Tela-2018-07-20-a\u0300s-19.02.38-768x605.png 768w, https:\/\/www4.sbc.org.br\/csbc2018\/wp-content\/uploads\/2018\/07\/Captura-de-Tela-2018-07-20-a\u0300s-19.02.38.png 852w\" sizes=\"auto, (max-width: 770px) 100vw, 770px\" \/> <img loading=\"lazy\" decoding=\"async\" class=\"size-smartschool_large_image wp-image-1316 alignleft\" src=\"http:\/\/www4.sbc.org.br\/csbc2018\/wp-content\/uploads\/2018\/07\/Captura-de-Tela-2018-07-20-a\u0300s-19.02.43-770x473.png\" alt=\"\" width=\"770\" height=\"473\" srcset=\"https:\/\/www4.sbc.org.br\/csbc2018\/wp-content\/uploads\/2018\/07\/Captura-de-Tela-2018-07-20-a\u0300s-19.02.43-770x473.png 770w, https:\/\/www4.sbc.org.br\/csbc2018\/wp-content\/uploads\/2018\/07\/Captura-de-Tela-2018-07-20-a\u0300s-19.02.43-300x184.png 300w, https:\/\/www4.sbc.org.br\/csbc2018\/wp-content\/uploads\/2018\/07\/Captura-de-Tela-2018-07-20-a\u0300s-19.02.43-768x472.png 768w, https:\/\/www4.sbc.org.br\/csbc2018\/wp-content\/uploads\/2018\/07\/Captura-de-Tela-2018-07-20-a\u0300s-19.02.43.png 853w\" sizes=\"auto, (max-width: 770px) 100vw, 770px\" \/> <img loading=\"lazy\" decoding=\"async\" class=\"size-smartschool_large_image wp-image-1315 alignleft\" src=\"http:\/\/www4.sbc.org.br\/csbc2018\/wp-content\/uploads\/2018\/07\/Captura-de-Tela-2018-07-20-a\u0300s-19.02.50-770x218.png\" alt=\"\" width=\"770\" height=\"218\" srcset=\"https:\/\/www4.sbc.org.br\/csbc2018\/wp-content\/uploads\/2018\/07\/Captura-de-Tela-2018-07-20-a\u0300s-19.02.50-770x218.png 770w, https:\/\/www4.sbc.org.br\/csbc2018\/wp-content\/uploads\/2018\/07\/Captura-de-Tela-2018-07-20-a\u0300s-19.02.50-300x85.png 300w, https:\/\/www4.sbc.org.br\/csbc2018\/wp-content\/uploads\/2018\/07\/Captura-de-Tela-2018-07-20-a\u0300s-19.02.50-768x217.png 768w, https:\/\/www4.sbc.org.br\/csbc2018\/wp-content\/uploads\/2018\/07\/Captura-de-Tela-2018-07-20-a\u0300s-19.02.50.png 849w\" sizes=\"auto, (max-width: 770px) 100vw, 770px\" \/> <img loading=\"lazy\" decoding=\"async\" class=\"size-smartschool_large_image wp-image-1314 alignleft\" src=\"http:\/\/www4.sbc.org.br\/csbc2018\/wp-content\/uploads\/2018\/07\/Captura-de-Tela-2018-07-20-a\u0300s-19.03.02-770x447.png\" alt=\"\" width=\"770\" height=\"447\" srcset=\"https:\/\/www4.sbc.org.br\/csbc2018\/wp-content\/uploads\/2018\/07\/Captura-de-Tela-2018-07-20-a\u0300s-19.03.02-770x447.png 770w, https:\/\/www4.sbc.org.br\/csbc2018\/wp-content\/uploads\/2018\/07\/Captura-de-Tela-2018-07-20-a\u0300s-19.03.02-300x174.png 300w, https:\/\/www4.sbc.org.br\/csbc2018\/wp-content\/uploads\/2018\/07\/Captura-de-Tela-2018-07-20-a\u0300s-19.03.02-768x446.png 768w, https:\/\/www4.sbc.org.br\/csbc2018\/wp-content\/uploads\/2018\/07\/Captura-de-Tela-2018-07-20-a\u0300s-19.03.02.png 853w\" sizes=\"auto, (max-width: 770px) 100vw, 770px\" \/> <img loading=\"lazy\" decoding=\"async\" class=\"size-smartschool_large_image wp-image-1313 alignleft\" src=\"http:\/\/www4.sbc.org.br\/csbc2018\/wp-content\/uploads\/2018\/07\/Captura-de-Tela-2018-07-20-a\u0300s-19.03.08-770x354.png\" alt=\"\" width=\"770\" height=\"354\" srcset=\"https:\/\/www4.sbc.org.br\/csbc2018\/wp-content\/uploads\/2018\/07\/Captura-de-Tela-2018-07-20-a\u0300s-19.03.08-770x354.png 770w, https:\/\/www4.sbc.org.br\/csbc2018\/wp-content\/uploads\/2018\/07\/Captura-de-Tela-2018-07-20-a\u0300s-19.03.08-300x138.png 300w, https:\/\/www4.sbc.org.br\/csbc2018\/wp-content\/uploads\/2018\/07\/Captura-de-Tela-2018-07-20-a\u0300s-19.03.08-768x353.png 768w, https:\/\/www4.sbc.org.br\/csbc2018\/wp-content\/uploads\/2018\/07\/Captura-de-Tela-2018-07-20-a\u0300s-19.03.08.png 852w\" sizes=\"auto, (max-width: 770px) 100vw, 770px\" \/> <img loading=\"lazy\" decoding=\"async\" class=\"size-smartschool_large_image wp-image-1312 alignleft\" src=\"http:\/\/www4.sbc.org.br\/csbc2018\/wp-content\/uploads\/2018\/07\/Captura-de-Tela-2018-07-20-a\u0300s-19.03.14-770x96.png\" alt=\"\" width=\"770\" height=\"96\" srcset=\"https:\/\/www4.sbc.org.br\/csbc2018\/wp-content\/uploads\/2018\/07\/Captura-de-Tela-2018-07-20-a\u0300s-19.03.14-770x96.png 770w, https:\/\/www4.sbc.org.br\/csbc2018\/wp-content\/uploads\/2018\/07\/Captura-de-Tela-2018-07-20-a\u0300s-19.03.14-300x37.png 300w, https:\/\/www4.sbc.org.br\/csbc2018\/wp-content\/uploads\/2018\/07\/Captura-de-Tela-2018-07-20-a\u0300s-19.03.14-768x95.png 768w, https:\/\/www4.sbc.org.br\/csbc2018\/wp-content\/uploads\/2018\/07\/Captura-de-Tela-2018-07-20-a\u0300s-19.03.14.png 854w\" sizes=\"auto, (max-width: 770px) 100vw, 770px\" \/><\/p>\n<h2><\/h2>\n<p>&nbsp;<\/p>\n<p>&nbsp;<\/p>\n<p>&nbsp;<\/p>\n<p>&nbsp;<\/p>\n<p>&nbsp;<\/p>\n<p>&nbsp;<\/p>\n<p>&nbsp;<\/p>\n<p>&nbsp;<\/p>\n<p>&nbsp;<\/p>\n<p>&nbsp;<\/p>\n<p>&nbsp;<\/p>\n<p>&nbsp;<\/p>\n<p>&nbsp;<\/p>\n<p>&nbsp;<\/p>\n<p>&nbsp;<\/p>\n<p>&nbsp;<\/p>\n<p>&nbsp;<\/p>\n<p>&nbsp;<\/p>\n<p>&nbsp;<\/p>\n<p>&nbsp;<\/p>\n<p>&nbsp;<\/p>\n<p>&nbsp;<\/p>\n<p>&nbsp;<\/p>\n<p>&nbsp;<\/p>\n<p>&nbsp;<\/p>\n<p>&nbsp;<\/p>\n<p>&nbsp;<\/p>\n<p>&nbsp;<\/p>\n<p>&nbsp;<\/p>\n<p>&nbsp;<\/p>\n<p>&nbsp;<\/p>\n<p>&nbsp;<\/p>\n<p>&nbsp;<\/p>\n<p>&nbsp;<\/p>\n<p>&nbsp;<\/p>\n<p>&nbsp;<\/p>\n<p>&nbsp;<\/p>\n<p>&nbsp;<\/p>\n<p>&nbsp;<\/p>\n<p>&nbsp;<\/p>\n<p>&nbsp;<\/p>\n<p>&nbsp;<\/p>\n<p>&nbsp;<\/p>\n<p>&nbsp;<\/p>\n<p>&nbsp;<\/p>\n<p>&nbsp;<\/p>\n<p>&nbsp;<\/p>\n<p>&nbsp;<\/p>\n<p>&nbsp;<\/p>\n<p>&nbsp;<\/p>\n<p>&nbsp;<\/p>\n<p>&nbsp;<\/p>\n<p>&nbsp;<\/p>\n<p>&nbsp;<\/p>\n<p>&nbsp;<\/p>\n<p>&nbsp;<\/p>\n<p>&nbsp;<\/p>\n<p>&nbsp;<\/p>\n<p>&nbsp;<\/p>\n<p>&nbsp;<\/p>\n<p>&nbsp;<\/p>\n<p>&nbsp;<\/p>\n<p>&nbsp;<\/p>\n<p>&nbsp;<\/p>\n<p>&nbsp;<\/p>\n<p>&nbsp;<\/p>\n<p>&nbsp;<\/p>\n<p>&nbsp;<\/p>\n<p>&nbsp;<\/p>\n<p>&nbsp;<\/p>\n<p>&nbsp;<\/p>\n<p>&nbsp;<\/p>\n<p>&nbsp;<\/p>\n<p>&nbsp;<\/p>\n<p>&nbsp;<\/p>\n<p>&nbsp;<\/p>\n<p>&nbsp;<\/p>\n<p>&nbsp;<\/p>\n<p>&nbsp;<\/p>\n<p>&nbsp;<\/p>\n<p>&nbsp;<\/p>\n<p>&nbsp;<\/p>\n<p>&nbsp;<\/p>\n<p>&nbsp;<\/p>\n<p>&nbsp;<\/p>\n<p>&nbsp;<\/p>\n<p>&nbsp;<\/p>\n<p>&nbsp;<\/p>\n<p>&nbsp;<\/p>\n<p>&nbsp;<\/p>\n<p>&nbsp;<\/p>\n<p>&nbsp;<\/p>\n<p>&nbsp;<\/p>\n<p>&nbsp;<\/p>\n<p>&nbsp;<\/p>\n<p>&nbsp;<\/p>\n<p>&nbsp;<\/p>\n<p>&nbsp;<\/p>\n<p>&nbsp;<\/p>\n<p>&nbsp;<\/p>\n<p>&nbsp;<\/p>\n<p>&nbsp;<\/p>\n<p>&nbsp;<\/p>\n<h2><span style=\"color: #519660;\"><strong>Coordena\u00e7\u00e3o<\/strong><\/span><\/h2>\n<table style=\"height: 210 px;\" width=\"460\">\n<tbody>\n<tr>\n<td>&nbsp;<\/p>\n<p>&nbsp;<\/td>\n<td>\n<ul>\n<li>Cl\u00e1udia Linhares Sales<\/li>\n<li>UFC<\/li>\n<li>Coordena\u00e7\u00e3o Geral<\/li>\n<\/ul>\n<\/td>\n<\/tr>\n<tr>\n<td><span style=\"color: #ffffff;\">&#8230;<\/span><\/td>\n<td><\/td>\n<\/tr>\n<tr>\n<td><\/td>\n<td>\n<ul>\n<li>Rosiane de Freitas<\/li>\n<li>UFAM<\/li>\n<li>Coordena\u00e7\u00e3o Geral<\/li>\n<\/ul>\n<\/td>\n<\/tr>\n<tr>\n<td><span style=\"color: #ffffff;\">&#8230;<\/span><\/td>\n<td><\/td>\n<\/tr>\n<tr>\n<td><\/td>\n<td>\n<ul>\n<li>Francisco Chagas Lima Jr<\/li>\n<li>UERN<\/li>\n<li>Coordena\u00e7\u00e3o Local<\/li>\n<\/ul>\n<\/td>\n<\/tr>\n<\/tbody>\n<\/table>\n<p>&nbsp;<\/p>\n","protected":false},"excerpt":{"rendered":"<p>3\u00ba ENCONTRO DE TEORIA DA COMPUTA\u00c7\u00c3O (ETC) &nbsp; Datas importantes &#8211; Submiss\u00e3o do resumo estendido: at\u00e9\u00a015 de mar\u00e7o de 2018 \u00a026 de mar\u00e7o de 2018 02 de abril de 2018. &#8230;<\/p>\n","protected":false},"author":3,"featured_media":0,"parent":0,"menu_order":0,"comment_status":"closed","ping_status":"closed","template":"content-fullwidth.php","meta":{"footnotes":""},"class_list":["post-343","page","type-page","status-publish","hentry"],"_links":{"self":[{"href":"https:\/\/www4.sbc.org.br\/csbc2018\/index.php?rest_route=\/wp\/v2\/pages\/343","targetHints":{"allow":["GET"]}}],"collection":[{"href":"https:\/\/www4.sbc.org.br\/csbc2018\/index.php?rest_route=\/wp\/v2\/pages"}],"about":[{"href":"https:\/\/www4.sbc.org.br\/csbc2018\/index.php?rest_route=\/wp\/v2\/types\/page"}],"author":[{"embeddable":true,"href":"https:\/\/www4.sbc.org.br\/csbc2018\/index.php?rest_route=\/wp\/v2\/users\/3"}],"replies":[{"embeddable":true,"href":"https:\/\/www4.sbc.org.br\/csbc2018\/index.php?rest_route=%2Fwp%2Fv2%2Fcomments&post=343"}],"version-history":[{"count":13,"href":"https:\/\/www4.sbc.org.br\/csbc2018\/index.php?rest_route=\/wp\/v2\/pages\/343\/revisions"}],"predecessor-version":[{"id":1322,"href":"https:\/\/www4.sbc.org.br\/csbc2018\/index.php?rest_route=\/wp\/v2\/pages\/343\/revisions\/1322"}],"wp:attachment":[{"href":"https:\/\/www4.sbc.org.br\/csbc2018\/index.php?rest_route=%2Fwp%2Fv2%2Fmedia&parent=343"}],"curies":[{"name":"wp","href":"https:\/\/api.w.org\/{rel}","templated":true}]}}