{"id":334,"date":"2018-01-04T15:32:05","date_gmt":"2018-01-04T18:32:05","guid":{"rendered":"http:\/\/www4.sbc.org.br\/csbc2018\/?page_id=334"},"modified":"2018-07-23T23:38:55","modified_gmt":"2018-07-24T02:38:55","slug":"5o-wpietf","status":"publish","type":"page","link":"https:\/\/www4.sbc.org.br\/csbc2018\/?page_id=334","title":{"rendered":"5\u00ba WPIETF"},"content":{"rendered":"<h1><span style=\"color: #519660;\"><strong>5\u00ba Workshop Pr\u00e9-IETF (WPIETF)<\/strong><\/span><\/h1>\n<p>&nbsp;<\/p>\n<h2><span style=\"color: #519660;\"><strong>Datas importantes<\/strong><\/span><\/h2>\n<p>&#8211; Prazo de submiss\u00e3o: <span style=\"text-decoration: line-through;\">12\/03\/2018<\/span>\u00a0 <strong>\u00a0<\/strong><del>01\/04\/2018<\/del>\u00a0 <strong>30\/04\/2018<\/strong><br \/>\n&#8211; Notifica\u00e7\u00e3o de aceita\u00e7\u00e3o: <span style=\"text-decoration: line-through;\">29\/03\/2018 <\/span>\u00a01<del>2\/04\/2018<\/del>\u00a0 <strong>07\/05\/2018<\/strong><br \/>\n&#8211; Data limite para vers\u00e3o final:\u00a0<span style=\"text-decoration: line-through;\">12\/04\/2018<\/span> <del>16\/04\/2018<\/del>\u00a0 <strong>14\/05\/2018<\/strong><\/p>\n<h2><span style=\"color: #519660;\"><strong>Sobre o evento<\/strong><\/span><\/h2>\n<p align=\"justify\">O WPIETF 2018 O Workshop Pr\u00e9-IETF (WPIETF) \u00e9 um evento anual que possui como principal objetivo o fomento e a expans\u00e3o da presen\u00e7a do Internet Engineering Task Force (IETF) na Am\u00e9rica Latina. O IETF, juntamente com seu bra\u00e7o de pesquisa formado pelo Internet Research Task Force (IRTF), formam uma comunidade internacional de pessoas interessadas em produzir padr\u00f5es para Internet. Criado em 2014 pelo grupo IETF-LAC, o workshop se caracteriza como um f\u00f3rum t\u00e9cnico-cient\u00edfico para que a ambienta\u00e7\u00e3o de t\u00e9cnicos, estudantes e pesquisadores fossem apresentadas ao IETF.<br \/>\nO car\u00e1ter do WPIETF implica em oferecer um evento com sess\u00f5es t\u00e9cnicas, palestras, minicursos e oficinas pr\u00e1ticas a respeito de t\u00f3picos atuais e relevantes na \u00e1rea de redes de computadores. Os artigos submetidos passam preliminarmente por uma fase de submiss\u00f5es e posterior julgamento. Aqueles artigos com as melhores qualifica\u00e7\u00f5es ser\u00e3o selecionados para compor os anais e para apresenta\u00e7\u00e3o no evento.<br \/>\nA quinta edi\u00e7\u00e3o do WPIETF ser\u00e1 realizada durante o XXXVIII Congresso da Sociedade Brasileira de Computa\u00e7\u00e3o (CSBC 2018), em Natal, de 22 a 26 de julho de 2018, sob a responsabilidade da Universidade do Estado do Rio Grande do Norte (UERN).<\/p>\n<h2><span style=\"color: #519660;\"><strong>Premia\u00e7\u00e3o<\/strong><\/span><\/h2>\n<div>Nessa edi\u00e7\u00e3o do V Pr\u00e9-IETF, atrav\u00e9s do apoio da Huawei, o melhor trabalho apresentado ser\u00e1 contemplado com uma viagem para participar da reuni\u00e3o 103 do IETF entre os dias 3 a 9 de novembro de 2018 em Bangkok na Tail\u00e2ndia.<\/div>\n<div>\n<p>O pr\u00eamio ser\u00e1 dado a um \u00fanico autor, preferencialmente ao primeiro autor. Os benef\u00edcios ser\u00e3o:<\/p>\n<\/div>\n<div>\n<ul>\n<li style=\"list-style-type: none;\">\n<ul>\n<li>Passagem a\u00e9rea<\/li>\n<li>Inscri\u00e7\u00e3o no Evento<\/li>\n<li>Hospedagem<\/li>\n<\/ul>\n<\/li>\n<\/ul>\n<p>Os trabalhos ser\u00e3o avaliados pelo comit\u00ea permanente. O principal crit\u00e9rios para sele\u00e7\u00e3o de melhor trabalho, al\u00e9m do rigor cient\u00edfico e contribui\u00e7\u00f5es, ser\u00e1 a potencialidade do trabalho vir a ser integrado ao IETF como um draft e posteriormente uma RFC.<\/p>\n<\/div>\n<p>Para mais detalhes, veja a chamada completa\u00a0<a href=\"http:\/\/wpietf.sbc.org.br\" target=\"_blank\" rel=\"noopener\">[aqui]<\/a>.<\/p>\n<h2><span style=\"color: #519660;\"><strong>Programa\u00e7\u00e3o<\/strong><\/span><\/h2>\n<p><img loading=\"lazy\" decoding=\"async\" class=\"alignnone wp-image-1350 size-smartschool_large_image\" src=\"http:\/\/www4.sbc.org.br\/csbc2018\/wp-content\/uploads\/2018\/07\/Captura-de-Tela-2018-07-23-a\u0300s-23.37.39-770x556.png\" alt=\"\" width=\"770\" height=\"556\" srcset=\"https:\/\/www4.sbc.org.br\/csbc2018\/wp-content\/uploads\/2018\/07\/Captura-de-Tela-2018-07-23-a\u0300s-23.37.39-770x556.png 770w, https:\/\/www4.sbc.org.br\/csbc2018\/wp-content\/uploads\/2018\/07\/Captura-de-Tela-2018-07-23-a\u0300s-23.37.39-300x217.png 300w, https:\/\/www4.sbc.org.br\/csbc2018\/wp-content\/uploads\/2018\/07\/Captura-de-Tela-2018-07-23-a\u0300s-23.37.39-768x555.png 768w, https:\/\/www4.sbc.org.br\/csbc2018\/wp-content\/uploads\/2018\/07\/Captura-de-Tela-2018-07-23-a\u0300s-23.37.39.png 950w\" sizes=\"auto, (max-width: 770px) 100vw, 770px\" \/><\/p>\n<p>&nbsp;<\/p>\n<h2><span style=\"color: #519660;\"><strong>Coordena\u00e7\u00e3o<\/strong><\/span><\/h2>\n<table style=\"height: 210 px;\" width=\"460\">\n<tbody>\n<tr>\n<td><\/td>\n<td>\n<ul>\n<li>Marcelo Anderson Batista<\/li>\n<li>IF Sert\u00e3o-PE<\/li>\n<li>Coordena\u00e7\u00e3o Geral<\/li>\n<li>e-mail:\u00a0<u>marcelo.santos@ifsertao-pe.edu.br<\/u><\/li>\n<\/ul>\n<\/td>\n<\/tr>\n<tr>\n<td><span style=\"color: #ffffff;\">&#8230;<\/span><\/td>\n<td><\/td>\n<\/tr>\n<tr>\n<td><\/td>\n<td>\n<ul>\n<li>Patricia Takako Endo<\/li>\n<li>UPE<\/li>\n<li>Coordena\u00e7\u00e3o Geral<\/li>\n<li>e-mail:\u00a0<u>patricia.endo@upe.br<\/u><\/li>\n<\/ul>\n<\/td>\n<\/tr>\n<tr>\n<td><span style=\"color: #ffffff;\">&#8230;<\/span><\/td>\n<td><\/td>\n<\/tr>\n<tr>\n<td><\/td>\n<td>\n<ul>\n<li>Iria Cosme<\/li>\n<li>IFRN<\/li>\n<li>Coordena\u00e7\u00e3o Local<\/li>\n<li>e-mail:\u00a0<u>iria.cosme@ifrn.edu.br<\/u><\/li>\n<\/ul>\n<\/td>\n<\/tr>\n<\/tbody>\n<\/table>\n<p>&nbsp;<\/p>\n","protected":false},"excerpt":{"rendered":"<p>5\u00ba Workshop Pr\u00e9-IETF (WPIETF) &nbsp; Datas importantes &#8211; Prazo de submiss\u00e3o: 12\/03\/2018\u00a0 \u00a001\/04\/2018\u00a0 30\/04\/2018 &#8211; Notifica\u00e7\u00e3o de aceita\u00e7\u00e3o: 29\/03\/2018 \u00a012\/04\/2018\u00a0 07\/05\/2018 &#8211; Data limite para vers\u00e3o final:\u00a012\/04\/2018 16\/04\/2018\u00a0 14\/05\/2018 Sobre &#8230;<\/p>\n","protected":false},"author":3,"featured_media":0,"parent":0,"menu_order":0,"comment_status":"closed","ping_status":"closed","template":"content-fullwidth.php","meta":{"footnotes":""},"class_list":["post-334","page","type-page","status-publish","hentry"],"_links":{"self":[{"href":"https:\/\/www4.sbc.org.br\/csbc2018\/index.php?rest_route=\/wp\/v2\/pages\/334","targetHints":{"allow":["GET"]}}],"collection":[{"href":"https:\/\/www4.sbc.org.br\/csbc2018\/index.php?rest_route=\/wp\/v2\/pages"}],"about":[{"href":"https:\/\/www4.sbc.org.br\/csbc2018\/index.php?rest_route=\/wp\/v2\/types\/page"}],"author":[{"embeddable":true,"href":"https:\/\/www4.sbc.org.br\/csbc2018\/index.php?rest_route=\/wp\/v2\/users\/3"}],"replies":[{"embeddable":true,"href":"https:\/\/www4.sbc.org.br\/csbc2018\/index.php?rest_route=%2Fwp%2Fv2%2Fcomments&post=334"}],"version-history":[{"count":16,"href":"https:\/\/www4.sbc.org.br\/csbc2018\/index.php?rest_route=\/wp\/v2\/pages\/334\/revisions"}],"predecessor-version":[{"id":1351,"href":"https:\/\/www4.sbc.org.br\/csbc2018\/index.php?rest_route=\/wp\/v2\/pages\/334\/revisions\/1351"}],"wp:attachment":[{"href":"https:\/\/www4.sbc.org.br\/csbc2018\/index.php?rest_route=%2Fwp%2Fv2%2Fmedia&parent=334"}],"curies":[{"name":"wp","href":"https:\/\/api.w.org\/{rel}","templated":true}]}}