{"id":329,"date":"2018-01-03T20:45:51","date_gmt":"2018-01-03T23:45:51","guid":{"rendered":"http:\/\/www4.sbc.org.br\/csbc2018\/?page_id=329"},"modified":"2018-06-05T20:05:08","modified_gmt":"2018-06-05T23:05:08","slug":"19o-curso-de-qualidade","status":"publish","type":"page","link":"https:\/\/www4.sbc.org.br\/csbc2018\/?page_id=329","title":{"rendered":"19\u00ba CURSO DE QUALIDADE"},"content":{"rendered":"<h1><span style=\"color: #519660;\"><strong>19\u00ba Curso de Qualidade (CQ)<\/strong><\/span><\/h1>\n<p>&nbsp;<\/p>\n<h4><strong><span style=\"color: #008000;\">[Novidade 2018]<\/span>\u00a0\u00a0<\/strong>Para aqueles que podem\/desejam participar somente do Curso de Qualidade os valores de inscri\u00e7\u00e3o s\u00e3o diferenciados\/reduzidos.<\/h4>\n<p>&nbsp;<\/p>\n<h2><span style=\"color: #519660;\"><strong>Sobre o evento<\/strong><\/span><\/h2>\n<p align=\"justify\">O Curso de Qualidade no Ensino da Computa\u00e7\u00e3o \u00e9 um evento realizado pela Comiss\u00e3o de Educa\u00e7\u00e3o da Sociedade Brasileira de Computa\u00e7\u00e3o (SBC) com o objetivo de discutir temas relacionados a Curr\u00edculo e Processos Formativos na \u00c1rea da Computa\u00e7\u00e3o; Diretrizes e Referenciais Curriculares; Projetos Pedag\u00f3gicos de Curso; Processo e Metodologias de Ensino e Aprendizagem; Tecnologias Educacionais; Novo Instrumento de Avalia\u00e7\u00e3o do MEC\/INEP, entre outros. O p\u00fablico alvo do evento \u00e9 a comunidade acad\u00eamica representada principalmente pelos <strong>professores, tutores e coordenadores de cursos da \u00c1rea de Computa\u00e7\u00e3o.<\/strong><\/p>\n<p align=\"justify\">A 19\u00aa edi\u00e7\u00e3o do Curso de Qualidade no Ensino da Computa\u00e7\u00e3o (CQ 2018) ser\u00e1 realizada no dia 22 de julho (domingo) como parte do XXXVIII Congresso da Sociedade Brasileira de Computa\u00e7\u00e3o (CSBC 2018) e ocorrer\u00e1 na cidade de Natal\/RN. A programa\u00e7\u00e3o estabelecida para o evento possibilita que os participantes do CQ possam participar tamb\u00e9m do 26\u00ba Workshop sobre Educa\u00e7\u00e3o em Computa\u00e7\u00e3o (WEI 2018) e demais eventos sat\u00e9lites do CSBC 2018 e interagir por mais tempo e proporcionar maior integra\u00e7\u00e3o do p\u00fablico interessado e atuante na Educa\u00e7\u00e3o em Computa\u00e7\u00e3o.<\/p>\n<p align=\"justify\">Durante o CQ 2018 ser\u00e3o abordados os <strong>Referenciais de Forma\u00e7\u00e3o para os Cursos de Gradua\u00e7\u00e3o em Computa\u00e7\u00e3o<\/strong> (RFs) elaborados pela SBC com base nas Diretrizes Curriculares Nacionais para Cursos de Gradua\u00e7\u00e3o na \u00c1rea da Computa\u00e7\u00e3o (DCNs). Para as apresenta\u00e7\u00f5es foram convidados representantes dos comit\u00eas que elaboraram os referenciais e ser\u00e3o realizadas discuss\u00f5es sobre a elabora\u00e7\u00e3o de Projetos Pedag\u00f3gicos de Cursos considerando as DCNs e os RFs. Constam tamb\u00e9m da programa\u00e7\u00e3o palestras sobre o <strong>Instrumento de Avalia\u00e7\u00e3o de Cursos de Gradua\u00e7\u00e3o do MEC\/INEP e sobre Curr\u00edculos e Projetos Pedag\u00f3gicos<\/strong>.<\/p>\n<p align=\"justify\">Assim, convidamos diretores, coordenadores, professores, tutores, pesquisadores e profissionais envolvidos com a forma\u00e7\u00e3o na \u00c1rea da Computa\u00e7\u00e3o para participar e congregar com todos aqueles que buscam mais qualidade na Educa\u00e7\u00e3o em Computa\u00e7\u00e3o.<\/p>\n<p align=\"justify\">Para mais detalhes, veja a chamada completa (<span style=\"color: #339966;\">programa\u00e7\u00e3o, lattes e perfis dos palestrantes<\/span>) em <a href=\"http:\/\/www4.sbc.org.br\/csbc2018\/wp-content\/uploads\/2018\/05\/CQ2018_chamada-de-participacao.pdf\" target=\"_blank\" rel=\"noopener\">PDF<\/a>.<\/p>\n<h2><span style=\"color: #519660;\"><strong>Programa\u00e7\u00e3o<\/strong><\/span><\/h2>\n<p><img loading=\"lazy\" decoding=\"async\" class=\"alignnone wp-image-1109\" src=\"http:\/\/www4.sbc.org.br\/csbc2018\/wp-content\/uploads\/2018\/05\/Captura-de-Tela-2018-05-22-a\u0300s-18.55.00.png\" alt=\"\" width=\"670\" height=\"855\" srcset=\"https:\/\/www4.sbc.org.br\/csbc2018\/wp-content\/uploads\/2018\/05\/Captura-de-Tela-2018-05-22-a\u0300s-18.55.00.png 573w, https:\/\/www4.sbc.org.br\/csbc2018\/wp-content\/uploads\/2018\/05\/Captura-de-Tela-2018-05-22-a\u0300s-18.55.00-235x300.png 235w\" sizes=\"auto, (max-width: 670px) 100vw, 670px\" \/><\/p>\n<p><a href=\"http:\/\/www4.sbc.org.br\/csbc2018\/?attachment_id=1133\"><img loading=\"lazy\" decoding=\"async\" class=\"alignnone wp-image-1133 \" src=\"http:\/\/www4.sbc.org.br\/csbc2018\/wp-content\/uploads\/2018\/06\/Captura-de-Tela-2018-06-05-a\u0300s-20.04.09.png\" class=\"large-image-popup\" title=\"19\u00ba CURSO DE QUALIDADE\" alt=\"\" width=\"673\" height=\"894\" srcset=\"https:\/\/www4.sbc.org.br\/csbc2018\/wp-content\/uploads\/2018\/06\/Captura-de-Tela-2018-06-05-a\u0300s-20.04.09.png 570w, https:\/\/www4.sbc.org.br\/csbc2018\/wp-content\/uploads\/2018\/06\/Captura-de-Tela-2018-06-05-a\u0300s-20.04.09-226x300.png 226w\" sizes=\"auto, (max-width: 673px) 100vw, 673px\" \/><\/a><\/p>\n<p>&nbsp;<\/p>\n<h2><span style=\"color: #519660;\"><strong>Coordena\u00e7\u00e3o<\/strong><\/span><\/h2>\n<table style=\"height: 210 px;\" width=\"460\">\n<tbody>\n<tr>\n<td><\/td>\n<td>\n<ul>\n<li>Prof Dr. Ronaldo Correia<\/li>\n<li>CEdu-UNESP<\/li>\n<li>Coordena\u00e7\u00e3o Geral<\/li>\n<li>e-mail:\u00a0<u>ronaldo@fct.unesp.br<\/u><\/li>\n<\/ul>\n<\/td>\n<\/tr>\n<tr>\n<td><span style=\"color: #ffffff;\">&#8230;<\/span><\/td>\n<td><\/td>\n<\/tr>\n<tr>\n<td><\/td>\n<td>\n<ul>\n<li>Prof. Dr. Alexandre Cidral<\/li>\n<li>Univille<\/li>\n<li>Coordena\u00e7\u00e3o Geral<\/li>\n<li>e-mail:\u00a0<u>alexandre.cidral@gmail.com<\/u><\/li>\n<\/ul>\n<\/td>\n<\/tr>\n<tr>\n<td><span style=\"color: #ffffff;\">&#8230;<\/span><\/td>\n<td><\/td>\n<\/tr>\n<tr>\n<td><\/td>\n<td>\n<ul>\n<li>Profa. Dra. Cicilia Maia<\/li>\n<li>UERN<\/li>\n<li>Coordena\u00e7\u00e3o Local<\/li>\n<li>e-mail:\u00a0<u>ciciliamaia@gmail.com<\/u><\/li>\n<\/ul>\n<\/td>\n<\/tr>\n<\/tbody>\n<\/table>\n<p>&nbsp;<\/p>\n","protected":false},"excerpt":{"rendered":"<p>19\u00ba Curso de Qualidade (CQ) &nbsp; [Novidade 2018]\u00a0\u00a0Para aqueles que podem\/desejam participar somente do Curso de Qualidade os valores de inscri\u00e7\u00e3o s\u00e3o diferenciados\/reduzidos. &nbsp; Sobre o evento O Curso de &#8230;<\/p>\n","protected":false},"author":3,"featured_media":0,"parent":0,"menu_order":0,"comment_status":"closed","ping_status":"closed","template":"content-fullwidth.php","meta":{"footnotes":""},"class_list":["post-329","page","type-page","status-publish","hentry"],"_links":{"self":[{"href":"https:\/\/www4.sbc.org.br\/csbc2018\/index.php?rest_route=\/wp\/v2\/pages\/329","targetHints":{"allow":["GET"]}}],"collection":[{"href":"https:\/\/www4.sbc.org.br\/csbc2018\/index.php?rest_route=\/wp\/v2\/pages"}],"about":[{"href":"https:\/\/www4.sbc.org.br\/csbc2018\/index.php?rest_route=\/wp\/v2\/types\/page"}],"author":[{"embeddable":true,"href":"https:\/\/www4.sbc.org.br\/csbc2018\/index.php?rest_route=\/wp\/v2\/users\/3"}],"replies":[{"embeddable":true,"href":"https:\/\/www4.sbc.org.br\/csbc2018\/index.php?rest_route=%2Fwp%2Fv2%2Fcomments&post=329"}],"version-history":[{"count":28,"href":"https:\/\/www4.sbc.org.br\/csbc2018\/index.php?rest_route=\/wp\/v2\/pages\/329\/revisions"}],"predecessor-version":[{"id":1134,"href":"https:\/\/www4.sbc.org.br\/csbc2018\/index.php?rest_route=\/wp\/v2\/pages\/329\/revisions\/1134"}],"wp:attachment":[{"href":"https:\/\/www4.sbc.org.br\/csbc2018\/index.php?rest_route=%2Fwp%2Fv2%2Fmedia&parent=329"}],"curies":[{"name":"wp","href":"https:\/\/api.w.org\/{rel}","templated":true}]}}