{"id":324,"date":"2017-12-28T10:39:52","date_gmt":"2017-12-28T13:39:52","guid":{"rendered":"http:\/\/www4.sbc.org.br\/csbc2018\/?page_id=324"},"modified":"2018-07-15T09:18:18","modified_gmt":"2018-07-15T12:18:18","slug":"44o-secomu","status":"publish","type":"page","link":"https:\/\/www4.sbc.org.br\/csbc2018\/?page_id=324","title":{"rendered":"48\u00ba SECOMU"},"content":{"rendered":"<h1><span style=\"color: #519660;\"><strong>48\u00ba SECOMU &#8211; Semin\u00e1rio de Computa\u00e7\u00e3o na Universidade (SECOMU 2018)<\/strong><\/span><\/h1>\n<p>&nbsp;<\/p>\n<h2><span style=\"color: #519660;\"><strong>Sobre o evento<\/strong><\/span><\/h2>\n<p align=\"justify\">O SECOMU &#8211; Semin\u00e1rio de Computa\u00e7\u00e3o na Universidade, evento que acontece desde 1971 (a partir de 1980 junto ao congresso da SBC), re\u00fane a comunidade acad\u00eamica de Computa\u00e7\u00e3o do Brasil para discutir temas pol\u00edtico-cient\u00edficos de interesse nacional.<\/p>\n<p>O SECOMU \u00e9 estruturado em torno de pain\u00e9is que re\u00fanem a comunidade de computa\u00e7\u00e3o para discutir temas de interesse nacional no quadro pol\u00edtico-cient\u00edfico- educacional no Brasil. Os pain\u00e9is s\u00e3o compostos por personalidades pol\u00edticas, acad\u00eamicos, representantes de ag\u00eancias de fomento, membros da ind\u00fastria e da sociedade em geral.<\/p>\n<p>Ao longo dos anos, os pain\u00e9is do SECOMU ajudaram a comunidade a construir suas posi\u00e7\u00f5es pol\u00edticas em temas de grande relev\u00e2ncia, contribuindo com solu\u00e7\u00f5es e estrat\u00e9gias para o desenvolvimento tecnol\u00f3gico brasileiro, com foco na Computa\u00e7\u00e3o.<\/p>\n<p>Em 2018, o SECOMU ser\u00e1 constitu\u00eddo por tr\u00eas pain\u00e9is e uma sess\u00e3o especial dedicada \u00e0 assembleia geral da SBC no dia 23\/07\/2018.<\/p>\n<h2><span style=\"color: #519660;\"><strong>Pain\u00e9is<\/strong><\/span><\/h2>\n<p>&nbsp;<\/p>\n<h4><strong>Painel 1. Outras Dimens\u00f5es para Avalia\u00e7\u00e3o da Pesquisa em Computa\u00e7\u00e3o &#8211; 23\/07\/2018<\/strong><\/h4>\n<p align=\"justify\">A Ci\u00eancia da Computa\u00e7\u00e3o \u00e9 uma disciplina que combina caracter\u00edsticas de Ci\u00eancia e Engenharia. Uma parte importante da pesquisa nesta disciplina envolve a produ\u00e7\u00e3o de artefatos tais como software, chips, etc. Na avalia\u00e7\u00e3o do impacto da pesquisa nesta \u00e1rea, estes artefatos s\u00e3o t\u00e3o importantes quanto publica\u00e7\u00f5es. De fato, estes artefatos s\u00e3o muitas vezes materializa\u00e7\u00f5es tang\u00edveis de ideias, al\u00e9m de permitirem a dissemina\u00e7\u00e3o e verifica\u00e7\u00e3o hip\u00f3teses cient\u00edficas. Embora as publica\u00e7\u00f5es ainda sejam necess\u00e1rias para descrever apropriadamente as contribui\u00e7\u00f5es da pesquisa, contextualizar o trabalho com trabalhos anteriores e apresentar resultados experimentais, os artefatos encapsulam informa\u00e7\u00e3o que muitas vezes n\u00e3o pode ser apresentada claramente nos artigos. Portanto, a avalia\u00e7\u00e3o da pesquisa na Ci\u00eancia da Computa\u00e7\u00e3o precisa se adaptar a estas especificidades. Limitar-se a publica\u00e7\u00f5es como base para demonstra\u00e7\u00e3o de realiza\u00e7\u00f5es acad\u00eamicas \u00e9 ignorar evid\u00eancias significativas das muitas contribui\u00e7\u00f5es da Ci\u00eancia e da Engenharia de Computa\u00e7\u00e3o para a sociedade. Obrigar os pesquisadores a serem avaliados por padr\u00f5es tradicionais praticados em outras \u00e1reas pode limitar suas carreiras e prejudicar indiretamente a \u00e1rea como um todo. Al\u00e9m disso, com o desenvolvimento das tecnologias digitais, a computa\u00e7\u00e3o tem um grande impacto social e econ\u00f4mico. Assim, um importante indicador de impacto s\u00e3o os avan\u00e7os que levam \u00e0 ado\u00e7\u00e3o de resultados de pesquisa pela ind\u00fastria e por \u00f3rg\u00e3os de regulamenta\u00e7\u00e3o e padroniza\u00e7\u00e3o. Observa\u00e7\u00f5es como estas est\u00e3o presentes em documentos sobre avalia\u00e7\u00e3o da pesquisa em Ci\u00eancia da Computa\u00e7\u00e3o publicados pela Computing Research Association e pela Informatics Europe. Processos de avalia\u00e7\u00e3o mais amplos t\u00eam sido propostos nos Estados Unidos e na Europa, como \u00e9 o caso das plataformas STAR e REF. No Brasil, embora a comunidade j\u00e1 tenha conseguido uma ineg\u00e1vel vit\u00f3ria na observa\u00e7\u00e3o das especificidades da \u00e1rea com a inclus\u00e3o de confer\u00eancias como ve\u00edculos importantes de publica\u00e7\u00e3o para avalia\u00e7\u00e3o da pesquisa, as quest\u00f5es acima ainda n\u00e3o foram abordadas propriamente. Neste painel, pretendemos discutir estas quest\u00f5es no contexto do Brasil, tanto para a avalia\u00e7\u00e3o de pesquisadores e grupos de pesquisa, quanto para programas de p\u00f3s-gradua\u00e7\u00e3o.<\/p>\n<p><strong>Moderador: <\/strong><em>Edmundo Souza e Silva (UFRJ<\/em><em>)<\/em><\/p>\n<p><strong>Painelistas<\/strong>: Jos\u00e9 Roberto Boisson de Marca (PUC-Rio); Edson Watanabe (UFRJ); Ant\u00f4nio Abel\u00e9m (UFPA).<\/p>\n<p>&nbsp;<\/p>\n<h4><strong>Painel 2. Tripla H\u00e9lice 2.0: Empresas Inovadoras, Capital de Risco e a Academia &#8211; 24\/07\/2018<\/strong><\/h4>\n<p align=\"justify\">Na \u00faltima d\u00e9cada, temos testemunhado no Brasil o surgimento de startups baseadas em tecnologia de informa\u00e7\u00e3o e que agora come\u00e7aram a se expandir e se consolidar, rivalizando no mercado brasileiro com seus cong\u00eaneres internacionais. Este cen\u00e1rio tem atra\u00eddo canais de investimento privado que, al\u00e9m do capital de risco, buscam tamb\u00e9m fomentar condi\u00e7\u00f5es institucionais para que os neg\u00f3cios inovadores tenham mais chance de sucesso. Estas empresas enfrentam neste momento o desafio de crescer e se desenvolver em um ambiente global altamente competitivo e \u00e1vido por novos mercados. Atualmente, muitos destes empreendedores e investidores entendem que um importante ingrediente para a competitividade \u00e9 a capacidade de desenvolver tecnologia de ponta derivada da pesquisa cient\u00edfica. De fato, \u00e9 isso que acontece em ecossistemas de pa\u00edses como Israel, Irlanda, \u00cdndia e China, bem como no exemplo can\u00f4nico do Vale do Sil\u00edcio americano. Neste painel, reuniremos empreendedores, investidores e acad\u00eamicos com intuito de discutir formas de colabora\u00e7\u00e3o entre startups nacionais de tecnologia de informa\u00e7\u00e3o e a comunidade de pesquisadores de Ci\u00eancia da Computa\u00e7\u00e3o, para que, com o apoio do capital de inova\u00e7\u00e3o, seja poss\u00edvel construir no Brasil ambientes de inova\u00e7\u00e3o globalmente competitivos, socialmente relevantes e cientificamente prof\u00edcuos.<\/p>\n<p><strong>Moderador: <\/strong><em>Edleno Silva de Moura (UFAM)<\/em><\/p>\n<p><strong>Painelistas<\/strong>: Nivio Ziviani (UFMG), Andr\u00e9 Ferraz (InLoco Midia); Victor Ribeiro (Investidor anjo); Carlo Dapuzzo (Monashees+).<\/p>\n<p>&nbsp;<\/p>\n<h4><strong>Painel 3. A Internet e a (p\u00f3s-)Verdade: Desafios e Oportunidades para a Pesquisa em<\/strong><br \/>\n<strong>Computa\u00e7\u00e3o &#8211; 26\/07\/2018<\/strong><\/h4>\n<p align=\"justify\">Um dos temas mais preocupantes e excitantes relacionado \u00e0 Ci\u00eancia da Computa\u00e7\u00e3o e \u00e0 Sociedade \u00e9 a influ\u00eancia e interfer\u00eancia dos sistemas de computa\u00e7\u00e3o e algoritmos nas intera\u00e7\u00f5es humanas em redes sociais. As d\u00favidas e questionamentos sobre as elei\u00e7\u00f5es no mundo ocidental, com a constata\u00e7\u00e3o de que perfis falsos foram usados em elei\u00e7\u00f5es recentes, o uso de sistemas de recomenda\u00e7\u00e3o moldando as opini\u00f5es dos usu\u00e1rios, restaurantes falsos ganhando pr\u00eamios em sites de avalia\u00e7\u00e3o s\u00e3o somente alguns dos primeiros efeitos da utiliza\u00e7\u00e3o massiva de t\u00e9cnicas computacionais no locus social mais popular do momento. Neste painel, pretendemos abordar estes temas do ponto de vista dos desafios e oportunidades colocados para a comunidade de pesquisadores em Computa\u00e7\u00e3o, em particular para os pesquisadores do Brasil, pa\u00eds que tem apresentado muitas peculiaridades not\u00e1veis em rela\u00e7\u00e3o ao uso e desenvolvimento de redes sociais. No painel ser\u00e3o discutidos t\u00f3picos extremamente atuais e instigantes, tais como: limites \u00e9ticos da Intelig\u00eancia Artificial, vi\u00e9ses em algoritmos, verifica\u00e7\u00e3o computacional de veracidade de fatos, detec\u00e7\u00e3o de spams, responsabilidade e Governan\u00e7a Digital, entre outros. Entre os debatedores estar\u00e3o pesquisadores da vanguarda internacional nestas tem\u00e1ticas de grande relev\u00e2ncia cient\u00edfica e com impactos sociais, culturais e econ\u00f4micos sobre toda humanidade.<\/p>\n<p><strong>Moderador: <\/strong><em>Luis Lamb (UFRGS)<\/em><\/p>\n<p><strong>Painelistas<\/strong>: Virgilio Almeida (UFMG), Dilma da Silva (Texas A&amp;M University), Claudio Pinhanez (IBM Research)<\/p>\n<p>Pain\u00e9is em <a href=\"http:\/\/www4.sbc.org.br\/csbc2018\/?attachment_id=1135\" target=\"_blank\" rel=\"attachment noopener wp-att-1135\">PDF<\/a>.<\/p>\n<p>&nbsp;<\/p>\n<h2><span style=\"color: #519660;\"><strong>Palestrantes<\/strong><\/span><\/h2>\n<p><img loading=\"lazy\" decoding=\"async\" class=\"alignnone size-full wp-image-1240\" src=\"http:\/\/www4.sbc.org.br\/csbc2018\/wp-content\/uploads\/2018\/07\/Captura-de-Tela-2018-07-07-a\u0300s-08.48.16.png\" alt=\"\" width=\"750\" height=\"645\" srcset=\"https:\/\/www4.sbc.org.br\/csbc2018\/wp-content\/uploads\/2018\/07\/Captura-de-Tela-2018-07-07-a\u0300s-08.48.16.png 750w, https:\/\/www4.sbc.org.br\/csbc2018\/wp-content\/uploads\/2018\/07\/Captura-de-Tela-2018-07-07-a\u0300s-08.48.16-300x258.png 300w\" sizes=\"auto, (max-width: 750px) 100vw, 750px\" \/> <img loading=\"lazy\" decoding=\"async\" class=\"alignnone size-full wp-image-1239\" src=\"http:\/\/www4.sbc.org.br\/csbc2018\/wp-content\/uploads\/2018\/07\/Captura-de-Tela-2018-07-07-a\u0300s-08.48.27.png\" alt=\"\" width=\"753\" height=\"365\" srcset=\"https:\/\/www4.sbc.org.br\/csbc2018\/wp-content\/uploads\/2018\/07\/Captura-de-Tela-2018-07-07-a\u0300s-08.48.27.png 753w, https:\/\/www4.sbc.org.br\/csbc2018\/wp-content\/uploads\/2018\/07\/Captura-de-Tela-2018-07-07-a\u0300s-08.48.27-300x145.png 300w\" sizes=\"auto, (max-width: 753px) 100vw, 753px\" \/> <img loading=\"lazy\" decoding=\"async\" class=\"alignnone size-full wp-image-1238\" src=\"http:\/\/www4.sbc.org.br\/csbc2018\/wp-content\/uploads\/2018\/07\/Captura-de-Tela-2018-07-07-a\u0300s-08.48.34.png\" alt=\"\" width=\"754\" height=\"436\" srcset=\"https:\/\/www4.sbc.org.br\/csbc2018\/wp-content\/uploads\/2018\/07\/Captura-de-Tela-2018-07-07-a\u0300s-08.48.34.png 754w, https:\/\/www4.sbc.org.br\/csbc2018\/wp-content\/uploads\/2018\/07\/Captura-de-Tela-2018-07-07-a\u0300s-08.48.34-300x173.png 300w\" sizes=\"auto, (max-width: 754px) 100vw, 754px\" \/> <img loading=\"lazy\" decoding=\"async\" class=\"alignnone size-full wp-image-1237\" src=\"http:\/\/www4.sbc.org.br\/csbc2018\/wp-content\/uploads\/2018\/07\/Captura-de-Tela-2018-07-07-a\u0300s-08.48.42.png\" alt=\"\" width=\"756\" height=\"545\" srcset=\"https:\/\/www4.sbc.org.br\/csbc2018\/wp-content\/uploads\/2018\/07\/Captura-de-Tela-2018-07-07-a\u0300s-08.48.42.png 756w, https:\/\/www4.sbc.org.br\/csbc2018\/wp-content\/uploads\/2018\/07\/Captura-de-Tela-2018-07-07-a\u0300s-08.48.42-300x216.png 300w\" sizes=\"auto, (max-width: 756px) 100vw, 756px\" \/> <img loading=\"lazy\" decoding=\"async\" class=\"alignnone size-full wp-image-1236\" src=\"http:\/\/www4.sbc.org.br\/csbc2018\/wp-content\/uploads\/2018\/07\/Captura-de-Tela-2018-07-07-a\u0300s-08.48.52.png\" alt=\"\" width=\"754\" height=\"502\" srcset=\"https:\/\/www4.sbc.org.br\/csbc2018\/wp-content\/uploads\/2018\/07\/Captura-de-Tela-2018-07-07-a\u0300s-08.48.52.png 754w, https:\/\/www4.sbc.org.br\/csbc2018\/wp-content\/uploads\/2018\/07\/Captura-de-Tela-2018-07-07-a\u0300s-08.48.52-300x200.png 300w\" sizes=\"auto, (max-width: 754px) 100vw, 754px\" \/> <img loading=\"lazy\" decoding=\"async\" class=\"alignnone wp-image-1241 \" src=\"http:\/\/www4.sbc.org.br\/csbc2018\/wp-content\/uploads\/2018\/07\/Captura-de-Tela-2018-07-07-a\u0300s-08.52.52-770x615.png\" alt=\"\" width=\"751\" height=\"600\" srcset=\"https:\/\/www4.sbc.org.br\/csbc2018\/wp-content\/uploads\/2018\/07\/Captura-de-Tela-2018-07-07-a\u0300s-08.52.52-770x615.png 770w, https:\/\/www4.sbc.org.br\/csbc2018\/wp-content\/uploads\/2018\/07\/Captura-de-Tela-2018-07-07-a\u0300s-08.52.52-300x239.png 300w, https:\/\/www4.sbc.org.br\/csbc2018\/wp-content\/uploads\/2018\/07\/Captura-de-Tela-2018-07-07-a\u0300s-08.52.52-768x613.png 768w, https:\/\/www4.sbc.org.br\/csbc2018\/wp-content\/uploads\/2018\/07\/Captura-de-Tela-2018-07-07-a\u0300s-08.52.52.png 961w\" sizes=\"auto, (max-width: 751px) 100vw, 751px\" \/> <img loading=\"lazy\" decoding=\"async\" class=\"alignnone size-full wp-image-1234\" src=\"http:\/\/www4.sbc.org.br\/csbc2018\/wp-content\/uploads\/2018\/07\/Captura-de-Tela-2018-07-07-a\u0300s-08.49.16.png\" alt=\"\" width=\"754\" height=\"317\" srcset=\"https:\/\/www4.sbc.org.br\/csbc2018\/wp-content\/uploads\/2018\/07\/Captura-de-Tela-2018-07-07-a\u0300s-08.49.16.png 754w, https:\/\/www4.sbc.org.br\/csbc2018\/wp-content\/uploads\/2018\/07\/Captura-de-Tela-2018-07-07-a\u0300s-08.49.16-300x126.png 300w\" sizes=\"auto, (max-width: 754px) 100vw, 754px\" \/> <img loading=\"lazy\" decoding=\"async\" class=\"alignnone size-full wp-image-1233\" src=\"http:\/\/www4.sbc.org.br\/csbc2018\/wp-content\/uploads\/2018\/07\/Captura-de-Tela-2018-07-07-a\u0300s-08.49.23.png\" alt=\"\" width=\"752\" height=\"274\" srcset=\"https:\/\/www4.sbc.org.br\/csbc2018\/wp-content\/uploads\/2018\/07\/Captura-de-Tela-2018-07-07-a\u0300s-08.49.23.png 752w, https:\/\/www4.sbc.org.br\/csbc2018\/wp-content\/uploads\/2018\/07\/Captura-de-Tela-2018-07-07-a\u0300s-08.49.23-300x109.png 300w\" sizes=\"auto, (max-width: 752px) 100vw, 752px\" \/> <img loading=\"lazy\" decoding=\"async\" class=\"alignnone size-full wp-image-1232\" src=\"http:\/\/www4.sbc.org.br\/csbc2018\/wp-content\/uploads\/2018\/07\/Captura-de-Tela-2018-07-07-a\u0300s-08.49.30.png\" alt=\"\" width=\"756\" height=\"239\" srcset=\"https:\/\/www4.sbc.org.br\/csbc2018\/wp-content\/uploads\/2018\/07\/Captura-de-Tela-2018-07-07-a\u0300s-08.49.30.png 756w, https:\/\/www4.sbc.org.br\/csbc2018\/wp-content\/uploads\/2018\/07\/Captura-de-Tela-2018-07-07-a\u0300s-08.49.30-300x95.png 300w\" sizes=\"auto, (max-width: 756px) 100vw, 756px\" \/><\/p>\n<p>&nbsp;<\/p>\n<p>&nbsp;<\/p>\n<h2><span style=\"color: #519660;\"><strong>Coordena\u00e7\u00e3o<\/strong><\/span><\/h2>\n<table style=\"height: 210 px;\" width=\"460\">\n<tbody>\n<tr>\n<td><\/td>\n<td>\n<ul>\n<li>Altigran Soares da Silva<\/li>\n<li>IComp\/UFAM<\/li>\n<li>Coordena\u00e7\u00e3o Geral<\/li>\n<\/ul>\n<\/td>\n<\/tr>\n<tr>\n<td><span style=\"color: #ffffff;\">&#8230;<\/span><\/td>\n<td><\/td>\n<\/tr>\n<tr>\n<td><\/td>\n<td>\n<ul>\n<li>Tayana Conte<\/li>\n<li>IComp\/UFAM<\/li>\n<li>Coordena\u00e7\u00e3o Geral<\/li>\n<\/ul>\n<\/td>\n<\/tr>\n<tr>\n<td><span style=\"color: #ffffff;\">&#8230;<\/span><\/td>\n<td><\/td>\n<\/tr>\n<tr>\n<td><\/td>\n<td>\n<ul>\n<li>Carlos Eduardo<\/li>\n<li>IMD-UFRN<\/li>\n<li>Coordena\u00e7\u00e3o Local<\/li>\n<\/ul>\n<\/td>\n<\/tr>\n<\/tbody>\n<\/table>\n<p>&nbsp;<\/p>\n","protected":false},"excerpt":{"rendered":"<p>48\u00ba SECOMU &#8211; Semin\u00e1rio de Computa\u00e7\u00e3o na Universidade (SECOMU 2018) &nbsp; Sobre o evento O SECOMU &#8211; Semin\u00e1rio de Computa\u00e7\u00e3o na Universidade, evento que acontece desde 1971 (a partir de &#8230;<\/p>\n","protected":false},"author":3,"featured_media":0,"parent":0,"menu_order":0,"comment_status":"closed","ping_status":"closed","template":"content-fullwidth.php","meta":{"footnotes":""},"class_list":["post-324","page","type-page","status-publish","hentry"],"_links":{"self":[{"href":"https:\/\/www4.sbc.org.br\/csbc2018\/index.php?rest_route=\/wp\/v2\/pages\/324","targetHints":{"allow":["GET"]}}],"collection":[{"href":"https:\/\/www4.sbc.org.br\/csbc2018\/index.php?rest_route=\/wp\/v2\/pages"}],"about":[{"href":"https:\/\/www4.sbc.org.br\/csbc2018\/index.php?rest_route=\/wp\/v2\/types\/page"}],"author":[{"embeddable":true,"href":"https:\/\/www4.sbc.org.br\/csbc2018\/index.php?rest_route=\/wp\/v2\/users\/3"}],"replies":[{"embeddable":true,"href":"https:\/\/www4.sbc.org.br\/csbc2018\/index.php?rest_route=%2Fwp%2Fv2%2Fcomments&post=324"}],"version-history":[{"count":10,"href":"https:\/\/www4.sbc.org.br\/csbc2018\/index.php?rest_route=\/wp\/v2\/pages\/324\/revisions"}],"predecessor-version":[{"id":1259,"href":"https:\/\/www4.sbc.org.br\/csbc2018\/index.php?rest_route=\/wp\/v2\/pages\/324\/revisions\/1259"}],"wp:attachment":[{"href":"https:\/\/www4.sbc.org.br\/csbc2018\/index.php?rest_route=%2Fwp%2Fv2%2Fmedia&parent=324"}],"curies":[{"name":"wp","href":"https:\/\/api.w.org\/{rel}","templated":true}]}}