{"id":308,"date":"2017-12-26T17:38:44","date_gmt":"2017-12-26T20:38:44","guid":{"rendered":"http:\/\/www4.sbc.org.br\/csbc2018\/?page_id=308"},"modified":"2018-07-21T10:27:20","modified_gmt":"2018-07-21T13:27:20","slug":"308-2","status":"publish","type":"page","link":"https:\/\/www4.sbc.org.br\/csbc2018\/?page_id=308","title":{"rendered":"45\u00ba SEMISH + Hackathon"},"content":{"rendered":"<h1><span style=\"color: #519660;\"><strong>45\u00ba Semin\u00e1rio Integrado de Software e Hardware 2018 (SEMISH)<\/strong><\/span><\/h1>\n<p>&nbsp;<\/p>\n<h2><span style=\"color: #519660;\"><strong>Datas importantes<\/strong><\/span><\/h2>\n<p>&#8211; Submissa\u0303o das propostas de resumos\/abstract via JEMS: <strong><del>16\/marc\u0327o<\/del> 28\/mar\u00e7o<\/strong><br \/>\n&#8211; Submissa\u0303o dos artigos via JEMS: <strong><del>23\/marc\u0327o<\/del> 02\/abril<\/strong><br \/>\n&#8211; Notificac\u0327a\u0303o dos autores: <strong><del>23\/abril<\/del> 26\/abril<\/strong><br \/>\n&#8211; Submissa\u0303o da versa\u0303o final dos artigos aceitos: <strong><del>30\/abril<\/del> 02\/maio<\/strong><br \/>\n&#8211; Inscric\u0327a\u0303o no evento para autores : <strong><del>30\/abril<\/del> 02\/maio<\/strong><\/p>\n<h2><span style=\"color: #519660;\"><strong>Sobre o evento<\/strong><\/span><\/h2>\n<p align=\"justify\">O SEMISH, principal f\u00f3rum cient\u00edfico do Congresso da Sociedade Brasileira de Computa\u00e7\u00e3o (CSBC), em sua quadrag\u00e9sima quinta edi\u00e7\u00e3o, acontecer\u00e1 em Natal no Rio Grande do Norte, de 22 a 24 de julho, juntamente com o XXXVIII CSBC, que este ano discute o tema &#8220;Computa\u00e7\u00e3o e Sustentabilidade&#8221;. O SEMISH 2018 acompanha essa tem\u00e1tica.<\/p>\n<p>Nesta edi\u00e7\u00e3o, vamos manter as mudan\u00e7as de formato e conte\u00fado iniciadas na edi\u00e7\u00e3o de 2017, em resposta ao desafio de renova\u00e7\u00e3o do SEMISH proposto pela Diretoria da SBC, que consiste de um programa composto de um hackathon (*), apresenta\u00e7\u00e3o de palestras convidadas em t\u00f3picos relevantes e atuais da computa\u00e7\u00e3o, bem como dos tradicionais artigos t\u00e9cnicos completos.<\/p>\n<p>O hackathon tem como objetivo o desenvolvimento de solu\u00e7\u00f5es de computa\u00e7\u00e3o nas quais a quest\u00e3o da sustentabilidade seja ou motivadora ou geradora de problemas. Os projetos ser\u00e3o avaliados por uma comiss\u00e3o julgadora, composta por membros da academia e do mercado. O hackathon acontecer\u00e1 nos dias 22 e 23 de julho.<\/p>\n<p>As palestras convidadas e selecionadas, que constituem o n\u00facleo central da programa\u00e7\u00e3o, apresentam temas de pesquisa atuais tipicamente associados a Institutos Nacionais de Ci\u00eancia e Tecnologia (INCT) e a grandes projetos de coopera\u00e7\u00e3o internacional multi-institucionais. As palestras acontecer\u00e3o nos dias 23 e 24 de julho.<\/p>\n<p>Os artigos completos ser\u00e3o selecionados a partir de submiss\u00f5es da comunidade em resposta \u00e0 chamada de trabalhos. Cada trabalho submetido dever\u00e1 ser avaliado por pelo menos tr\u00eas pesquisadores. Os artigos completos ser\u00e3o apresentados oralmente ou na forma de posters. As apresenta\u00e7\u00f5es de artigos acontecer\u00e3o nos dias 23 e 24.<\/p>\n<p>Para mais detalhes, veja a chamada completa em <a href=\"http:\/\/www4.sbc.org.br\/csbc2018\/wp-content\/uploads\/2018\/05\/Chamada-de-Trabalhos-Semish-2018.pdf\" target=\"_blank\" rel=\"noopener\">PDF<\/a>.<\/p>\n<h4><span style=\"color: #008000;\">HACKATHON<\/span><\/h4>\n<p>O SEMISH 2018 ter\u00e1 um Hackathon nos dias 22 e 23 de julho, domingo e segunda-feira, respectivamente, como um espa\u00e7o para desenvolvimento de projetos pr\u00e1ticos de Internet das Coisas (Internet of Things &#8211; IoT), dentro da tem\u00e1tica Computa\u00e7\u00e3o e Sustentabilidade, voltado para que entusiastas da \u00e1rea se encontrem, criem projetos-rel\u00e2mpago juntos e se divirtam no processo.<\/p>\n<p>O Hackathon \u00e9 voltado para estudantes e profissionais de TI que estejam inscritos no CSBC, independente de experi\u00eancia pr\u00e9via ou n\u00e3o com o desenvolvimento para IoT. O evento \u00e9 realizado em parceria com o Instituto CESAR (<a class=\"m_5017282945953190170m_6732571349062602806moz-txt-link-freetext\" href=\"https:\/\/www.cesar.org.br\/\" target=\"_blank\" rel=\"noopener\" data-saferedirecturl=\"https:\/\/www.google.com\/url?hl=en&amp;q=https:\/\/www.cesar.org.br\/&amp;source=gmail&amp;ust=1528586386179000&amp;usg=AFQjCNECXVxKJxlVsD3dstzpy-lq0Y9g2A\">https:\/\/www.cesar.org.br\/<\/a>), que patrocinar\u00e1 o Hackathon e fornecer\u00e1 mentoria para os participantes assim como breve treinamento na plataforma KNoT (<a href=\"http:\/\/knot.cesar.org.br\" target=\"_blank\" rel=\"noopener\" data-saferedirecturl=\"https:\/\/www.google.com\/url?hl=en&amp;q=http:\/\/knot.cesar.org.br&amp;source=gmail&amp;ust=1528586386179000&amp;usg=AFQjCNGvs69vgSVVy734EoTFIvWLhQ1BJg\">knot.cesar.org.br<\/a>), que ser\u00e1 utilizada para a constru\u00e7\u00e3o dos projetos.<\/p>\n<p>O formato do Hackathon prop\u00f5e aos participantes a forma\u00e7\u00e3o de grupos de 4 ou 5 pessoas que ir\u00e3o desenvolver alguma solu\u00e7\u00e3o de objeto inteligente conectado, desenvolvida pelo CESAR. Os projetos ser\u00e3o avaliados pela comiss\u00e3o julgadora do Hackathon, composta por profissionais da academia e do mercado. A propriedade intelectual do que for criado durante o evento ser\u00e1 dos autores do projeto.<\/p>\n<p>Ao longo do Hackathon, mentores qualificados estar\u00e3o \u00e0 disposi\u00e7\u00e3o dos participantes para tirar d\u00favidas de hardware, software e produto. Os participantes dever\u00e3o utilizar os seus computadores pessoais. Entretanto, durante o evento, cada equipe ter\u00e1 \u00e0 sua disposi\u00e7\u00e3o o seguinte hardware:<br \/>\n&#8211; 1 Placa Raspberry Pi V3 B<br \/>\n&#8211; 1 Placa KNoT Gateway<br \/>\n&#8211; 1 Placas KNoT Thing<br \/>\n&#8211; Kit de sensores<\/p>\n<p>Os inscritos no hackathon tanto podem vir com seus grupos formados como podem form\u00e1-los no in\u00edcio do evento.<\/p>\n<p><strong><span style=\"color: #008000;\">Inscri\u00e7\u00e3o<\/span><\/strong><br \/>\nPara participar do Hackathon, al\u00e9m da inscri\u00e7\u00e3o no CSBC 2018, dever\u00e3o tamb\u00e9m se inscrever no Hackathon. Portanto, a inscri\u00e7\u00e3o no Hackathon est\u00e1 condicionada \u00e0 inscri\u00e7\u00e3o geral no CSBC. Se voc\u00ea j\u00e1 fez sua inscri\u00e7\u00e3o no CSBC 2018 e deseja participar do Hackathon \u00e9 s\u00f3 entrar no sistema ECOS e alterar sua inscri\u00e7\u00e3o.<\/p>\n<p><span style=\"color: #008000;\"><strong>Premia\u00e7\u00e3o<\/strong><\/span><br \/>\nComo reconhecimento, os grupos dos dois projetos melhor avaliados ter\u00e3o a oportunidade de apresent\u00e1-los no SEMISH, no final do dia 24\/7 (ter\u00e7a-feira). Al\u00e9m disso, o CESAR ofertar\u00e1 aos respectivos grupos um kit contendo:<br \/>\n&#8211; 1 Placa Raspberry Pi V3 B<br \/>\n&#8211; 1 Placa KNoT Gateway<br \/>\n&#8211; 2 Placas KNoT Thing<\/p>\n<h4><span style=\"color: #008000;\">PROGRAMA\u00c7\u00c3O SEMISH<\/span><\/h4>\n<p>Link <a href=\"http:\/\/www4.sbc.org.br\/csbc2018\/wp-content\/uploads\/2018\/07\/SEMISH-2018-PROGRAMA\u00c7\u00c3O-Artigos-Palestras-Hackathon.pdf\" target=\"_blank\" rel=\"noopener\">PDF<\/a><\/p>\n<p><img loading=\"lazy\" decoding=\"async\" class=\"alignnone  wp-image-1333\" src=\"http:\/\/www4.sbc.org.br\/csbc2018\/wp-content\/uploads\/2018\/07\/SEMISH-2018-PROGRAMA\u00c7\u00c3O-Artigos-Palestras-Hackathon-1-770x1090.png\" alt=\"\" width=\"845\" height=\"1196\" srcset=\"https:\/\/www4.sbc.org.br\/csbc2018\/wp-content\/uploads\/2018\/07\/SEMISH-2018-PROGRAMA\u00c7\u00c3O-Artigos-Palestras-Hackathon-1-770x1090.png 770w, https:\/\/www4.sbc.org.br\/csbc2018\/wp-content\/uploads\/2018\/07\/SEMISH-2018-PROGRAMA\u00c7\u00c3O-Artigos-Palestras-Hackathon-1-212x300.png 212w, https:\/\/www4.sbc.org.br\/csbc2018\/wp-content\/uploads\/2018\/07\/SEMISH-2018-PROGRAMA\u00c7\u00c3O-Artigos-Palestras-Hackathon-1-768x1087.png 768w, https:\/\/www4.sbc.org.br\/csbc2018\/wp-content\/uploads\/2018\/07\/SEMISH-2018-PROGRAMA\u00c7\u00c3O-Artigos-Palestras-Hackathon-1-724x1024.png 724w, https:\/\/www4.sbc.org.br\/csbc2018\/wp-content\/uploads\/2018\/07\/SEMISH-2018-PROGRAMA\u00c7\u00c3O-Artigos-Palestras-Hackathon-1.png 1653w\" sizes=\"auto, (max-width: 845px) 100vw, 845px\" \/><\/p>\n<h2><span style=\"color: #519660;\"><strong>Coordena\u00e7\u00e3o<\/strong><\/span><\/h2>\n<p>&nbsp;<\/p>\n<table style=\"height: 210 px;\" width=\"460\">\n<tbody>\n<tr>\n<td><\/td>\n<td>\n<ul>\n<li>Jos\u00e9 Marcos Silva Nogueira<\/li>\n<li>UFMG<\/li>\n<li>Coordena\u00e7\u00e3o Geral<\/li>\n<li>e-mail:\u00a0<u>jmarcos@dcc.ufmg.br<\/u><\/li>\n<\/ul>\n<\/td>\n<\/tr>\n<tr>\n<td><span style=\"color: #ffffff;\">&#8230;<\/span><\/td>\n<td><\/td>\n<\/tr>\n<tr>\n<td><\/td>\n<td>\n<ul>\n<li>Kiev Gama<\/li>\n<li>UFPE<\/li>\n<li>Coordena\u00e7\u00e3o Hackathon<\/li>\n<li>e-mail:\u00a0<u>kiev.gama@gmail.com<\/u><\/li>\n<\/ul>\n<\/td>\n<\/tr>\n<tr>\n<td><span style=\"color: #ffffff;\">&#8230;<\/span><\/td>\n<td><\/td>\n<\/tr>\n<tr>\n<td><\/td>\n<td>\n<ul>\n<li>Anderson Abner<\/li>\n<li>UERN<\/li>\n<li>Coordena\u00e7\u00e3o Local<\/li>\n<li>e-mail:\u00a0<u>andersonabner@uern.br<\/u><\/li>\n<\/ul>\n<\/td>\n<\/tr>\n<tr>\n<td><span style=\"color: #ffffff;\">&#8230;<\/span><\/td>\n<td><\/td>\n<\/tr>\n<tr>\n<td><\/td>\n<td>\n<ul>\n<li>N\u00e9lio Cacho<\/li>\n<li>UFRN<\/li>\n<li>Coordena\u00e7\u00e3o Local do Hackathon<\/li>\n<li>e-mail:\u00a0<u>neliocacho@dimap.ufrn.br<\/u><\/li>\n<\/ul>\n<\/td>\n<\/tr>\n<tr>\n<td><span style=\"color: #ffffff;\">&#8230;<\/span><\/td>\n<td><\/td>\n<\/tr>\n<\/tbody>\n<\/table>\n<h4><span style=\"color: #519660;\"><strong>COMIT\u00ca DE PROGRAMA DO\u00a0SEMISH\u00a02018<\/strong><strong>: <\/strong><\/span><\/h4>\n<ul>\n<li>Andrey Ricardo Pimentel,\u00a0 UFPR<\/li>\n<li>Antonio Alberti, INATEL<\/li>\n<li>Antonio Lopes Apolin\u00e1rio J\u00fanior, UFBA<\/li>\n<li>Celso Alberto Saibel Santos, UFES<\/li>\n<li>Cl\u00e1udia Linhares Sales, UFC<\/li>\n<li>Cristiano Maciel Silva, UFSJ<\/li>\n<li>Edison Ishikawa, UNB<\/li>\n<li>Edson Norberto C\u00e1ceres, UFMS<\/li>\n<li>Eduardo Cunha de Almeida, UFPR<\/li>\n<li>Edward David Moreno Ordonez, UFS<\/li>\n<li>Eliana Silva de Almeida, UFAL<\/li>\n<li>Fab\u00edola Nakamura, UFAM<\/li>\n<li>Fernando S. Os\u00f3rio, USP-SCAR<\/li>\n<li>Heloisa de Arruda Camargo, UFSCar<\/li>\n<li>Jos\u00e9 Augusto Suruagy Monteiro, UFPE<\/li>\n<li>Jose Marcos Nogueira, UFMG &#8211; Coordenador<\/li>\n<li>Jos\u00e9 Maria Nazar David, UFJF<\/li>\n<li>Kelly Rosa Braghetto, USP<\/li>\n<li>Kiev Gama, UFPE<\/li>\n<li>Liliane dos Santos Machado, UFPB<\/li>\n<li>Luis Rivero, UFAM<\/li>\n<li>M\u00e1rcia Ito, IBM<\/li>\n<li>Marco Antonio Casanova, PUC-RIO<\/li>\n<li>Pl\u00e1cido Rog\u00e9rio Pinheiro, UNIFOR<\/li>\n<li>Rosiane de Freitas Rodrigues, UFAM<\/li>\n<li>Simone de Lima Martins, UFF<\/li>\n<li>Taisy Weber, UFRGS<\/li>\n<li>Thais Vasconcelos Batista, UFRN<\/li>\n<li>Wagner Meira, UFMG<\/li>\n<\/ul>\n","protected":false},"excerpt":{"rendered":"<p>45\u00ba Semin\u00e1rio Integrado de Software e Hardware 2018 (SEMISH) &nbsp; Datas importantes &#8211; Submissa\u0303o das propostas de resumos\/abstract via JEMS: 16\/marc\u0327o 28\/mar\u00e7o &#8211; Submissa\u0303o dos artigos via JEMS: 23\/marc\u0327o 02\/abril &#8230;<\/p>\n","protected":false},"author":3,"featured_media":0,"parent":0,"menu_order":0,"comment_status":"closed","ping_status":"closed","template":"content-fullwidth.php","meta":{"footnotes":""},"class_list":["post-308","page","type-page","status-publish","hentry"],"_links":{"self":[{"href":"https:\/\/www4.sbc.org.br\/csbc2018\/index.php?rest_route=\/wp\/v2\/pages\/308","targetHints":{"allow":["GET"]}}],"collection":[{"href":"https:\/\/www4.sbc.org.br\/csbc2018\/index.php?rest_route=\/wp\/v2\/pages"}],"about":[{"href":"https:\/\/www4.sbc.org.br\/csbc2018\/index.php?rest_route=\/wp\/v2\/types\/page"}],"author":[{"embeddable":true,"href":"https:\/\/www4.sbc.org.br\/csbc2018\/index.php?rest_route=\/wp\/v2\/users\/3"}],"replies":[{"embeddable":true,"href":"https:\/\/www4.sbc.org.br\/csbc2018\/index.php?rest_route=%2Fwp%2Fv2%2Fcomments&post=308"}],"version-history":[{"count":17,"href":"https:\/\/www4.sbc.org.br\/csbc2018\/index.php?rest_route=\/wp\/v2\/pages\/308\/revisions"}],"predecessor-version":[{"id":1334,"href":"https:\/\/www4.sbc.org.br\/csbc2018\/index.php?rest_route=\/wp\/v2\/pages\/308\/revisions\/1334"}],"wp:attachment":[{"href":"https:\/\/www4.sbc.org.br\/csbc2018\/index.php?rest_route=%2Fwp%2Fv2%2Fmedia&parent=308"}],"curies":[{"name":"wp","href":"https:\/\/api.w.org\/{rel}","templated":true}]}}