{"id":296,"date":"2017-12-26T17:22:03","date_gmt":"2017-12-26T20:22:03","guid":{"rendered":"http:\/\/www4.sbc.org.br\/csbc2018\/?page_id=296"},"modified":"2018-07-20T18:59:48","modified_gmt":"2018-07-20T21:59:48","slug":"6o-desafie","status":"publish","type":"page","link":"https:\/\/www4.sbc.org.br\/csbc2018\/?page_id=296","title":{"rendered":"7\u00ba DesafIE!"},"content":{"rendered":"<h1><span style=\"color: #519660;\"><strong>7\u00ba Workshop de Desafios da Computa\u00e7\u00e3o aplicada \u00e0 Educa\u00e7\u00e3o (DesafIE)<\/strong><\/span><\/h1>\n<p>&nbsp;<\/p>\n<h2><span style=\"color: #519660;\"><strong>Datas importantes<\/strong><\/span><\/h2>\n<p>&#8211; Divulga\u00e7\u00e3o da chamada de trabalhos no site do CSBC 2018: <strong>a partir de 26 de dezembro de 2017<\/strong><br \/>\n&#8211; Submiss\u00e3o de artigos pela comunidade alinhados a um dos desafios propostos em 2017: <strong>de 30\/12\/2017 a 02\/04\/2018 &#8211; 23:55<\/strong><br \/>\n&#8211; Elabora\u00e7\u00e3o de vers\u00f5es estendidas dos artigos para um n\u00famero especial da RBIE ou livro: <strong>31 de agosto (p\u00f3s-evento)<\/strong><br \/>\n&#8211; Resultados das Avalia\u00e7\u00f5es dos Artigos: <strong>23\/04\/2018<\/strong><br \/>\n&#8211; Prazo para submiss\u00e3o da vers\u00e3o final: <strong>30\/04\/2018 (23:55)<\/strong><\/p>\n<h2><span style=\"color: #519660;\"><strong>Sobre o evento<\/strong><\/span><\/h2>\n<p align=\"justify\">O DesafIE! \u00c9 um evento que se estabeleceu como importante f\u00f3rum de discuss\u00e3o para os pesquisadores da \u00e1rea de pesquisa de Computa\u00e7\u00e3o aplicada \u00e0 Educa\u00e7\u00e3o dentro do CSBC, incluindo aspectos s\u00f3cio-pol\u00edticos, governamentais e comunit\u00e1rios. Em sua 6a. edi\u00e7\u00e3o, em 2017, houve uma chamada exclusiva para propostas de Grandes Desafios em Inform\u00e1tica na Educa\u00e7\u00e3o para o per\u00edodo de 2017-2027. Os artigos selecionados e apresentados durante o evento geraram profundas discuss\u00f5es acerca de linhas tem\u00e1ticas para o estabelecimento dos desafios para a d\u00e9cada corrente. Sendo assim, o DesafIE!2018 busca sintetizar o debate sobre os Grandes Desafios da Inform\u00e1tica na Educa\u00e7\u00e3o fomentado na edi\u00e7\u00e3o anterior, motivado por discuss\u00f5es semelhantes j\u00e1 ocorridas na pr\u00f3pria SBC, em outras comiss\u00f5es especiais e sociedades cient\u00edficas internacionais.<\/p>\n<p>Para mais detalhes, veja a chamada completa em <a href=\"http:\/\/www4.sbc.org.br\/csbc2018\/wp-content\/uploads\/2018\/03\/DesafIE.pdf\" target=\"_blank\" rel=\"noopener\">PDF<\/a>.<\/p>\n<h2><span style=\"color: #519660;\"><strong>Programa\u00e7\u00e3o<\/strong><\/span><\/h2>\n<p><img loading=\"lazy\" decoding=\"async\" class=\"alignnone size-full wp-image-1309\" src=\"http:\/\/www4.sbc.org.br\/csbc2018\/wp-content\/uploads\/2018\/07\/Captura-de-Tela-2018-07-20-a\u0300s-18.59.59.png\" alt=\"\" width=\"396\" height=\"320\" srcset=\"https:\/\/www4.sbc.org.br\/csbc2018\/wp-content\/uploads\/2018\/07\/Captura-de-Tela-2018-07-20-a\u0300s-18.59.59.png 396w, https:\/\/www4.sbc.org.br\/csbc2018\/wp-content\/uploads\/2018\/07\/Captura-de-Tela-2018-07-20-a\u0300s-18.59.59-300x242.png 300w\" sizes=\"auto, (max-width: 396px) 100vw, 396px\" \/><\/p>\n<p>&nbsp;<\/p>\n<h2><span style=\"color: #519660;\"><strong>Coordena\u00e7\u00e3o<\/strong><\/span><\/h2>\n<table style=\"height: 210 px;\" width=\"460\">\n<tbody>\n<tr>\n<td><\/td>\n<td>\n<ul>\n<li>Thais H. C. Castro<\/li>\n<li>UFAM<\/li>\n<li>Coordena\u00e7\u00e3o Geral<\/li>\n<li>e-mail:\u00a0<u>thais@icomp.ufam.edu.br<\/u><\/li>\n<\/ul>\n<\/td>\n<\/tr>\n<tr>\n<td><span style=\"color: #ffffff;\">&#8230;<\/span><\/td>\n<td><\/td>\n<\/tr>\n<tr>\n<td><\/td>\n<td>\n<ul>\n<li>Isabel Dillmann Nunes<\/li>\n<li>UFRN<\/li>\n<li>Coordena\u00e7\u00e3o Local<\/li>\n<li>e-mail:\u00a0<u>bel@imd.ufrn.br<\/u><\/li>\n<\/ul>\n<\/td>\n<\/tr>\n<tr>\n<td><span style=\"color: #ffffff;\">&#8230;<\/span><\/td>\n<td><\/td>\n<\/tr>\n<tr>\n<td><\/td>\n<td>\n<ul>\n<li>Bruno Gadelha<\/li>\n<li>UFAM<\/li>\n<li>Coordena\u00e7\u00e3o Local<\/li>\n<li>e-mail:\u00a0<u>bruno@icomp.ufam.edu.br<\/u><\/li>\n<\/ul>\n<\/td>\n<\/tr>\n<tr>\n<td><span style=\"color: #ffffff;\">&#8230;<\/span><\/td>\n<td><\/td>\n<\/tr>\n<tr>\n<td><\/td>\n<td>\n<ul>\n<li>Glaucia Melissa<\/li>\n<li>UERN<\/li>\n<li>Coordena\u00e7\u00e3o Local<\/li>\n<li>e-mail:\u00a0<u>glauciamelissa@uern.br<\/u><\/li>\n<\/ul>\n<\/td>\n<\/tr>\n<\/tbody>\n<\/table>\n<p>&nbsp;<\/p>\n","protected":false},"excerpt":{"rendered":"<p>7\u00ba Workshop de Desafios da Computa\u00e7\u00e3o aplicada \u00e0 Educa\u00e7\u00e3o (DesafIE) &nbsp; Datas importantes &#8211; Divulga\u00e7\u00e3o da chamada de trabalhos no site do CSBC 2018: a partir de 26 de dezembro &#8230;<\/p>\n","protected":false},"author":3,"featured_media":0,"parent":0,"menu_order":0,"comment_status":"closed","ping_status":"closed","template":"content-fullwidth.php","meta":{"footnotes":""},"class_list":["post-296","page","type-page","status-publish","hentry"],"_links":{"self":[{"href":"https:\/\/www4.sbc.org.br\/csbc2018\/index.php?rest_route=\/wp\/v2\/pages\/296","targetHints":{"allow":["GET"]}}],"collection":[{"href":"https:\/\/www4.sbc.org.br\/csbc2018\/index.php?rest_route=\/wp\/v2\/pages"}],"about":[{"href":"https:\/\/www4.sbc.org.br\/csbc2018\/index.php?rest_route=\/wp\/v2\/types\/page"}],"author":[{"embeddable":true,"href":"https:\/\/www4.sbc.org.br\/csbc2018\/index.php?rest_route=\/wp\/v2\/users\/3"}],"replies":[{"embeddable":true,"href":"https:\/\/www4.sbc.org.br\/csbc2018\/index.php?rest_route=%2Fwp%2Fv2%2Fcomments&post=296"}],"version-history":[{"count":21,"href":"https:\/\/www4.sbc.org.br\/csbc2018\/index.php?rest_route=\/wp\/v2\/pages\/296\/revisions"}],"predecessor-version":[{"id":1310,"href":"https:\/\/www4.sbc.org.br\/csbc2018\/index.php?rest_route=\/wp\/v2\/pages\/296\/revisions\/1310"}],"wp:attachment":[{"href":"https:\/\/www4.sbc.org.br\/csbc2018\/index.php?rest_route=%2Fwp%2Fv2%2Fmedia&parent=296"}],"curies":[{"name":"wp","href":"https:\/\/api.w.org\/{rel}","templated":true}]}}