{"id":290,"date":"2017-12-26T11:13:38","date_gmt":"2017-12-26T14:13:38","guid":{"rendered":"http:\/\/www4.sbc.org.br\/csbc2018\/?page_id=290"},"modified":"2018-07-22T10:33:35","modified_gmt":"2018-07-22T13:33:35","slug":"3o-washes","status":"publish","type":"page","link":"https:\/\/www4.sbc.org.br\/csbc2018\/?page_id=290","title":{"rendered":"3\u00ba WASHES"},"content":{"rendered":"<h1><span style=\"color: #519660;\"><strong>3\u00ba Workshop sobre Aspectos Sociais, Humanos e Econ\u00f4micos de Software (WASHES)<\/strong><\/span><\/h1>\n<p>&nbsp;<\/p>\n<h2><span style=\"color: #519660;\"><strong>Datas importantes<\/strong><\/span><\/h2>\n<p>&#8211; Submiss\u00e3o de artigos at\u00e9: <strong>02 de abril de 2018 \u00e0s 23:55 (Hor\u00e1rio de Bras\u00edlia) &#8211; deadline firme.<\/strong><br \/>\n&#8211; Notifica\u00e7\u00e3o de aceita\u00e7\u00e3o: <strong>30 de abril de 2018<\/strong><br \/>\n&#8211; Entrega da vers\u00e3o final: <strong>11 de maio de 2018<\/strong><br \/>\n&#8211; Realiza\u00e7\u00e3o do evento: <strong>entre 22 e 26 de julho de 2018<\/strong><\/p>\n<h2><span style=\"color: #519660;\"><strong>Sobre o evento<\/strong><\/span><\/h2>\n<p align=\"justify\">O Workshop sobre Aspectos Sociais, Humanos e Econ\u00f4micos de Software (WASHES) foca na intera\u00e7\u00e3o entre algumas quest\u00f5es cr\u00edticas que exercem influ\u00eancia sobre a engenharia e qualidade de software. Fatores humanos e aspectos sociais em qualidade de software t\u00eam sido discutidos por pesquisadores e profissionais da ind\u00fastria, dado que m\u00e9todos, t\u00e9cnicas e ferramentas afetam (e s\u00e3o afetados) pelos stakeholders e suas intera\u00e7\u00f5es, impactando as atividades de engenharia de software. Da mesma forma, o software \u00e9 uma fonte de valor para os neg\u00f3cios de diversas organiza\u00e7\u00f5es, sejam elas fornecedoras ou adquirentes, representando um elemento crucial para o seu sucesso econ\u00f4mico.<\/p>\n<p>Decis\u00f5es tomadas durante o desenvolvimento de software t\u00eam implica\u00e7\u00f5es econ\u00f4micas substanciais, seja na perspectiva de custo e lucro, ou incluindo outras perspectivas de valor, tais como benef\u00edcios, riscos e oportunidades. Tais decis\u00f5es perpassam aquisi\u00e7\u00e3o, requisitos, arquitetura, desenvolvimento, verifica\u00e7\u00e3o e valida\u00e7\u00e3o, manuten\u00e7\u00e3o e reutiliza\u00e7\u00e3o, e demandam uma an\u00e1lise mais detalhada dos diferentes stakeholders e suas intera\u00e7\u00f5es.<\/p>\n<p>Nesse contexto, o WASHES surge como um ambiente para a comunidade brasileira discutir esses aspectos e desafios que podem influenciar o desenvolvimento de software e as mais diversas \u00e1reas da Computa\u00e7\u00e3o, bem como fomentar colabora\u00e7\u00f5es com a ind\u00fastria. Al\u00e9m de melhorar solu\u00e7\u00f5es propostas, os aspectos tratados neste workshop podem impactar diretamente v\u00e1rios cen\u00e1rios da Computa\u00e7\u00e3o, como engenharia de software, intera\u00e7\u00e3o humano-computador, ecossistemas de software, neg\u00f3cios de software, gest\u00e3o de projetos, inform\u00e1tica m\u00e9dica, computa\u00e7\u00e3o aplicada \u00e0 educa\u00e7\u00e3o, a\u00e7\u00f5es sociais e cen\u00e1rios ligados a \u201cComputa\u00e7\u00e3o e Sustentabilidade\u201d. Nesse sentido, busca-se investigar como o desenvolvimento tecnol\u00f3gico de qualidade (um dos grandes desafios da Computa\u00e7\u00e3o no Brasil) pode apoiar e\\ou garantir utiliza\u00e7\u00e3o dos recursos do nosso ambiente sem compromet\u00ea-los para as gera\u00e7\u00f5es futuras.<\/p>\n<p>Para mais detalhes, veja a chamada completa em <a href=\"http:\/\/www4.sbc.org.br\/csbc2018\/wp-content\/uploads\/2018\/03\/Ultimo_CFP_WASHES2018.pdf\" target=\"_blank\" rel=\"noopener\">PDF<\/a>.<\/p>\n<h2><strong><a href=\"http:\/\/www4.sbc.org.br\/csbc2018\/wp-content\/uploads\/2018\/07\/Programa\u00e7\u00e3o-WASHES-2018-Programacao.pdf\" target=\"_blank\" rel=\"noopener\">Programa\u00e7\u00e3o Washes 2018<\/a><\/strong><\/h2>\n<h2><span style=\"color: #519660;\"><strong>Coordena\u00e7\u00e3o<\/strong><\/span><\/h2>\n<table style=\"height: 210 px;\" width=\"460\">\n<tbody>\n<tr>\n<td><\/td>\n<td>\n<ul>\n<li>Davi Viana<\/li>\n<li>UFMA<\/li>\n<li>Coordena\u00e7\u00e3o Geral<\/li>\n<li>e-mail: davi.viana@lsdi.ufma.br<\/li>\n<\/ul>\n<\/td>\n<\/tr>\n<tr>\n<td><span style=\"color: #ffffff;\">&#8230;<\/span><\/td>\n<td><\/td>\n<\/tr>\n<tr>\n<td><\/td>\n<td>\n<ul>\n<li>Igor Wiese<\/li>\n<li>UTFPR-CM<\/li>\n<li>Coordena\u00e7\u00e3o Geral<\/li>\n<li>e-mail: igor@utfpr.edu.br<\/li>\n<\/ul>\n<\/td>\n<\/tr>\n<\/tbody>\n<\/table>\n<p>&nbsp;<\/p>\n","protected":false},"excerpt":{"rendered":"<p>3\u00ba Workshop sobre Aspectos Sociais, Humanos e Econ\u00f4micos de Software (WASHES) &nbsp; Datas importantes &#8211; Submiss\u00e3o de artigos at\u00e9: 02 de abril de 2018 \u00e0s 23:55 (Hor\u00e1rio de Bras\u00edlia) &#8211; &#8230;<\/p>\n","protected":false},"author":3,"featured_media":0,"parent":0,"menu_order":0,"comment_status":"closed","ping_status":"closed","template":"content-fullwidth.php","meta":{"footnotes":""},"class_list":["post-290","page","type-page","status-publish","hentry"],"_links":{"self":[{"href":"https:\/\/www4.sbc.org.br\/csbc2018\/index.php?rest_route=\/wp\/v2\/pages\/290","targetHints":{"allow":["GET"]}}],"collection":[{"href":"https:\/\/www4.sbc.org.br\/csbc2018\/index.php?rest_route=\/wp\/v2\/pages"}],"about":[{"href":"https:\/\/www4.sbc.org.br\/csbc2018\/index.php?rest_route=\/wp\/v2\/types\/page"}],"author":[{"embeddable":true,"href":"https:\/\/www4.sbc.org.br\/csbc2018\/index.php?rest_route=\/wp\/v2\/users\/3"}],"replies":[{"embeddable":true,"href":"https:\/\/www4.sbc.org.br\/csbc2018\/index.php?rest_route=%2Fwp%2Fv2%2Fcomments&post=290"}],"version-history":[{"count":7,"href":"https:\/\/www4.sbc.org.br\/csbc2018\/index.php?rest_route=\/wp\/v2\/pages\/290\/revisions"}],"predecessor-version":[{"id":1344,"href":"https:\/\/www4.sbc.org.br\/csbc2018\/index.php?rest_route=\/wp\/v2\/pages\/290\/revisions\/1344"}],"wp:attachment":[{"href":"https:\/\/www4.sbc.org.br\/csbc2018\/index.php?rest_route=%2Fwp%2Fv2%2Fmedia&parent=290"}],"curies":[{"name":"wp","href":"https:\/\/api.w.org\/{rel}","templated":true}]}}