{"id":276,"date":"2017-12-22T23:25:15","date_gmt":"2017-12-23T02:25:15","guid":{"rendered":"http:\/\/www4.sbc.org.br\/csbc2018\/?page_id=276"},"modified":"2018-07-16T16:42:06","modified_gmt":"2018-07-16T19:42:06","slug":"18o-sbcas","status":"publish","type":"page","link":"https:\/\/www4.sbc.org.br\/csbc2018\/?page_id=276","title":{"rendered":"18\u00ba SBCAS"},"content":{"rendered":"<h1><span style=\"color: #519660;\"><strong>18\u00ba SIMP\u00d3SIO BRASILEIRO DE COMPUTA\u00c7\u00c3O APLICADA \u00c0 SA\u00daDE (SBCAS)<\/strong><\/span><\/h1>\n<p>&nbsp;<\/p>\n<h2><span style=\"color: #519660;\"><strong>Datas importantes<\/strong><\/span><\/h2>\n<p>&#8211; In\u00edcio das submiss\u00f5es: <strong>26 de dezembro de 2017<\/strong><br \/>\n&#8211; Data limite para submiss\u00e3o de artigos: : <strong><span style=\"text-decoration: line-through;\">16 de mar\u00e7o de 2018 <\/span>28 de mar\u00e7o de 2018<\/strong><br \/>\n&#8211; Notifica\u00e7\u00e3o dos trabalhos aceitos: <del><strong>23 de abril de 2018\u00a0 <\/strong><\/del><strong>25 de abril de 2018<\/strong><br \/>\n&#8211; Data limite para envio das vers\u00f5es finais: <strong><del>30 de abril de 2018<\/del> 04 de maio de 2018.<\/strong><\/p>\n<h2><span style=\"color: #519660;\"><strong>Sobre o evento<\/strong><\/span><\/h2>\n<p align=\"justify\">O Simp\u00f3sio Brasileiro de Computa\u00e7\u00e3o Aplicada \u00e0 Sa\u00fade (SBCAS) tem como objetivo reunir, no \u00e2mbito da Sociedade Brasileira de Computa\u00e7\u00e3o (SBC), pesquisadores, estudantes e profissionais com interesse pela \u00e1rea.<br \/>\nO SBCAS \u00e9 o principal evento cient\u00edfico anual da Comiss\u00e3o Especial de Computa\u00e7\u00e3o Aplicada \u00e0 Sa\u00fade (CE-CAS) da SBC, que tem origem no Workshop de Inform\u00e1tica M\u00e9dica (WIM), evento consolidado e reconhecido nacionalmente, com 17 edi\u00e7\u00f5es realizadas regularmente entre 2001 e 2017.<br \/>\nA 18\u00ba edi\u00e7\u00e3o do evento \u2013 SBCAS 2018 \u2013 ser\u00e1 realizada como parte do XXXVIII Congresso da Sociedade Brasileira de Computa\u00e7\u00e3o (CSBC), em Natal, RN, compreendendo apresenta\u00e7\u00f5es de trabalhos completos e em andamento, al\u00e9m de palestras, oficinas e debates, com programa\u00e7\u00e3o distribu\u00edda ao longo de tr\u00eas dias do CSBC.<\/p>\n<h2><span style=\"color: #519660;\"><strong>Trabalhos aceitos<\/strong><\/span><\/h2>\n<p class=\"m_-6102915486844374670m_4671033615182870754x_inserted\">Lista de trabalhos aceitos <a class=\"m_-6102915486844374670m_4671033615182870754x_OWAAutoLink\" href=\"https:\/\/docs.google.com\/document\/d\/1ASn8fGpeB0sMg3BypelnLQYyKmujMeFKGZGSlJe10Vg\/edit?usp=sharing\" target=\"_blank\" rel=\"noopener\" data-saferedirecturl=\"https:\/\/www.google.com\/url?hl=en&amp;q=https:\/\/docs.google.com\/document\/d\/1ASn8fGpeB0sMg3BypelnLQYyKmujMeFKGZGSlJe10Vg\/edit?usp%3Dsharing&amp;source=gmail&amp;ust=1524782546060000&amp;usg=AFQjCNH5SdXX8L0V2lGh4-pBEAS7a8eP7w\">aqui<\/a>.<\/p>\n<p>Para mais detalhes, veja a chamada completa em\u00a0<a href=\"http:\/\/www4.sbc.org.br\/csbc2018\/wp-content\/uploads\/2018\/04\/SBCAS-1.pdf\" target=\"_blank\" rel=\"noopener\">PDF<\/a>.<\/p>\n<h2><span style=\"color: #519660;\"><strong>Programa\u00e7\u00e3o<\/strong><\/span><\/h2>\n<p><img loading=\"lazy\" decoding=\"async\" class=\"alignnone size-full wp-image-1187\" src=\"http:\/\/www4.sbc.org.br\/csbc2018\/wp-content\/uploads\/2018\/06\/Captura-de-Tela-2018-06-25-a\u0300s-18.05.09.png\" alt=\"\" width=\"758\" height=\"219\" srcset=\"https:\/\/www4.sbc.org.br\/csbc2018\/wp-content\/uploads\/2018\/06\/Captura-de-Tela-2018-06-25-a\u0300s-18.05.09.png 758w, https:\/\/www4.sbc.org.br\/csbc2018\/wp-content\/uploads\/2018\/06\/Captura-de-Tela-2018-06-25-a\u0300s-18.05.09-300x87.png 300w\" sizes=\"auto, (max-width: 758px) 100vw, 758px\" \/><\/p>\n<p><img loading=\"lazy\" decoding=\"async\" class=\"alignnone  wp-image-1261\" src=\"http:\/\/www4.sbc.org.br\/csbc2018\/wp-content\/uploads\/2018\/07\/Captura-de-Tela-2018-07-16-a\u0300s-16.41.22.png\" alt=\"\" width=\"723\" height=\"578\" srcset=\"https:\/\/www4.sbc.org.br\/csbc2018\/wp-content\/uploads\/2018\/07\/Captura-de-Tela-2018-07-16-a\u0300s-16.41.22.png 751w, https:\/\/www4.sbc.org.br\/csbc2018\/wp-content\/uploads\/2018\/07\/Captura-de-Tela-2018-07-16-a\u0300s-16.41.22-300x240.png 300w\" sizes=\"auto, (max-width: 723px) 100vw, 723px\" \/> <img loading=\"lazy\" decoding=\"async\" class=\"alignnone  wp-image-1262\" src=\"http:\/\/www4.sbc.org.br\/csbc2018\/wp-content\/uploads\/2018\/07\/Captura-de-Tela-2018-07-16-a\u0300s-16.41.10.png\" alt=\"\" width=\"735\" height=\"360\" srcset=\"https:\/\/www4.sbc.org.br\/csbc2018\/wp-content\/uploads\/2018\/07\/Captura-de-Tela-2018-07-16-a\u0300s-16.41.10.png 757w, https:\/\/www4.sbc.org.br\/csbc2018\/wp-content\/uploads\/2018\/07\/Captura-de-Tela-2018-07-16-a\u0300s-16.41.10-300x147.png 300w\" sizes=\"auto, (max-width: 735px) 100vw, 735px\" \/><\/p>\n<p><img loading=\"lazy\" decoding=\"async\" class=\"alignnone size-smartschool_large_image wp-image-1189\" src=\"http:\/\/www4.sbc.org.br\/csbc2018\/wp-content\/uploads\/2018\/06\/Captura-de-Tela-2018-06-25-a\u0300s-18.06.22.png\" alt=\"\" width=\"708\" height=\"488\" srcset=\"https:\/\/www4.sbc.org.br\/csbc2018\/wp-content\/uploads\/2018\/06\/Captura-de-Tela-2018-06-25-a\u0300s-18.06.22.png 708w, https:\/\/www4.sbc.org.br\/csbc2018\/wp-content\/uploads\/2018\/06\/Captura-de-Tela-2018-06-25-a\u0300s-18.06.22-300x207.png 300w\" sizes=\"auto, (max-width: 708px) 100vw, 708px\" \/><\/p>\n<p><img loading=\"lazy\" decoding=\"async\" class=\"alignnone wp-image-1196 size-full\" src=\"http:\/\/www4.sbc.org.br\/csbc2018\/wp-content\/uploads\/2018\/06\/Captura-de-Tela-2018-06-25-a\u0300s-18.11.40.png\" alt=\"\" width=\"696\" height=\"606\" srcset=\"https:\/\/www4.sbc.org.br\/csbc2018\/wp-content\/uploads\/2018\/06\/Captura-de-Tela-2018-06-25-a\u0300s-18.11.40.png 696w, https:\/\/www4.sbc.org.br\/csbc2018\/wp-content\/uploads\/2018\/06\/Captura-de-Tela-2018-06-25-a\u0300s-18.11.40-300x261.png 300w\" sizes=\"auto, (max-width: 696px) 100vw, 696px\" \/> <img loading=\"lazy\" decoding=\"async\" class=\"alignnone size-smartschool_large_image wp-image-1191\" src=\"http:\/\/www4.sbc.org.br\/csbc2018\/wp-content\/uploads\/2018\/06\/Captura-de-Tela-2018-06-25-a\u0300s-18.06.43.png\" alt=\"\" width=\"713\" height=\"577\" srcset=\"https:\/\/www4.sbc.org.br\/csbc2018\/wp-content\/uploads\/2018\/06\/Captura-de-Tela-2018-06-25-a\u0300s-18.06.43.png 713w, https:\/\/www4.sbc.org.br\/csbc2018\/wp-content\/uploads\/2018\/06\/Captura-de-Tela-2018-06-25-a\u0300s-18.06.43-300x243.png 300w\" sizes=\"auto, (max-width: 713px) 100vw, 713px\" \/> <img loading=\"lazy\" decoding=\"async\" class=\"alignnone wp-image-1192\" src=\"http:\/\/www4.sbc.org.br\/csbc2018\/wp-content\/uploads\/2018\/06\/Captura-de-Tela-2018-06-25-a\u0300s-18.06.51.png\" alt=\"\" width=\"712\" height=\"411\" srcset=\"https:\/\/www4.sbc.org.br\/csbc2018\/wp-content\/uploads\/2018\/06\/Captura-de-Tela-2018-06-25-a\u0300s-18.06.51.png 703w, https:\/\/www4.sbc.org.br\/csbc2018\/wp-content\/uploads\/2018\/06\/Captura-de-Tela-2018-06-25-a\u0300s-18.06.51-300x173.png 300w\" sizes=\"auto, (max-width: 712px) 100vw, 712px\" \/> <img loading=\"lazy\" decoding=\"async\" class=\"alignnone  wp-image-1193\" src=\"http:\/\/www4.sbc.org.br\/csbc2018\/wp-content\/uploads\/2018\/06\/Captura-de-Tela-2018-06-25-a\u0300s-18.07.20.png\" alt=\"\" width=\"628\" height=\"765\" srcset=\"https:\/\/www4.sbc.org.br\/csbc2018\/wp-content\/uploads\/2018\/06\/Captura-de-Tela-2018-06-25-a\u0300s-18.07.20.png 611w, https:\/\/www4.sbc.org.br\/csbc2018\/wp-content\/uploads\/2018\/06\/Captura-de-Tela-2018-06-25-a\u0300s-18.07.20-246x300.png 246w\" sizes=\"auto, (max-width: 628px) 100vw, 628px\" \/><\/p>\n<h2><\/h2>\n<h2><\/h2>\n<h2><span style=\"color: #519660;\"><strong>Coordena\u00e7\u00e3o<\/strong><\/span><\/h2>\n<p><span style=\"color: #ffffff;\">&#8230;<\/span><\/p>\n<table style=\"height: 210 px;\" width=\"460\">\n<tbody>\n<tr>\n<td><\/td>\n<td>\n<ul>\n<li>Paulo Eduardo Ambr\u00f3sio<\/li>\n<li>UESC<\/li>\n<li>Coordena\u00e7\u00e3o Geral<\/li>\n<li>e-mail:\u00a0<u>peambrosio@uesc.br<\/u><\/li>\n<\/ul>\n<\/td>\n<\/tr>\n<tr>\n<td><span style=\"color: #ffffff;\">&#8230;<\/span><\/td>\n<td><\/td>\n<\/tr>\n<tr>\n<td><\/td>\n<td>\n<ul>\n<li>Rodrigo Rafael Villarreal Goulart<\/li>\n<li>Universidade Feevale<\/li>\n<li>Coordena\u00e7\u00e3o Geral<\/li>\n<li>e-mail:\u00a0<u>rodrigo@feevale.br<\/u><\/li>\n<\/ul>\n<p>&nbsp;<\/td>\n<\/tr>\n<tr>\n<td><\/td>\n<td>\n<ul>\n<li>Cic\u00edlia Maia<\/li>\n<li>UERN<\/li>\n<li>Coordena\u00e7\u00e3o Local<\/li>\n<li>e-mail:\u00a0<u>ciciliamaia@uern.br<\/u><\/li>\n<\/ul>\n<\/td>\n<\/tr>\n<\/tbody>\n<\/table>\n<p>&nbsp;<\/p>\n","protected":false},"excerpt":{"rendered":"<p>18\u00ba SIMP\u00d3SIO BRASILEIRO DE COMPUTA\u00c7\u00c3O APLICADA \u00c0 SA\u00daDE (SBCAS) &nbsp; Datas importantes &#8211; In\u00edcio das submiss\u00f5es: 26 de dezembro de 2017 &#8211; Data limite para submiss\u00e3o de artigos: : 16 &#8230;<\/p>\n","protected":false},"author":3,"featured_media":0,"parent":0,"menu_order":0,"comment_status":"closed","ping_status":"closed","template":"content-fullwidth.php","meta":{"footnotes":""},"class_list":["post-276","page","type-page","status-publish","hentry"],"_links":{"self":[{"href":"https:\/\/www4.sbc.org.br\/csbc2018\/index.php?rest_route=\/wp\/v2\/pages\/276","targetHints":{"allow":["GET"]}}],"collection":[{"href":"https:\/\/www4.sbc.org.br\/csbc2018\/index.php?rest_route=\/wp\/v2\/pages"}],"about":[{"href":"https:\/\/www4.sbc.org.br\/csbc2018\/index.php?rest_route=\/wp\/v2\/types\/page"}],"author":[{"embeddable":true,"href":"https:\/\/www4.sbc.org.br\/csbc2018\/index.php?rest_route=\/wp\/v2\/users\/3"}],"replies":[{"embeddable":true,"href":"https:\/\/www4.sbc.org.br\/csbc2018\/index.php?rest_route=%2Fwp%2Fv2%2Fcomments&post=276"}],"version-history":[{"count":14,"href":"https:\/\/www4.sbc.org.br\/csbc2018\/index.php?rest_route=\/wp\/v2\/pages\/276\/revisions"}],"predecessor-version":[{"id":1263,"href":"https:\/\/www4.sbc.org.br\/csbc2018\/index.php?rest_route=\/wp\/v2\/pages\/276\/revisions\/1263"}],"wp:attachment":[{"href":"https:\/\/www4.sbc.org.br\/csbc2018\/index.php?rest_route=%2Fwp%2Fv2%2Fmedia&parent=276"}],"curies":[{"name":"wp","href":"https:\/\/api.w.org\/{rel}","templated":true}]}}