{"id":234,"date":"2017-12-22T22:04:20","date_gmt":"2017-12-23T01:04:20","guid":{"rendered":"http:\/\/www4.sbc.org.br\/csbc2018\/?page_id=234"},"modified":"2018-07-25T00:32:51","modified_gmt":"2018-07-25T03:32:51","slug":"wperformance","status":"publish","type":"page","link":"https:\/\/www4.sbc.org.br\/csbc2018\/?page_id=234","title":{"rendered":"17\u00ba WPerformance"},"content":{"rendered":"<h1><span style=\"color: #519660;\"><strong>17\u00ba Workshop em Desempenho de Sistemas Computacionais e de Comunica\u00e7\u00e3o (WPerformance)<\/strong><\/span><\/h1>\n<p>&nbsp;<\/p>\n<h2><span style=\"color: #519660;\"><strong>Datas importantes<\/strong><\/span><\/h2>\n<p>\u2013 Registro e submiss\u00e3o de artigos:\u00a0<span style=\"text-decoration: line-through;\"><b>23\/03\/2018<\/b><\/span>\u00a0(<b>02\/04\/2018 &#8211; Improrrog\u00e1vel<\/b>)<br \/>\n\u2013 Comunica\u00e7\u00e3o dos resultados:\u00a0<span style=\"text-decoration: line-through;\"><b>23\/04\/2018<\/b><\/span>\u00a0(<b>27\/04\/2018<\/b>)<br \/>\n\u2013 Submiss\u00e3o da vers\u00e3o definitiva do artigo e inscri\u00e7\u00e3o para o evento:\u00a0<span style=\"text-decoration: line-through;\"><b>30\/04\/2018<\/b><\/span>\u00a0(<b>04\/05\/2018<\/b>)<\/p>\n<h2><span style=\"color: #519660;\"><strong>Sobre o evento<\/strong><\/span><\/h2>\n<p align=\"justify\">O Workshop em Desempenho de Sistemas Computacionais e de Comunica\u00e7\u00e3o, conhecido como WPerformance, \u00e9 um f\u00f3rum para discuss\u00e3o e dissemina\u00e7\u00e3o de ideias sobre m\u00e9todos, modelos, t\u00e9cnicas e ferramentas para avalia\u00e7\u00e3o de desempenho de sistemas computacionais e de comunica\u00e7\u00e3o. O WPerformance se prop\u00f5e a receber artigos relacionados a problemas de desempenho das mais diversas \u00e1reas de hardware, software e aplica\u00e7\u00f5es da computa\u00e7\u00e3o (por exemplo, redes de computadores, sistemas distribu\u00eddos, sistemas ciberf\u00edsicos, bancos de dados e sistemas operacionais).<\/p>\n<p>Dezesseis edi\u00e7\u00f5es consecutivas do WPerformance j\u00e1 foram realizadas pela comunidade, no per\u00edodo de 2002 a 2017, todas em conjunto com o Congresso anual da SBC (CSBC). Em 2018, em sua 17\u00aa edi\u00e7\u00e3o, o WPerformance ser\u00e1 realizado em Natal.<\/p>\n<p>Na medida em que os sistemas de computa\u00e7\u00e3o tornam-se cada vez maiores e mais complexos, faz-se necess\u00e1ria sua avalia\u00e7\u00e3o do desempenho usando abordagens emp\u00edricas e\/ou modelos matem\u00e1ticos. A atual diversidade dos sistemas computacionais e de comunica\u00e7\u00e3o envolve v\u00e1rios par\u00e2metros que t\u00eam impactos diretos e indiretos em seu desempenho. O estudo destes sistemas via medi\u00e7\u00e3o, emula\u00e7\u00e3o, simula\u00e7\u00e3o e modelagem permite n\u00e3o s\u00f3 o melhor entendimento dos mesmos, mas tamb\u00e9m sua otimiza\u00e7\u00e3o.<\/p>\n<p>Para mais detalhes, veja a chamada completa em <a href=\"http:\/\/www4.sbc.org.br\/csbc2018\/wp-content\/uploads\/2018\/03\/wpeformance.pdf\" target=\"_blank\" rel=\"noopener\">PDF<\/a>.<\/p>\n<h2><span style=\"color: #519660;\"><strong>Programa\u00e7\u00e3o<\/strong><\/span><\/h2>\n<p><img loading=\"lazy\" decoding=\"async\" class=\"alignnone size-full wp-image-1293\" src=\"http:\/\/www4.sbc.org.br\/csbc2018\/wp-content\/uploads\/2018\/07\/Captura-de-Tela-2018-07-18-a\u0300s-20.55.12.png\" alt=\"\" width=\"763\" height=\"562\" srcset=\"https:\/\/www4.sbc.org.br\/csbc2018\/wp-content\/uploads\/2018\/07\/Captura-de-Tela-2018-07-18-a\u0300s-20.55.12.png 763w, https:\/\/www4.sbc.org.br\/csbc2018\/wp-content\/uploads\/2018\/07\/Captura-de-Tela-2018-07-18-a\u0300s-20.55.12-300x221.png 300w\" sizes=\"auto, (max-width: 763px) 100vw, 763px\" \/> <img loading=\"lazy\" decoding=\"async\" class=\"alignnone size-full wp-image-1292\" src=\"http:\/\/www4.sbc.org.br\/csbc2018\/wp-content\/uploads\/2018\/07\/Captura-de-Tela-2018-07-18-a\u0300s-20.55.24.png\" alt=\"\" width=\"763\" height=\"671\" srcset=\"https:\/\/www4.sbc.org.br\/csbc2018\/wp-content\/uploads\/2018\/07\/Captura-de-Tela-2018-07-18-a\u0300s-20.55.24.png 763w, https:\/\/www4.sbc.org.br\/csbc2018\/wp-content\/uploads\/2018\/07\/Captura-de-Tela-2018-07-18-a\u0300s-20.55.24-300x264.png 300w\" sizes=\"auto, (max-width: 763px) 100vw, 763px\" \/> <img loading=\"lazy\" decoding=\"async\" class=\"alignnone size-full wp-image-1291\" src=\"http:\/\/www4.sbc.org.br\/csbc2018\/wp-content\/uploads\/2018\/07\/Captura-de-Tela-2018-07-18-a\u0300s-20.55.32.png\" alt=\"\" width=\"763\" height=\"487\" srcset=\"https:\/\/www4.sbc.org.br\/csbc2018\/wp-content\/uploads\/2018\/07\/Captura-de-Tela-2018-07-18-a\u0300s-20.55.32.png 763w, https:\/\/www4.sbc.org.br\/csbc2018\/wp-content\/uploads\/2018\/07\/Captura-de-Tela-2018-07-18-a\u0300s-20.55.32-300x191.png 300w\" sizes=\"auto, (max-width: 763px) 100vw, 763px\" \/> <img loading=\"lazy\" decoding=\"async\" class=\"alignnone size-full wp-image-1290\" src=\"http:\/\/www4.sbc.org.br\/csbc2018\/wp-content\/uploads\/2018\/07\/Captura-de-Tela-2018-07-18-a\u0300s-20.55.38.png\" alt=\"\" width=\"768\" height=\"365\" srcset=\"https:\/\/www4.sbc.org.br\/csbc2018\/wp-content\/uploads\/2018\/07\/Captura-de-Tela-2018-07-18-a\u0300s-20.55.38.png 768w, https:\/\/www4.sbc.org.br\/csbc2018\/wp-content\/uploads\/2018\/07\/Captura-de-Tela-2018-07-18-a\u0300s-20.55.38-300x143.png 300w\" sizes=\"auto, (max-width: 768px) 100vw, 768px\" \/> <img loading=\"lazy\" decoding=\"async\" class=\"alignnone size-full wp-image-1289\" src=\"http:\/\/www4.sbc.org.br\/csbc2018\/wp-content\/uploads\/2018\/07\/Captura-de-Tela-2018-07-18-a\u0300s-20.55.45.png\" alt=\"\" width=\"765\" height=\"589\" srcset=\"https:\/\/www4.sbc.org.br\/csbc2018\/wp-content\/uploads\/2018\/07\/Captura-de-Tela-2018-07-18-a\u0300s-20.55.45.png 765w, https:\/\/www4.sbc.org.br\/csbc2018\/wp-content\/uploads\/2018\/07\/Captura-de-Tela-2018-07-18-a\u0300s-20.55.45-300x231.png 300w\" sizes=\"auto, (max-width: 765px) 100vw, 765px\" \/><\/p>\n<p><img loading=\"lazy\" decoding=\"async\" class=\"alignnone size-full wp-image-1361\" src=\"http:\/\/www4.sbc.org.br\/csbc2018\/wp-content\/uploads\/2018\/07\/Captura-de-Tela-2018-07-25-a\u0300s-00.32.13.png\" alt=\"\" width=\"765\" height=\"577\" srcset=\"https:\/\/www4.sbc.org.br\/csbc2018\/wp-content\/uploads\/2018\/07\/Captura-de-Tela-2018-07-25-a\u0300s-00.32.13.png 765w, https:\/\/www4.sbc.org.br\/csbc2018\/wp-content\/uploads\/2018\/07\/Captura-de-Tela-2018-07-25-a\u0300s-00.32.13-300x226.png 300w\" sizes=\"auto, (max-width: 765px) 100vw, 765px\" \/><\/p>\n<p><img loading=\"lazy\" decoding=\"async\" class=\"alignnone size-full wp-image-1287\" src=\"http:\/\/www4.sbc.org.br\/csbc2018\/wp-content\/uploads\/2018\/07\/Captura-de-Tela-2018-07-18-a\u0300s-20.56.01.png\" alt=\"\" width=\"766\" height=\"444\" srcset=\"https:\/\/www4.sbc.org.br\/csbc2018\/wp-content\/uploads\/2018\/07\/Captura-de-Tela-2018-07-18-a\u0300s-20.56.01.png 766w, https:\/\/www4.sbc.org.br\/csbc2018\/wp-content\/uploads\/2018\/07\/Captura-de-Tela-2018-07-18-a\u0300s-20.56.01-300x174.png 300w\" sizes=\"auto, (max-width: 766px) 100vw, 766px\" \/> <img loading=\"lazy\" decoding=\"async\" class=\"alignnone size-full wp-image-1286\" src=\"http:\/\/www4.sbc.org.br\/csbc2018\/wp-content\/uploads\/2018\/07\/Captura-de-Tela-2018-07-18-a\u0300s-20.56.08.png\" alt=\"\" width=\"763\" height=\"293\" srcset=\"https:\/\/www4.sbc.org.br\/csbc2018\/wp-content\/uploads\/2018\/07\/Captura-de-Tela-2018-07-18-a\u0300s-20.56.08.png 763w, https:\/\/www4.sbc.org.br\/csbc2018\/wp-content\/uploads\/2018\/07\/Captura-de-Tela-2018-07-18-a\u0300s-20.56.08-300x115.png 300w\" sizes=\"auto, (max-width: 763px) 100vw, 763px\" \/><\/p>\n<h2><span style=\"color: #519660;\"><strong>Coordena\u00e7\u00e3o<\/strong><\/span><\/h2>\n<p><span style=\"color: #ffffff;\">&#8230;<\/span><\/p>\n<table style=\"height: 210 px;\" width=\"460\">\n<tbody>\n<tr>\n<td><\/td>\n<td>\n<ul>\n<li>Alfredo Goldman<\/li>\n<li>USP<\/li>\n<li>Coordena\u00e7\u00e3o Geral<\/li>\n<li>e-mail:\u00a0<u>wperformance2018@gmail.com<\/u><\/li>\n<\/ul>\n<\/td>\n<\/tr>\n<tr>\n<td><span style=\"color: #ffffff;\">&#8230;<\/span><\/td>\n<td><\/td>\n<\/tr>\n<tr>\n<td><\/td>\n<td>\n<ul>\n<li>Miguel Elias M. Campista<\/li>\n<li>UFRJ<\/li>\n<li>Coordena\u00e7\u00e3o Geral<\/li>\n<li>e-mail:\u00a0<u>wperformance2018@gmail.com<\/u><\/li>\n<\/ul>\n<p>&nbsp;<\/td>\n<\/tr>\n<tr>\n<td><\/td>\n<td>\n<ul>\n<li>Andr\u00e9 Gustavo<\/li>\n<li>UERN<\/li>\n<li>Coordena\u00e7\u00e3o Local<\/li>\n<li>e-mail:\u00a0<u>wperformance2018@gmail.com<\/u><\/li>\n<\/ul>\n<\/td>\n<\/tr>\n<\/tbody>\n<\/table>\n<p>&nbsp;<\/p>\n","protected":false},"excerpt":{"rendered":"<p>17\u00ba Workshop em Desempenho de Sistemas Computacionais e de Comunica\u00e7\u00e3o (WPerformance) &nbsp; Datas importantes \u2013 Registro e submiss\u00e3o de artigos:\u00a023\/03\/2018\u00a0(02\/04\/2018 &#8211; Improrrog\u00e1vel) \u2013 Comunica\u00e7\u00e3o dos resultados:\u00a023\/04\/2018\u00a0(27\/04\/2018) \u2013 Submiss\u00e3o da vers\u00e3o &#8230;<\/p>\n","protected":false},"author":3,"featured_media":0,"parent":0,"menu_order":0,"comment_status":"closed","ping_status":"closed","template":"content-fullwidth.php","meta":{"footnotes":""},"class_list":["post-234","page","type-page","status-publish","hentry"],"_links":{"self":[{"href":"https:\/\/www4.sbc.org.br\/csbc2018\/index.php?rest_route=\/wp\/v2\/pages\/234","targetHints":{"allow":["GET"]}}],"collection":[{"href":"https:\/\/www4.sbc.org.br\/csbc2018\/index.php?rest_route=\/wp\/v2\/pages"}],"about":[{"href":"https:\/\/www4.sbc.org.br\/csbc2018\/index.php?rest_route=\/wp\/v2\/types\/page"}],"author":[{"embeddable":true,"href":"https:\/\/www4.sbc.org.br\/csbc2018\/index.php?rest_route=\/wp\/v2\/users\/3"}],"replies":[{"embeddable":true,"href":"https:\/\/www4.sbc.org.br\/csbc2018\/index.php?rest_route=%2Fwp%2Fv2%2Fcomments&post=234"}],"version-history":[{"count":19,"href":"https:\/\/www4.sbc.org.br\/csbc2018\/index.php?rest_route=\/wp\/v2\/pages\/234\/revisions"}],"predecessor-version":[{"id":1362,"href":"https:\/\/www4.sbc.org.br\/csbc2018\/index.php?rest_route=\/wp\/v2\/pages\/234\/revisions\/1362"}],"wp:attachment":[{"href":"https:\/\/www4.sbc.org.br\/csbc2018\/index.php?rest_route=%2Fwp%2Fv2%2Fmedia&parent=234"}],"curies":[{"name":"wp","href":"https:\/\/api.w.org\/{rel}","templated":true}]}}