{"id":232,"date":"2017-12-22T21:59:59","date_gmt":"2017-12-23T00:59:59","guid":{"rendered":"http:\/\/www4.sbc.org.br\/csbc2018\/?page_id=232"},"modified":"2018-07-02T06:31:16","modified_gmt":"2018-07-02T09:31:16","slug":"wcama","status":"publish","type":"page","link":"https:\/\/www4.sbc.org.br\/csbc2018\/?page_id=232","title":{"rendered":"9\u00ba WCAMA"},"content":{"rendered":"<h1><span style=\"color: #519660;\"><strong>9\u00ba Workshop de Computa\u00e7\u00e3o Aplicada a Gest\u00e3o do Meio Ambiente e Recursos Naturais (WCAMA)<\/strong><\/span><\/h1>\n<p>&nbsp;<\/p>\n<h2><span style=\"color: #519660;\"><strong>Datas importantes<\/strong><\/span><\/h2>\n<p>&#8211; Data limite para submiss\u00e3o dos trabalhos:<strong> <span style=\"text-decoration: line-through;\">19\/03\/2018<\/span>\u00a0\u00a0 26\/03\/2018<\/strong><br \/>\n&#8211; Notifica\u00e7\u00e3o dos trabalhos aceitos:<strong> <span style=\"text-decoration: line-through;\">23\/04\/2018<\/span>\u00a0\u00a0 26\/04\/2018<\/strong><br \/>\n&#8211; Data limite para envio das vers\u0151es finais: <strong>\u00a0 \u00a030\/04\/2018<\/strong><\/p>\n<h2><span style=\"color: #519660;\"><strong>Sobre o evento<\/strong><\/span><\/h2>\n<p align=\"justify\">O 9\u00ba WCAMA tem como objetivo promover a integra\u00e7\u00e3o efetiva da \u00e1rea de computa\u00e7\u00e3o (metodologias e ferramentas) com temas relacionados ao meio ambiente (pol\u00edtica e gest\u00e3o).<\/p>\n<p>Como a gest\u00e3o dos recursos naturais \u00e9 uma atividade complexa e din\u00e2mica, ela requer a integra\u00e7\u00e3o entre atores nos campos social, pol\u00edtico e tecnol\u00f3gico para serem efetivamente desenvolvidas e implantadas.<\/p>\n<p>Neste contexto, busca-se discutir do ponto de vista da computa\u00e7\u00e3o o desenvolvimento de metodologias e ferramentas para gest\u00e3o do meio ambiente e recursos naturais. Mais especificamente, trabalha-se no sentido de tratar eficientemente o gerenciamento e a comunica\u00e7\u00e3o entre grandes volumes de dados, o desenvolvimento de t\u00e9cnicas para an\u00e1lise destes dados e a otimiza\u00e7\u00e3o do controle e integra\u00e7\u00e3o dos dados gerados.<\/p>\n<p>Para mais detalhes, veja a chamada completa em <a href=\"http:\/\/www4.sbc.org.br\/csbc2018\/wp-content\/uploads\/2018\/03\/WCAMA.pdf\" target=\"_blank\" rel=\"noopener\">PDF<\/a>.<\/p>\n<h2><span style=\"color: #519660;\"><strong>Programa\u00e7\u00e3o\u00a0<\/strong><\/span><\/h2>\n<p><img loading=\"lazy\" decoding=\"async\" class=\"alignnone wp-image-1182 \" src=\"http:\/\/www4.sbc.org.br\/csbc2018\/wp-content\/uploads\/2018\/06\/Captura-de-Tela-2018-06-20-a\u0300s-19.35.22-770x437.png\" alt=\"\" width=\"823\" height=\"467\" srcset=\"https:\/\/www4.sbc.org.br\/csbc2018\/wp-content\/uploads\/2018\/06\/Captura-de-Tela-2018-06-20-a\u0300s-19.35.22-770x437.png 770w, https:\/\/www4.sbc.org.br\/csbc2018\/wp-content\/uploads\/2018\/06\/Captura-de-Tela-2018-06-20-a\u0300s-19.35.22-300x170.png 300w, https:\/\/www4.sbc.org.br\/csbc2018\/wp-content\/uploads\/2018\/06\/Captura-de-Tela-2018-06-20-a\u0300s-19.35.22-768x436.png 768w, https:\/\/www4.sbc.org.br\/csbc2018\/wp-content\/uploads\/2018\/06\/Captura-de-Tela-2018-06-20-a\u0300s-19.35.22-1024x582.png 1024w, https:\/\/www4.sbc.org.br\/csbc2018\/wp-content\/uploads\/2018\/06\/Captura-de-Tela-2018-06-20-a\u0300s-19.35.22-437x248.png 437w, https:\/\/www4.sbc.org.br\/csbc2018\/wp-content\/uploads\/2018\/06\/Captura-de-Tela-2018-06-20-a\u0300s-19.35.22.png 1197w\" sizes=\"auto, (max-width: 823px) 100vw, 823px\" \/><img loading=\"lazy\" decoding=\"async\" class=\"alignnone wp-image-1181 \" src=\"http:\/\/www4.sbc.org.br\/csbc2018\/wp-content\/uploads\/2018\/06\/Captura-de-Tela-2018-06-20-a\u0300s-19.35.43-770x500.png\" alt=\"\" width=\"818\" height=\"531\" srcset=\"https:\/\/www4.sbc.org.br\/csbc2018\/wp-content\/uploads\/2018\/06\/Captura-de-Tela-2018-06-20-a\u0300s-19.35.43-770x500.png 770w, https:\/\/www4.sbc.org.br\/csbc2018\/wp-content\/uploads\/2018\/06\/Captura-de-Tela-2018-06-20-a\u0300s-19.35.43-300x195.png 300w, https:\/\/www4.sbc.org.br\/csbc2018\/wp-content\/uploads\/2018\/06\/Captura-de-Tela-2018-06-20-a\u0300s-19.35.43-768x498.png 768w, https:\/\/www4.sbc.org.br\/csbc2018\/wp-content\/uploads\/2018\/06\/Captura-de-Tela-2018-06-20-a\u0300s-19.35.43-1024x665.png 1024w, https:\/\/www4.sbc.org.br\/csbc2018\/wp-content\/uploads\/2018\/06\/Captura-de-Tela-2018-06-20-a\u0300s-19.35.43.png 1225w\" sizes=\"auto, (max-width: 818px) 100vw, 818px\" \/><\/p>\n<h2><span style=\"color: #519660;\"><strong>Artigos aceitos<\/strong><\/span><\/h2>\n<p><span style=\"color: #008000;\"><b>##############################<\/b><b><br \/>\n<\/b><b># Artigos completos \/ Full Papers #<\/b><b><br \/>\n<\/b><b>##############################<\/b><\/span><\/p>\n<p><b>An\u00e1lise de ferramentas de suporte tecnol\u00f3gico para simula\u00e7\u00e3o da din\u00e2mica da cobertura e uso do solo\u00a0\u00a0\u00a0 <\/b><br \/>\nJean Ferreira (Unipampa), Ana Paula Ludtke Ferreira (Unipampa)<\/p>\n<p><b>Detec\u00e7\u00e3o de Anomalias em Comportamento de Abelhas Utilizando Redes Neurais Recorrentes\u00a0\u00a0\u00a0 <\/b><br \/>\nGustavo Pessin (USP), Eduardo Carvalho (UFPA), Hanna Carvalho (UFPA)<\/p>\n<p><b>EstOceano: Proposta de solu\u00e7\u00e3o integrada de Hardware, Software e Internet das Coisas para monitoramento ambiental\u00a0\u00a0\u00a0 <\/b><br \/>\nAlan Helal (UFES), Rodolfo Villaca (UFES), Roberto Colistete (UFES)<\/p>\n<p><b>Modelo de Previs\u00e3o Hidrol\u00f3gica Utilizando Redes Neurais Artificiais: Um estudo de Caso na Bacia do Rio Xingu &#8211; Altamira-PA\u00a0\u00a0\u00a0 <\/b><br \/>\nArilson Silva (Sistema de Prote\u00e7\u00e3o da Amaz\u00f4nia)<\/p>\n<p><b>Previs\u00e3o Anual de Precipita\u00e7\u00f5es em Manaus, Amazonas: Um comparativo de t\u00e9cnicas de Aprendizado de M\u00e1quina\u00a0\u00a0\u00a0 <\/b><br \/>\nRafaela dos Santos Sousa (UEA), Ello\u00e1 B. Guedes (UEA),<br \/>\nMa Betania Oliveira (UEA)<\/p>\n<p><b>Reconhecimento de Padr\u00f5es de Col\u00f4nias de Abelhas Apis Mellifera Segundo Mudan\u00e7as das Esta\u00e7\u00f5es do Ano\u00a0\u00a0\u00a0 <\/b><br \/>\nFelipe Anderson Maciel (UFC), Antonio Rafael Braga (UFC),<br \/>\nAlisson Silva (UFC), Ticiana Coelho da Silva (UFC), Breno Freitas (UFC), Danielo G. Gomes (UFC)<\/p>\n<p><b>Sensor optoac\u00fastico para detec\u00e7\u00e3o em tempo real de moscas-das-frutas (Diptera: Tephritidae) para uso em armadilhas inteligentes\u00a0\u00a0\u00a0 <\/b><br \/>\nFabiano Moraes (IFSUL)<\/p>\n<p><b>Um m\u00e9todo para gerenciamento do processo de fiscaliza\u00e7\u00e3o dos recursos h\u00eddricos\u00a0\u00a0\u00a0 <\/b><br \/>\nHugo Feitosa de Figueir\u00eado (IFPB), Andr\u00e9 Alves (UFCG), H\u00e9lisson Nascimento (UFCG), Claudio Baptista (UFCG), Erica Almeida (AESA)<br \/>\n<b><br \/>\n<\/b><\/p>\n<p><span style=\"color: #008000;\"><b>##############################<wbr \/>##############################<wbr \/>####################<\/b><b><br \/>\n<\/b><b> # Artigos resumidos\/demonstra\u00e7\u00e3o de software \/ Abstract Papers\/Software Demonstrations #<\/b><b><br \/>\n<\/b><b> ##############################<wbr \/>##############################<wbr \/>####################<\/b><\/span><\/p>\n<p><b>An R package to access climate change data for South America regionalized by the Eta Model of CPTEC\/INPE\u00a0\u00a0\u00a0 <\/b><br \/>\nMarina Dezordi (UPF), Carlos H\u00f6lbig (UPF), Willingthon Pavan (UPF), Jos\u00e9 Maur\u00edcio Cunha Fernandes (UPF\/Embrapa Trigo)<\/p>\n<p><b>Aplica\u00e7\u00e3o da Ci\u00eancia Cidad\u00e3 em Banco de Dados de Herb\u00e1rios\u00a0\u00a0\u00a0 <\/b><br \/>\nFelipe Alves Oliveira (IME), Lu\u00eds Alexandre Silva (Jardim Bot\u00e2nico do Rio de Janeiro)<\/p>\n<p><b>Aplicativo colaborativo para alerta de vulnerabilidade a alagamentos e enchentes no\u00a0\u00a0\u00a0 <\/b><br \/>\nAna Elisa Schmidt (IFC), Andressa Santos Alves de Lima (IFC),<br \/>\nRodrigo Nogueira (IFC)<\/p>\n<p><b>Aplicativo iOS para coleta aut\u00f4noma de imagens e monitoramento do meio agr\u00edcola\u00a0\u00a0\u00a0 <\/b><br \/>\nGustavo Visentini (UPF), Willingthon Pavan (UPF), Carlos H\u00f6lbig (UPF), Jos\u00e9 Maur\u00edcio Cunha Fernandes (UPF\/Embrapa Trigo)<\/p>\n<p><b>Monitoramento de \u00e1rea de prote\u00e7\u00e3o ambiental com VANTs\u00a0\u00a0\u00a0 <\/b><br \/>\nDiego Pereira (IFRN\/UFRN), Mauricio R Silva (UFRN\/IFPB),Lu\u00eds Nascimento (UFC),<br \/>\nB\u00e1rbara Soares (UFRN), Pablo Alsina (UFRN), Deyvid Leite (UFRN), Daniel Fernandes (UFRN)<\/p>\n<p><b>Sistema de controle e automa\u00e7\u00e3o para irriga\u00e7\u00e3o\u00a0\u00a0\u00a0 <\/b><br \/>\nFrank Ferreira (UFRA), Fabricio Sousa (UFRA), Gissandro Gama (UFRA), Luana Monteiro (UFRA),<br \/>\nJos\u00e9 Felipe De Almeida (UFRA), Alexandre Silva (UFRA)<\/p>\n<p><b>Uma proposta para monitorar a polui\u00e7\u00e3o sonora atrav\u00e9s de smartphones e uma cidade virtual 3D\u00a0\u00a0\u00a0 <\/b><br \/>\nFrederico Miranda (UTFPR)<span class=\"HOEnZb\"><span style=\"color: #888888;\"><span class=\"m_-3923742730420435500HOEnZb\"><br \/>\n<\/span><\/span><\/span><\/p>\n<h2><\/h2>\n<h2><span style=\"color: #519660;\"><strong>Palestra (25\/07\/2018) &#8211; Sala 8<\/strong><\/span><\/h2>\n<h3><strong><span class=\"m_-8552747465534293236gmail-im\"><b>Gerenciamento de Cole\u00e7\u00f5es Cient\u00edficas Biol\u00f3gicas em Nuvem<\/b><\/span>.<\/strong><\/h3>\n<p><em>Luiz Alexandre Estev\u00e3o da Silva<\/em><\/p>\n<p><em><strong>Resumo:<\/strong> A computa\u00e7\u00e3o em nuvem \u00e9 cada vez mais usada como plataforma para sistemas de informa\u00e7\u00e3o. Entre suas vantagens destaca-se a otimiza\u00e7\u00e3o de recursos computacionais, compartilhando o alto valor investido no desenvolvimento de sistemas, resultando assim em um menor custo na aquisi\u00e7\u00e3o, implanta\u00e7\u00e3o e manuten\u00e7\u00e3o dos equipamentos usados na infraestrutura de um projeto.\u00a0Nessa oportunidade, ser\u00e1 apresentado como estudo de caso, a experi\u00eancia do Sistema de Gerenciamento de Cole\u00e7\u00f5es Biol\u00f3gicas Jabot (jabot.jbrj.gov.br), desenvolvido e em uso h\u00e1 13 anos no Instituto de Pesquisas Jardim Bot\u00e2nico do Rio de Janeiro. Hoje, o sistema \u00e9 utilizado\u00a0em 42 institui\u00e7\u00f5es de pesquisas em 16 estados, na modalidade SaaS (<i>software as a service<\/i>), por\u00e9m sem custos para os parceiros.\u00a0A vers\u00e3o \u00e9 composta por 8 m\u00f3dulos que possibilitam o controle da taxonomia, dos esp\u00e9cimes e suas imagens, cole\u00e7\u00f5es correlatas e\u00a0 qualidade de dados; permite a curadoria do herb\u00e1rio e cole\u00e7\u00e3o viva; a publica\u00e7\u00e3o de dados e; a produ\u00e7\u00e3o de listas de esp\u00e9cies.\u00a0<span lang=\"EN-US\">O sistema<\/span>\u00a0suporta 13 tipos de cole\u00e7\u00f5es cient\u00edficas.\u00a0Diante da escassez de recursos financeiros e, necessidade da disponibiliza\u00e7\u00e3o dos acervos das institui\u00e7\u00f5es com atividades em biodiversidade, a computa\u00e7\u00e3o em nuvem \u00e9 uma solu\u00e7\u00e3o para o gerenciamento de cole\u00e7\u00f5es de herb\u00e1rios\u00a0e jardins bot\u00e2nicos. O volume de dados de aproximadamente 1.4 milh\u00e3o de registros e 3 milh\u00f5es de imagens formam um rica fonte para o desenvolvimento de pesquisas aplicadas para a \u00e1rea da Computa\u00e7\u00e3o.<\/em><\/p>\n<p>&nbsp;<\/p>\n<h2><span style=\"color: #519660;\"><strong>Palestra (26\/07\/2018) &#8211; Sala 1<\/strong><\/span><\/h2>\n<h3><strong>Geoprocessamento aplicado no monitoramento e fiscaliza\u00e7\u00e3o\u00a0<\/strong><strong>ambiental no Brasil: estudos de caso.<\/strong><\/h3>\n<p><em>Frederico Fonseca Galv\u00e3o de Oliveira<\/em><br \/>\n<em>Analista Ambiental do IBAMA\/RN<\/em><br \/>\n<em>Doutor em Geoci\u00eancias e Meio Ambiente<\/em><\/p>\n<p><em><strong>Resumo:<\/strong> No Brasil, muitas atividades econ\u00f4micas potencialmente poluidoras est\u00e3o\u00a0assentadas sobre ambientes que apresentam grandes vulnerabilidades\u00a0ambientais. Neste escopo, o uso de ferramentas de geoprocessamento no\u00a0monitoramento deste ambientes, se mostra como uma importante\u00a0t\u00e9cnica e m\u00e9todo para an\u00e1lise e diagn\u00f3stico na detec\u00e7\u00e3o de il\u00edcitos ambientais, com vistas \u00e0 fiscaliza\u00e7\u00e3o ambiental federal. Assim, o objetivo\u00a0desta apresenta\u00e7\u00e3o \u00e9 tentar mostrar, a partir de estudos de caso,\u00a0situa\u00e7\u00f5es em que o geoprocessamento foi a principal ferramenta de\u00a0aux\u00edlio na detec\u00e7\u00e3o e mensura\u00e7\u00e3o dos impactos ambientais em diversos ambientes brasileiros.<\/em><\/p>\n<p>&nbsp;<\/p>\n<h2><span style=\"color: #519660;\"><strong>Coordena\u00e7\u00e3o<\/strong><\/span><\/h2>\n<p><span style=\"color: #ffffff;\">&#8230;<\/span><\/p>\n<table style=\"height: 210 px;\" width=\"460\">\n<tbody>\n<tr>\n<td><\/td>\n<td>\n<ul>\n<li>Diana Francisca Adamatti ,<\/li>\n<li>FURG<\/li>\n<li>Coordena\u00e7\u00e3o Geral<\/li>\n<li>e-mail:\u00a0<u>dianaadamatti@furg.br<\/u><\/li>\n<\/ul>\n<\/td>\n<\/tr>\n<tr>\n<td><span style=\"color: #ffffff;\">&#8230;<\/span><\/td>\n<td><\/td>\n<\/tr>\n<tr>\n<td><\/td>\n<td>\n<ul>\n<li>Carlos Amaral H\u00f6lbig<\/li>\n<li>UPF<\/li>\n<li>Coordena\u00e7\u00e3o Geral<\/li>\n<li>e-mail:\u00a0<u>holbig@upf.br<\/u><\/li>\n<\/ul>\n<\/td>\n<\/tr>\n<tr>\n<td><span style=\"color: #ffffff;\">&#8230;<\/span><\/td>\n<td><\/td>\n<\/tr>\n<tr>\n<td><\/td>\n<td>\n<ul>\n<li>Marilton Sanchotene de Aguiar<\/li>\n<li>UFPel<\/li>\n<li>Coordena\u00e7\u00e3o Geral<\/li>\n<li>e-mail:\u00a0<u>marilton@inf.ufpel.edu.br<\/u><\/li>\n<\/ul>\n<\/td>\n<\/tr>\n<tr>\n<td><\/td>\n<td>\n<ul>\n<li>Camila Araujo<\/li>\n<li>UERN<\/li>\n<li>Coordena\u00e7\u00e3o Local<\/li>\n<li>e-mail:\u00a0<u>camilaaraujo@uern.br<\/u><\/li>\n<\/ul>\n<\/td>\n<\/tr>\n<\/tbody>\n<\/table>\n<p>&nbsp;<\/p>\n","protected":false},"excerpt":{"rendered":"<p>9\u00ba Workshop de Computa\u00e7\u00e3o Aplicada a Gest\u00e3o do Meio Ambiente e Recursos Naturais (WCAMA) &nbsp; Datas importantes &#8211; Data limite para submiss\u00e3o dos trabalhos: 19\/03\/2018\u00a0\u00a0 26\/03\/2018 &#8211; Notifica\u00e7\u00e3o dos trabalhos &#8230;<\/p>\n","protected":false},"author":3,"featured_media":0,"parent":0,"menu_order":0,"comment_status":"closed","ping_status":"closed","template":"content-fullwidth.php","meta":{"footnotes":""},"class_list":["post-232","page","type-page","status-publish","hentry"],"_links":{"self":[{"href":"https:\/\/www4.sbc.org.br\/csbc2018\/index.php?rest_route=\/wp\/v2\/pages\/232","targetHints":{"allow":["GET"]}}],"collection":[{"href":"https:\/\/www4.sbc.org.br\/csbc2018\/index.php?rest_route=\/wp\/v2\/pages"}],"about":[{"href":"https:\/\/www4.sbc.org.br\/csbc2018\/index.php?rest_route=\/wp\/v2\/types\/page"}],"author":[{"embeddable":true,"href":"https:\/\/www4.sbc.org.br\/csbc2018\/index.php?rest_route=\/wp\/v2\/users\/3"}],"replies":[{"embeddable":true,"href":"https:\/\/www4.sbc.org.br\/csbc2018\/index.php?rest_route=%2Fwp%2Fv2%2Fcomments&post=232"}],"version-history":[{"count":13,"href":"https:\/\/www4.sbc.org.br\/csbc2018\/index.php?rest_route=\/wp\/v2\/pages\/232\/revisions"}],"predecessor-version":[{"id":1220,"href":"https:\/\/www4.sbc.org.br\/csbc2018\/index.php?rest_route=\/wp\/v2\/pages\/232\/revisions\/1220"}],"wp:attachment":[{"href":"https:\/\/www4.sbc.org.br\/csbc2018\/index.php?rest_route=%2Fwp%2Fv2%2Fmedia&parent=232"}],"curies":[{"name":"wp","href":"https:\/\/api.w.org\/{rel}","templated":true}]}}