{"id":224,"date":"2017-12-22T21:35:28","date_gmt":"2017-12-23T00:35:28","guid":{"rendered":"http:\/\/www4.sbc.org.br\/csbc2018\/?page_id=224"},"modified":"2018-07-26T08:18:30","modified_gmt":"2018-07-26T11:18:30","slug":"wbci","status":"publish","type":"page","link":"https:\/\/www4.sbc.org.br\/csbc2018\/?page_id=224","title":{"rendered":"1\u00ba WBCI"},"content":{"rendered":"<p>&nbsp;<\/p>\n<table style=\"height: 210 px;\" width=\"900\">\n<tbody>\n<tr>\n<td style=\"text-align: center;\"><img loading=\"lazy\" decoding=\"async\" class=\"wp-image-651 alignnone\" src=\"http:\/\/www4.sbc.org.br\/csbc2018\/wp-content\/uploads\/2017\/12\/Captura-de-Tela-2018-03-05-a\u0300s-19.11.02-300x185.png\" alt=\"\" width=\"174\" height=\"107\" srcset=\"https:\/\/www4.sbc.org.br\/csbc2018\/wp-content\/uploads\/2017\/12\/Captura-de-Tela-2018-03-05-a\u0300s-19.11.02-300x185.png 300w, https:\/\/www4.sbc.org.br\/csbc2018\/wp-content\/uploads\/2017\/12\/Captura-de-Tela-2018-03-05-a\u0300s-19.11.02-768x473.png 768w, https:\/\/www4.sbc.org.br\/csbc2018\/wp-content\/uploads\/2017\/12\/Captura-de-Tela-2018-03-05-a\u0300s-19.11.02-770x474.png 770w, https:\/\/www4.sbc.org.br\/csbc2018\/wp-content\/uploads\/2017\/12\/Captura-de-Tela-2018-03-05-a\u0300s-19.11.02.png 845w\" sizes=\"auto, (max-width: 174px) 100vw, 174px\" \/><\/td>\n<td>\n<h1 style=\"text-align: center;\"><span style=\"color: #519660;\"><strong>1\u00ba Workshop Brasileiro de Cidades Inteligentes (WBCI)<\/strong><\/span><\/h1>\n<\/td>\n<\/tr>\n<\/tbody>\n<\/table>\n<p>&nbsp;<\/p>\n<h2><span style=\"color: #519660;\"><strong>Datas importantes<\/strong><\/span><\/h2>\n<p>&#8211; Submiss\u00e3o de artigos: <strong><span style=\"text-decoration: line-through;\">25\/03\/2018\u00a0<\/span>\u00a002\/04\/2018<\/strong><br \/>\n&#8211; Notifica\u00e7\u00e3o aos autores: <strong>23\/04\/2018<\/strong><br \/>\n&#8211; Envio das vers\u00f5es finais: <strong>30\/04\/2018<\/strong><br \/>\n&#8211; Data do Evento:<strong> 25\/07\/2018<\/strong><\/p>\n<p><b>Link para submiss\u00e3o (Jems):\u00a0<a href=\"https:\/\/jems.sbc.org.br\/home.cgi?c=2975\" target=\"_blank\" rel=\"noopener\" data-saferedirecturl=\"https:\/\/www.google.com\/url?hl=en&amp;q=https:\/\/jems.sbc.org.br\/home.cgi?c%3D2975&amp;source=gmail&amp;ust=1522190642348000&amp;usg=AFQjCNHvMILdnOUiHS_e8WiiHTna8pzvRA\">https:\/\/jems.sbc.org.b<wbr \/>r\/home.cgi?c=2975<\/a><\/b><\/p>\n<h2><span style=\"color: #519660;\"><strong>Sobre o evento<\/strong><\/span><\/h2>\n<p align=\"justify\">Tem se observado mundialmente um imenso \u00eaxodo das \u00e1reas rurais para as urbanas. Desde 2009, mais da metade da popula\u00e7\u00e3o mundial vive em cidades e espera-se que esse n\u00famero cres\u00e7a para aproximadamente 70% em 2050. No Brasil, esse percentual j\u00e1 era de 84% em 2010. Com o crescimento populacional, surgem v\u00e1rios desafios que muitas vezes impedem que as cidades sejam lugares mais sustent\u00e1veis, agrad\u00e1veis, eficientes, justos e seguros. Uma forma de enfrentar tais desafios \u00e9 atrav\u00e9s da realiza\u00e7\u00e3o do conceito de cidades inteligentes e humanas, que visa otimizar o uso de recursos e a infraestrutura das cidades por meio da cria\u00e7\u00e3o de mais e melhores servi\u00e7os para atender de forma sustent\u00e1vel os anseios, interesses e necessidades da popula\u00e7\u00e3o. Uma cidade pode ser definida como inteligente e humana quando h\u00e1 investimento em capital humano e social e em modernas tecnologias de informa\u00e7\u00e3o e comunica\u00e7\u00e3o (TICs) que, atrav\u00e9s de a\u00e7\u00f5es engajadas e participativas, contribuem harmoniosamente para o bem-estar e a qualidade de vida dos cidad\u00e3os.<\/p>\n<p>O objetivo do WBCI 2018 \u00e9 ser um f\u00f3rum nacional para a aproxima\u00e7\u00e3o entre pesquisadores brasileiros, ind\u00fastria e governo, de modo a fomentar a troca de experi\u00eancias nos diversos aspectos das TICs relevantes para a \u00e1rea. Pretende-se tamb\u00e9m contribuir para fomentar a pesquisa e promover discuss\u00f5es com foco na melhoria de fatores que preocupam hoje os habitantes de boa parte das cidades brasileiras, tais como a educa\u00e7\u00e3o, mobilidade, seguran\u00e7a p\u00fablica, sa\u00fade, dentre outros temas.<\/p>\n<p>Para mais detalhes, veja a chamada completa em <a href=\"http:\/\/www4.sbc.org.br\/csbc2018\/wp-content\/uploads\/2018\/03\/WBCI-2.pdf\" target=\"_blank\" rel=\"noopener\">PDF<\/a>.<\/p>\n<p>&nbsp;<\/p>\n<h2><span style=\"color: #519660;\"><strong>Programa\u00e7\u00e3o<\/strong><\/span><\/h2>\n<p><b>10h &#8211; 10h10: <\/b>Abertura<\/p>\n<p><b>10h10 &#8211; 11h: <\/b>Palestra 1 &#8211; Projeto InterSCity \u2013 Ci\u00eancia e Computa\u00e7\u00e3o a servi\u00e7o das cidades (Prof. Fabio Kon \/ USP)<\/p>\n<p><b>11h &#8211; 12h20 &#8211; Sess\u00e3o 1:\u00a0<\/b>Monitoramento Ambiental e An\u00e1lise de Dados para Cidades Inteligentes<\/p>\n<ul>\n<li>Arquitetura para Constru\u00e7\u00e3o de \u00cdndices Ambientais Apoiada por Ontologias: um Estudo Explorat\u00f3rio sobre Qualidade do Ar<\/li>\n<li>Monitoramento Ambiental de Cidades Urbanas: Detectando Outliers via An\u00e1lise Fatorial Explorat\u00f3ria<\/li>\n<li>Integra\u00e7\u00e3o, Relacionamento e Representa\u00e7\u00e3o de Dados em Cidades Inteligentes: Uma Revis\u00e3o de Literatura<\/li>\n<li>Uso de aprendizado supervisionado para an\u00e1lise de confiabilidade de dados de crowdsourcing sobre posicionamento de \u00f4nibus<\/li>\n<\/ul>\n<p><b>12h20 \u2013 13h: Palestra 2 &#8211;\u00a0<\/b>Projetos para Cidades Inteligentes do INES (Prof. Sergio Soares \/ UFPE)<\/p>\n<p><b>17h &#8211; 18h: Sess\u00e3o 2:\u00a0<\/b>Aplica\u00e7\u00f5es de Seguran\u00e7a para Cidades Inteligentes<\/p>\n<ul>\n<li>Um Ambiente de Apoio \u00e0 Decis\u00e3o baseado em Data Warehouse para a \u00e1rea de Seguran\u00e7a P\u00fablica do Estado do Rio de Janeiro<\/li>\n<li>Plataforma ROTA: Hist\u00f3rico, Desafios e Solu\u00e7\u00f5es para Seguran\u00e7a P\u00fablica em Cidades Inteligentes<\/li>\n<li>Uma Plataforma para Apoio \u00e0 Seguran\u00e7a em Campus Inteligente<\/li>\n<\/ul>\n<p><b>18h &#8211; 18h40: Palestra 3 &#8211;\u00a0<\/b>Cidades Inteligentes: Conceitos, Experi\u00eancia de Natal e Novos desafios (Prof. Nelio Cacho \/ UFRN)<\/p>\n<p><b>18h40 &#8211; 20h: Sess\u00e3o 3:\u00a0<\/b>Localiza\u00e7\u00e3o e Mobilidade em Cidades Inteligentes<\/p>\n<ul>\n<li>Uma metodologia de localiza\u00e7\u00e3o Indoor para smartphones em ambientes de Cidades Inteligentes<\/li>\n<li>Cria\u00e7\u00e3o de Modelo para Simula\u00e7\u00e3o de Movimenta\u00e7\u00e3o de \u00d4nibus a Partir de Dados Reais<\/li>\n<li>Model-Driven Mobile CrowdSensing for Smart Cities<\/li>\n<li>An\u00e1lise do Impacto de Chuvas na Velocidade M\u00e9dia do Transporte P\u00fablico Coletivo de \u00d4nibus em Recife<\/li>\n<\/ul>\n<p>&nbsp;<\/p>\n<h2><span style=\"color: #519660;\"><strong>Palestras<\/strong><\/span><\/h2>\n<div>\n<div dir=\"ltr\">\n<div>\n<h3><\/h3>\n<h3><b><span style=\"color: #339966;\">Palestra 1: (<a href=\"http:\/\/www4.sbc.org.br\/csbc2018\/wp-content\/uploads\/2018\/07\/InterSCity-WBCI2018.pdf\" target=\"_blank\" rel=\"noopener\">PDF<\/a>)<br \/>\n<\/span><\/b><\/h3>\n<h4><strong><span style=\"color: #339966;\">T\u00edtulo: Projeto InterSCity \u2013 Ci\u00eancia e Computa\u00e7\u00e3o a servi\u00e7o das cidades<\/span><\/strong><\/h4>\n<div><\/div>\n<\/div>\n<div><b>Palestrante<\/b>: Prof. Fabio Kon<\/div>\n<div>\n<div><b>Resumo<\/b>:<\/div>\n<div>\n<p align=\"justify\">Nesta palestra discutiremos como uma abordagem cient\u00edfica para pol\u00edticas p\u00fablicas pode trazer melhores condi\u00e7\u00f5es de vida para as popula\u00e7\u00f5es das cidades contempor\u00e2neas. Em particular, veremos como resultados obtidos pela ci\u00eancia da computa\u00e7\u00e3o na \u00faltima d\u00e9cada podem ser aplicados aos grandes problemas das popula\u00e7\u00f5es urbanas que hoje somam mais da metade da popula\u00e7\u00e3o mundial e mais de 85% da popula\u00e7\u00e3o brasileira. Finalmente, apresentaremos alguns resultados do INCT da Internet do Futuro para Cidades Inteligentes que hospeda o projeto InterSCity (<a href=\"http:\/\/interscity.org\/\" target=\"_blank\" rel=\"noopener\" data-saferedirecturl=\"https:\/\/www.google.com\/url?hl=en&amp;q=http:\/\/interscity.org\/&amp;source=gmail&amp;ust=1531253903082000&amp;usg=AFQjCNEy0uZZVY-Kn67HhtRaI702dai6tg\">http:\/\/interscity.org<\/a>) e que oferece oportunidades para pesquisa em n\u00edvel de doutorado e p\u00f3s-doutorado na \u00e1rea de cidades inteligentes.<\/p>\n<\/div>\n<\/div>\n<div><b>Biografia:<\/b><\/div>\n<div>\n<p align=\"justify\">Fabio Kon, professor titular de ci\u00eancia da computa\u00e7\u00e3o do IME-USP, coordenador adjunto de pesquisa para inova\u00e7\u00e3o da FAPESP e Editor-Chefe do Springer Open Journal of Internet Services and Applications, atua nas \u00e1reas de Empreendedorismo Digital, Software Livre, Sistemas Distribu\u00eddos e Cidades Inteligentes. Al\u00e9m de forte atua\u00e7\u00e3o como pesquisador, tendo publicado v\u00e1rios artigos internacionais de alto impacto, ter recebido o ACM Middleware 10-Year Best Paper Award e ser um ACM Distinguished Scientist, Fabio \u00e9 conselheiro volunt\u00e1rio de v\u00e1rias startups de software, inclusive na \u00e1rea de Cidades Inteligentes. Fabio ser\u00e1 Professor Visitante no MIT Senseable City Lab de agosto\/2018 a janeiro de 2019 onde desenvolver\u00e1 pesquisas na \u00e1rea de Cidades Inteligentes.<\/p>\n<\/div>\n<\/div>\n<div><\/div>\n<\/div>\n<h3><\/h3>\n<h3><b><span style=\"color: #339966;\">Palestra 2:<\/span><\/b><\/h3>\n<h4><b><span style=\"color: #339966;\">T\u00edtulo: Cidades Inteligentes: Conceitos, Experi\u00eancia de Natal e Novos desafios<\/span><br \/>\n<\/b><\/h4>\n<div><\/div>\n<div><b>Palestrante: Prof. Nelio Cacho<\/b><\/div>\n<div><b>Resumo<\/b>:<\/div>\n<div>\n<p align=\"justify\">Nesta palestra ser\u00e3o apresentadas as motiva\u00e7\u00f5es hist\u00f3ricas e os principais conceitos sobre cidades inteligentes. As solu\u00e7\u00f5es desenvolvidas para a Cidade do Natal ser\u00e3o apresentadas al\u00e9m dos novos desafios encontrados.<\/p>\n<p><b>Biografia<\/b>:<br \/>\nN\u00e9lio Cacho \u00e9 Professor Associado do Departamento de Inform\u00e1tica e Matem\u00e1tica Aplicada (DIMAp\/UFRN) e possui p\u00f3s-doutorado pela Newcastle University (Inglaterra, 2017-2018) e Doutorado em Ci\u00eancias da Computa\u00e7\u00e3o pela University of Lancaster (Inglaterra, 2005-2008). Atua como vice-coordenador do Projeto Smart Metropoles que desenvolve solu\u00e7\u00f5es tecnol\u00f3gicas para a Cidade do Natal. Trabalha nas \u00e1reas de Engenharia de Software e Sistemas Distribu\u00eddos, com \u00eanfase nos seguintes temas: Cidades Inteligentes, Mecanismos de Toler\u00e2ncia a Falhas, Computa\u00e7\u00e3o Ub\u00edqua e Computa\u00e7\u00e3o em Nuvem.<\/p>\n<\/div>\n<div><\/div>\n<h2><b><span style=\"color: #339966;\">Palestra 3:<\/span><\/b><\/h2>\n<h4><b><span style=\"color: #339966;\">T\u00edtulo: Projetos para Cidades Inteligentes do INES (INCT para Engenharia de Software)<\/span><br \/>\n<\/b><\/h4>\n<div><\/div>\n<div><b>Palestrante<\/b>: Prof. S\u00e9rgio Soares<\/div>\n<div><\/div>\n<div><b>Resumo<\/b>:<\/div>\n<div>\n<p align=\"justify\">Nesta palestra ser\u00e3o abordados os objetivos e a din\u00e2mica de execu\u00e7\u00e3o do projeto de renova\u00e7\u00e3o do INES (INCT para Engenharia de Software), focado em Cidades Inteligentes. Ser\u00e3o apresentados os sub-projetos atualmente em desenvolvimento pelos pesquisadores do INES e alguns resultados preliminares.<\/p>\n<\/div>\n<div><\/div>\n<div><b>Biografia<\/b>:<\/div>\n<div>\n<p align=\"justify\">S\u00e9rgio Soares \u00e9 Doutor em Ci\u00eancia da Computa\u00e7\u00e3o pela UFPE. Atualmente \u00e9 o Coordenador Executivo do INES &#8211; Instituto Nacional de Ci\u00eancia e Tecnologia para Engenharia de Software,\u00a0Diretor do Instituto SENAI de Inova\u00e7\u00e3o para Tecnologias da Informa\u00e7\u00e3o e Comunica\u00e7\u00e3o (ISI-TICs) e Professor Associado do Centro de Inform\u00e1tica da Universidade Federal de Pernambuco (CIn\/UFPE). J\u00e1 orientou 100 alunos, incluindo, doutorado, mestrado, especializa\u00e7\u00e3o, inicia\u00e7\u00e3o cient\u00edfica e de conclus\u00e3o de curso na \u00e1rea de Computa\u00e7\u00e3o. Tem experi\u00eancia na coordena\u00e7\u00e3o de projetos de desenvolvimento, pesquisa e inova\u00e7\u00e3o financiados por SENAI, CNPq, FACEPE, FINEP, Petrobras, Lei de Inform\u00e1tica e pela ind\u00fastria. \u00c9 Associado da Sociedade Brasileira de Computa\u00e7\u00e3o (SBC) desde 2002. Atua na \u00e1rea de Ci\u00eancia da Computa\u00e7\u00e3o, com \u00eanfase em Engenharia de Software, atuando principalmente nos seguintes temas: Engenharia de Software Experimental, Modularidade de Software, Linhas de Produto de Software e Desenvolvimento de Software Orientado a objetos. \u00c9 o atual L\u00edder da Alian\u00e7a de Mercado Industria Mais Avan\u00e7ada (I+A) do SENAI, respons\u00e1vel por lidar com desafios associados \u00e0 Industria 4.0, Manufatura Avan\u00e7ada, IoT e Digitaliza\u00e7\u00e3o para a Ind\u00fastria Brasileira.&lt;\/p?<\/p>\n<\/div>\n<h2><\/h2>\n<h2><span style=\"color: #519660;\"><strong>Coordena\u00e7\u00e3o<\/strong><\/span><\/h2>\n<table style=\"height: 210 px;\" width=\"460\">\n<tbody>\n<tr>\n<td><\/td>\n<td>\n<ul>\n<li>Frederico Lopes<\/li>\n<li>UFRN<\/li>\n<li>Coordena\u00e7\u00e3o Geral<\/li>\n<li>e-mail:\u00a0<u>wbci2018@imd.ufrn.br<\/u><\/li>\n<\/ul>\n<\/td>\n<\/tr>\n<tr>\n<td><span style=\"color: #ffffff;\">&#8230;<\/span><\/td>\n<td><\/td>\n<\/tr>\n<tr>\n<td><\/td>\n<td>\n<ul>\n<li>Fabio Kon<\/li>\n<li>USP<\/li>\n<li>Coordena\u00e7\u00e3o Geral<\/li>\n<li>e-mail:\u00a0<u>wbci2018@imd.ufrn.br<\/u><\/li>\n<\/ul>\n<\/td>\n<\/tr>\n<tr>\n<td><span style=\"color: #ffffff;\">&#8230;<\/span><\/td>\n<td><\/td>\n<\/tr>\n<tr>\n<td><\/td>\n<td>\n<ul>\n<li>Fl\u00e1via C. Delicato<\/li>\n<li>UFRJ<\/li>\n<li>Coordena\u00e7\u00e3o do Comit\u00ea de Programa<\/li>\n<li>e-mail:\u00a0<u>wbci2018@imd.ufrn.br<\/u><\/li>\n<\/ul>\n<\/td>\n<\/tr>\n<tr>\n<td><span style=\"color: #ffffff;\">&#8230;<\/span><\/td>\n<td><\/td>\n<\/tr>\n<tr>\n<td><\/td>\n<td>\n<ul>\n<li>Paulo F. Pires<\/li>\n<li>UFRJ<\/li>\n<li>Coordena\u00e7\u00e3o do Comit\u00ea de Programa<\/li>\n<li>e-mail:\u00a0<u>wbci2018@imd.ufrn.br<\/u><\/li>\n<\/ul>\n<\/td>\n<\/tr>\n<\/tbody>\n<\/table>\n<p>&nbsp;<\/p>\n","protected":false},"excerpt":{"rendered":"<p>&nbsp; 1\u00ba Workshop Brasileiro de Cidades Inteligentes (WBCI) &nbsp; Datas importantes &#8211; Submiss\u00e3o de artigos: 25\/03\/2018\u00a0\u00a002\/04\/2018 &#8211; Notifica\u00e7\u00e3o aos autores: 23\/04\/2018 &#8211; Envio das vers\u00f5es finais: 30\/04\/2018 &#8211; Data do &#8230;<\/p>\n","protected":false},"author":3,"featured_media":0,"parent":0,"menu_order":0,"comment_status":"closed","ping_status":"closed","template":"content-fullwidth.php","meta":{"footnotes":""},"class_list":["post-224","page","type-page","status-publish","hentry"],"_links":{"self":[{"href":"https:\/\/www4.sbc.org.br\/csbc2018\/index.php?rest_route=\/wp\/v2\/pages\/224","targetHints":{"allow":["GET"]}}],"collection":[{"href":"https:\/\/www4.sbc.org.br\/csbc2018\/index.php?rest_route=\/wp\/v2\/pages"}],"about":[{"href":"https:\/\/www4.sbc.org.br\/csbc2018\/index.php?rest_route=\/wp\/v2\/types\/page"}],"author":[{"embeddable":true,"href":"https:\/\/www4.sbc.org.br\/csbc2018\/index.php?rest_route=\/wp\/v2\/users\/3"}],"replies":[{"embeddable":true,"href":"https:\/\/www4.sbc.org.br\/csbc2018\/index.php?rest_route=%2Fwp%2Fv2%2Fcomments&post=224"}],"version-history":[{"count":24,"href":"https:\/\/www4.sbc.org.br\/csbc2018\/index.php?rest_route=\/wp\/v2\/pages\/224\/revisions"}],"predecessor-version":[{"id":1366,"href":"https:\/\/www4.sbc.org.br\/csbc2018\/index.php?rest_route=\/wp\/v2\/pages\/224\/revisions\/1366"}],"wp:attachment":[{"href":"https:\/\/www4.sbc.org.br\/csbc2018\/index.php?rest_route=%2Fwp%2Fv2%2Fmedia&parent=224"}],"curies":[{"name":"wp","href":"https:\/\/api.w.org\/{rel}","templated":true}]}}