{"id":220,"date":"2017-12-22T21:29:34","date_gmt":"2017-12-23T00:29:34","guid":{"rendered":"http:\/\/www4.sbc.org.br\/csbc2018\/?page_id=220"},"modified":"2018-07-23T23:47:53","modified_gmt":"2018-07-24T02:47:53","slug":"encompif","status":"publish","type":"page","link":"https:\/\/www4.sbc.org.br\/csbc2018\/?page_id=220","title":{"rendered":"ENCompIF"},"content":{"rendered":"<h1><span style=\"color: #519660;\"><strong>5\u00ba Encontro Nacional de Computa\u00e7\u00e3o dos Institutos Federais (ENCompIF)<\/strong><\/span><\/h1>\n<p>&nbsp;<\/p>\n<h2><span style=\"color: #519660;\"><strong>Datas importantes<\/strong><\/span><\/h2>\n<p>&#8211; Submiss\u00e3o do artigo: <del><strong>23 de mar\u00e7o de 2018<\/strong><\/del><strong> 30 de mar\u00e7o de 2018<\/strong><br \/>\n&#8211; Resultado da avalia\u00e7\u00e3o do artigo: <strong>23 de abril de 2018<\/strong><br \/>\n&#8211; Submiss\u00e3o da vers\u00e3o definitiva do artigo e inscri\u00e7\u00e3o para o evento: <strong>30 de abril de 2018<\/strong><\/p>\n<h2><span style=\"color: #519660;\"><strong>Sobre o evento<\/strong><\/span><\/h2>\n<p align=\"justify\">O 5\u00ba Encontro Nacional de Computa\u00e7\u00e3o dos Institutos Federais (ENCompIF) ser\u00e1 realizado em conjunto com o XXXVIII Congresso da Sociedade Brasileira de Computa\u00e7\u00e3o em Natal. O ENCompIF tem por objetivo reunir professores e alunos de ensino m\u00e9dio dos Institutos Federais e outras institui\u00e7\u00f5es que ofere\u00e7am cursos t\u00e9cnicos em inform\u00e1tica.<\/p>\n<p>O evento tem recebido um grande n\u00famero de artigos em todas as suas edi\u00e7\u00f5es e tem sido uma excelente oportunidade para a troca de experi\u00eancias entre os participantes e um est\u00edmulo a integra\u00e7\u00e3o e estabelecimento de parcerias entre professores e alunos e diferentes Institutos Federais e outras institui\u00e7\u00f5es. O p\u00fablico participante do evento tem sido de aproximadamente 200 pessoas, entre palestrantes e ouvintes, em cada edi\u00e7\u00e3o do evento.<\/p>\n<p>Para mais detalhes, veja a chamada completa em\u00a0<a href=\"http:\/\/www4.sbc.org.br\/csbc2018\/wp-content\/uploads\/2018\/03\/ENCompIF.pdf\" target=\"_blank\" rel=\"noopener\">PDF<\/a>.<\/p>\n<h2><span style=\"color: #519660;\"><strong>Programa\u00e7\u00e3o<\/strong><\/span><\/h2>\n<p>&nbsp;<\/p>\n<p>Link para download em\u00a0<a href=\"http:\/\/www4.sbc.org.br\/csbc2018\/wp-content\/uploads\/2018\/07\/Programac\u0327a\u0303o-ENCompIF.pdf\" target=\"_blank\" rel=\"noopener\">PDF<\/a>.<\/p>\n<p><img loading=\"lazy\" decoding=\"async\" class=\"alignnone  wp-image-1356\" src=\"http:\/\/www4.sbc.org.br\/csbc2018\/wp-content\/uploads\/2018\/07\/pro_if-1-770x243.png\" alt=\"\" width=\"1337\" height=\"422\" srcset=\"https:\/\/www4.sbc.org.br\/csbc2018\/wp-content\/uploads\/2018\/07\/pro_if-1-770x243.png 770w, https:\/\/www4.sbc.org.br\/csbc2018\/wp-content\/uploads\/2018\/07\/pro_if-1-300x95.png 300w, https:\/\/www4.sbc.org.br\/csbc2018\/wp-content\/uploads\/2018\/07\/pro_if-1-768x242.png 768w, https:\/\/www4.sbc.org.br\/csbc2018\/wp-content\/uploads\/2018\/07\/pro_if-1-1024x323.png 1024w\" sizes=\"auto, (max-width: 1337px) 100vw, 1337px\" \/><\/p>\n<p>&nbsp;<\/p>\n<h2><span style=\"color: #519660;\"><strong>Coordena\u00e7\u00e3o<\/strong><\/span><\/h2>\n<table style=\"height: 210 px;\" width=\"460\">\n<tbody>\n<tr>\n<td><\/td>\n<td>\n<ul>\n<li>Carlos Roberto de Oliveira Junior<\/li>\n<li>IFRJ<\/li>\n<li>Coordena\u00e7\u00e3o Geral<\/li>\n<\/ul>\n<\/td>\n<\/tr>\n<tr>\n<td><span style=\"color: #ffffff;\">&#8230;<\/span><\/td>\n<td><\/td>\n<\/tr>\n<tr>\n<td><\/td>\n<td>\n<ul>\n<li>Marcelo Rafael Borth<\/li>\n<li>IFPR<\/li>\n<li>Coordena\u00e7\u00e3o Geral<\/li>\n<\/ul>\n<\/td>\n<\/tr>\n<tr>\n<td><span style=\"color: #ffffff;\">&#8230;<\/span><\/td>\n<td><\/td>\n<\/tr>\n<tr>\n<td><\/td>\n<td>\n<ul>\n<li>Andr\u00e9 Gustavo<\/li>\n<li>IFRN<\/li>\n<li>Coordena\u00e7\u00e3o Local<\/li>\n<\/ul>\n<\/td>\n<\/tr>\n<tr>\n<td><span style=\"color: #ffffff;\">&#8230;<\/span><\/td>\n<td><\/td>\n<\/tr>\n<\/tbody>\n<\/table>\n<p>&nbsp;<\/p>\n","protected":false},"excerpt":{"rendered":"<p>5\u00ba Encontro Nacional de Computa\u00e7\u00e3o dos Institutos Federais (ENCompIF) &nbsp; Datas importantes &#8211; Submiss\u00e3o do artigo: 23 de mar\u00e7o de 2018 30 de mar\u00e7o de 2018 &#8211; Resultado da avalia\u00e7\u00e3o &#8230;<\/p>\n","protected":false},"author":3,"featured_media":0,"parent":0,"menu_order":0,"comment_status":"closed","ping_status":"closed","template":"content-fullwidth.php","meta":{"footnotes":""},"class_list":["post-220","page","type-page","status-publish","hentry"],"_links":{"self":[{"href":"https:\/\/www4.sbc.org.br\/csbc2018\/index.php?rest_route=\/wp\/v2\/pages\/220","targetHints":{"allow":["GET"]}}],"collection":[{"href":"https:\/\/www4.sbc.org.br\/csbc2018\/index.php?rest_route=\/wp\/v2\/pages"}],"about":[{"href":"https:\/\/www4.sbc.org.br\/csbc2018\/index.php?rest_route=\/wp\/v2\/types\/page"}],"author":[{"embeddable":true,"href":"https:\/\/www4.sbc.org.br\/csbc2018\/index.php?rest_route=\/wp\/v2\/users\/3"}],"replies":[{"embeddable":true,"href":"https:\/\/www4.sbc.org.br\/csbc2018\/index.php?rest_route=%2Fwp%2Fv2%2Fcomments&post=220"}],"version-history":[{"count":9,"href":"https:\/\/www4.sbc.org.br\/csbc2018\/index.php?rest_route=\/wp\/v2\/pages\/220\/revisions"}],"predecessor-version":[{"id":1357,"href":"https:\/\/www4.sbc.org.br\/csbc2018\/index.php?rest_route=\/wp\/v2\/pages\/220\/revisions\/1357"}],"wp:attachment":[{"href":"https:\/\/www4.sbc.org.br\/csbc2018\/index.php?rest_route=%2Fwp%2Fv2%2Fmedia&parent=220"}],"curies":[{"name":"wp","href":"https:\/\/api.w.org\/{rel}","templated":true}]}}