{"id":207,"date":"2017-12-22T15:38:15","date_gmt":"2017-12-22T18:38:15","guid":{"rendered":"http:\/\/www4.sbc.org.br\/csbc2018\/?page_id=207"},"modified":"2018-07-17T19:24:51","modified_gmt":"2018-07-17T22:24:51","slug":"wtrans","status":"publish","type":"page","link":"https:\/\/www4.sbc.org.br\/csbc2018\/?page_id=207","title":{"rendered":"6\u00ba WTranS"},"content":{"rendered":"<h1><span style=\"color: #519660;\"><strong>6\u00ba Workshop de Transpar\u00eancia em Sistemas (WTrans)<\/strong><\/span><\/h1>\n<p>&nbsp;<\/p>\n<h2><span style=\"color: #519660;\"><strong>Datas importantes<\/strong><\/span><\/h2>\n<p>&#8211; Submiss\u00e3o do artigo ou DEMO: <strong><span style=\"text-decoration: line-through;\">at\u00e9 18 de mar\u00e7o de 2018 <\/span><del>02 de abril de 2018<\/del> at\u00e9\u00a006 de abril de 2018.<\/strong><br \/>\n&#8211; Resultado da avalia\u00e7\u00e3o da submiss\u00e3o:<strong> <span style=\"text-decoration: line-through;\">23 de abril de 2018<\/span> at\u00e9 30 de abril de 2018.<\/strong><br \/>\n&#8211; Submiss\u00e3o da vers\u00e3o final do artigo ou DEMO: <strong>at\u00e9 <span style=\"text-decoration: line-through;\">30 de abril de 2018<\/span> at\u00e9 07 de maio de 2018<\/strong>.<\/p>\n<h2><span style=\"color: #519660;\"><strong>Sobre o evento<\/strong><\/span><\/h2>\n<p align=\"justify\">O Workshop de Transpar\u00eancia em Sistemas \u00e9 um f\u00f3rum que visa agregar pesquisadores de diferentes \u00e1reas com interesse no tema de transpar\u00eancia dentro de um contexto computacional.<\/p>\n<p>Este tema est\u00e1 ligado a movimentos que registram uma forte tend\u00eancia na necessidade de considerar explicitamente a informa\u00e7\u00e3o aberta em dados, processos e software que s\u00e3o de interesse de uma organiza\u00e7\u00e3o e da sociedade. Essa abertura, no sentido de acesso \u00e0 informa\u00e7\u00e3o, \u00e9 um tema central no estudo do conceito de Transpar\u00eancia.<\/p>\n<p>No campo p\u00fablico, a Lei de Acesso \u00e0 Informa\u00e7\u00e3o brasileira \u00e9 um reflexo desse movimento e traz uma s\u00e9rie de desafios para a evolu\u00e7\u00e3o de sistemas que precisam lidar com informa\u00e7\u00e3o aberta. Por\u00e9m, n\u00e3o s\u00f3 as organiza\u00e7\u00f5es p\u00fablicas est\u00e3o neste movimento, mas tamb\u00e9m organiza\u00e7\u00f5es privadas preocupadas em fornecer mais informa\u00e7\u00f5es internamente e externamente a seus clientes e acionistas. Esses desafios est\u00e3o presentes em diversas \u00e1reas de conhecimento, com forte impacto na Ci\u00eancia da Computa\u00e7\u00e3o que se v\u00ea atualmente de frente com essa nova demanda.<\/p>\n<p>Abertura de dados, usabilidade orientada \u00e0 sociedade, qualidade e garantia de entendimento da informa\u00e7\u00e3o, proveni\u00eancia e confian\u00e7a na informa\u00e7\u00e3o s\u00e3o algumas das novas necessidades que a maioria das organiza\u00e7\u00f5es, sociedade, pessoas e outros sistemas ter\u00e3o que atender. Discuti-los num contexto de software, que apoiar\u00e3o estes sistemas, \u00e9 importante para que se possa ter uma vis\u00e3o interdisciplinar para um desafio de tal magnitude. O desafio aplica-se tanto na forma de uso de softwares para prover transpar\u00eancia, como na pr\u00f3pria transpar\u00eancia da arquitetura, componentes e m\u00e9todos de constru\u00e7\u00e3o dos softwares em si. Discutir sob a \u00f3tica de pesquisa como tratar estes desafios, indicando de que forma a cria\u00e7\u00e3o de m\u00e9todos e tecnologias pode dar efetivo apoio \u00e0 sua ado\u00e7\u00e3o nas mais diversas \u00e1reas e segmentos de mercado, \u00e9 o objetivo central do VI Workshop de Transpar\u00eancia em Sistemas (WTranS).<\/p>\n<p>Convidamos a comunidade a compartilhar resultados de pesquisa por meio da submiss\u00e3o de artigos completos ou e DEMOS.<\/p>\n<p>Para mais detalhes, veja a chamada completa em <a href=\"http:\/\/www4.sbc.org.br\/csbc2018\/wp-content\/uploads\/2018\/04\/WTRANS.pdf\" target=\"_blank\" rel=\"noopener\">PDF<\/a>.<\/p>\n<p>&nbsp;<\/p>\n<h2><span style=\"color: #519660;\"><strong>Programa\u00e7\u00e3o<\/strong><\/span><\/h2>\n<p><img loading=\"lazy\" decoding=\"async\" class=\"alignnone wp-image-1268 size-smartschool_large_image\" src=\"http:\/\/www4.sbc.org.br\/csbc2018\/wp-content\/uploads\/2018\/07\/Captura-de-Tela-2018-07-17-a\u0300s-19.25.17-770x543.png\" alt=\"\" width=\"770\" height=\"543\" srcset=\"https:\/\/www4.sbc.org.br\/csbc2018\/wp-content\/uploads\/2018\/07\/Captura-de-Tela-2018-07-17-a\u0300s-19.25.17-770x543.png 770w, https:\/\/www4.sbc.org.br\/csbc2018\/wp-content\/uploads\/2018\/07\/Captura-de-Tela-2018-07-17-a\u0300s-19.25.17-300x212.png 300w, https:\/\/www4.sbc.org.br\/csbc2018\/wp-content\/uploads\/2018\/07\/Captura-de-Tela-2018-07-17-a\u0300s-19.25.17-768x542.png 768w, https:\/\/www4.sbc.org.br\/csbc2018\/wp-content\/uploads\/2018\/07\/Captura-de-Tela-2018-07-17-a\u0300s-19.25.17-1024x722.png 1024w, https:\/\/www4.sbc.org.br\/csbc2018\/wp-content\/uploads\/2018\/07\/Captura-de-Tela-2018-07-17-a\u0300s-19.25.17.png 1052w\" sizes=\"auto, (max-width: 770px) 100vw, 770px\" \/><\/p>\n<h2><span style=\"color: #519660;\"><strong>Coordena\u00e7\u00e3o<\/strong><\/span><\/h2>\n<table style=\"height: 210 px;\" width=\"460\">\n<tbody>\n<tr>\n<td><\/td>\n<td>\n<ul>\n<li>Vanessa Nunes<\/li>\n<li>UnB<\/li>\n<li>Coordena\u00e7\u00e3o Geral<\/li>\n<\/ul>\n<\/td>\n<\/tr>\n<tr>\n<td><span style=\"color: #ffffff;\">&#8230;<\/span><\/td>\n<td><\/td>\n<\/tr>\n<tr>\n<td><\/td>\n<td>\n<ul>\n<li>Bruna Diirr<\/li>\n<li>UNIRIO<\/li>\n<li>Coordena\u00e7\u00e3o Geral<\/li>\n<\/ul>\n<\/td>\n<\/tr>\n<tr>\n<td><span style=\"color: #ffffff;\">&#8230;<\/span><\/td>\n<td><\/td>\n<\/tr>\n<tr>\n<td><\/td>\n<td>\n<ul>\n<li>Sebasti\u00e3o Emidio<\/li>\n<li>UERN<\/li>\n<li>Coordena\u00e7\u00e3o Local<\/li>\n<\/ul>\n<\/td>\n<\/tr>\n<tr>\n<td><span style=\"color: #ffffff;\">&#8230;<\/span><\/td>\n<td><\/td>\n<\/tr>\n<\/tbody>\n<\/table>\n<p>&nbsp;<\/p>\n","protected":false},"excerpt":{"rendered":"<p>6\u00ba Workshop de Transpar\u00eancia em Sistemas (WTrans) &nbsp; Datas importantes &#8211; Submiss\u00e3o do artigo ou DEMO: at\u00e9 18 de mar\u00e7o de 2018 02 de abril de 2018 at\u00e9\u00a006 de abril &#8230;<\/p>\n","protected":false},"author":3,"featured_media":0,"parent":0,"menu_order":0,"comment_status":"closed","ping_status":"closed","template":"content-fullwidth.php","meta":{"footnotes":""},"class_list":["post-207","page","type-page","status-publish","hentry"],"_links":{"self":[{"href":"https:\/\/www4.sbc.org.br\/csbc2018\/index.php?rest_route=\/wp\/v2\/pages\/207","targetHints":{"allow":["GET"]}}],"collection":[{"href":"https:\/\/www4.sbc.org.br\/csbc2018\/index.php?rest_route=\/wp\/v2\/pages"}],"about":[{"href":"https:\/\/www4.sbc.org.br\/csbc2018\/index.php?rest_route=\/wp\/v2\/types\/page"}],"author":[{"embeddable":true,"href":"https:\/\/www4.sbc.org.br\/csbc2018\/index.php?rest_route=\/wp\/v2\/users\/3"}],"replies":[{"embeddable":true,"href":"https:\/\/www4.sbc.org.br\/csbc2018\/index.php?rest_route=%2Fwp%2Fv2%2Fcomments&post=207"}],"version-history":[{"count":20,"href":"https:\/\/www4.sbc.org.br\/csbc2018\/index.php?rest_route=\/wp\/v2\/pages\/207\/revisions"}],"predecessor-version":[{"id":1269,"href":"https:\/\/www4.sbc.org.br\/csbc2018\/index.php?rest_route=\/wp\/v2\/pages\/207\/revisions\/1269"}],"wp:attachment":[{"href":"https:\/\/www4.sbc.org.br\/csbc2018\/index.php?rest_route=%2Fwp%2Fv2%2Fmedia&parent=207"}],"curies":[{"name":"wp","href":"https:\/\/api.w.org\/{rel}","templated":true}]}}