{"id":179,"date":"2017-12-22T13:55:50","date_gmt":"2017-12-22T16:55:50","guid":{"rendered":"http:\/\/www4.sbc.org.br\/csbc2018\/?page_id=179"},"modified":"2018-08-31T12:02:42","modified_gmt":"2018-08-31T15:02:42","slug":"ctic","status":"publish","type":"page","link":"https:\/\/www4.sbc.org.br\/csbc2018\/?page_id=179","title":{"rendered":"37\u00ba CTIC"},"content":{"rendered":"<h1><span style=\"color: #519660;\"><strong>37\u00ba Concurso de Trabalhos de Inicia\u00e7\u00e3o Cient\u00edfica (CTIC)<\/strong><\/span><\/h1>\n<p>&nbsp;<\/p>\n<h2><span style=\"color: #519660;\"><strong>Datas importantes<\/strong><\/span><\/h2>\n<p>\u2013 Data limite para registro de trabalhos e envio de comprovante:\u00a0<b><span style=\"text-decoration: line-through;\">12\/03\/2018<\/span><\/b>\u00a0<strong>16\/03\/2018 (23:55 BR)<\/strong><br \/>\n\u2013\u00a0Data limite para submiss\u00e3o de trabalhos: \u00a0<b><span style=\"text-decoration: line-through;\">12\/03\/2018<\/span><\/b>\u00a0<strong>1<\/strong><strong>9\/03\/2018<\/strong><strong>\u00a0(23:55 BR)<\/strong><br \/>\n\u2013 Notifica\u00e7\u00e3o dos melhores trabalhos: \u00a0<strong>23\/04\/2018\u00a0<\/strong><br \/>\n\u2013 Data limite para envio das vers\u00f5es finais: \u00a0<strong>30\/04\/2018<\/strong><\/p>\n<h2><span style=\"color: #519660;\"><strong>Sobre o evento<\/strong><\/span><\/h2>\n<p align=\"justify\">O Concurso de Trabalhos de Inicia\u00e7\u00e3o Cient\u00edfica (CTIC) \u00e9 um evento anual da Sociedade Brasileira de Computa\u00e7\u00e3o que ocorre durante o Congresso da Sociedade Brasileira de Computa\u00e7\u00e3o (CSBC). O evento seleciona trabalhos excepcionais desenvolvidos por alunos de gradua\u00e7\u00e3o, que s\u00e3o publicados nos anais do CSBC e premiados. O CTIC tem como objetivo incentivar alunos de todos os cursos de gradua\u00e7\u00e3o da \u00e1rea de Computa\u00e7\u00e3o a produzirem textos cient\u00edficos originais sobre trabalhos realizados por eles, em temas relacionados \u00e0 \u00e1rea.<\/p>\n<p>Para mais detalhes, veja a chamada completa em <a href=\"http:\/\/www4.sbc.org.br\/csbc2018\/wp-content\/uploads\/2018\/08\/CTIC-2018_v3.pdf\">PDF.<\/a><\/p>\n<p>&nbsp;<\/p>\n<div>\n<h3><span style=\"color: #339966;\"><b>Artigos selecionados para apresenta\u00e7\u00e3o no CTIC e publica\u00e7\u00e3o na REIC<\/b><\/span><\/h3>\n<div>\n<div><b><span style=\"color: #008000;\">Primeiro Lugar:<\/span><br \/>\n<\/b><\/div>\n<ul>\n<li><strong>Domain-Dependent Heuristics and Tie-Breakers: Topics in Automated Planning<\/strong><\/li>\n<\/ul>\n<div><i>Augusto B. Corr\u00eaa (UFRGS, Brazil), Andr\u00e9 G. Pereira (UFRGS, Brazil), Marcus Ritt (UFRGS, Brazil)<\/i><\/div>\n<div>\n<ul>\n<li><strong>Rela\u00e7\u00f5es Espaciais, Temporais e de Ordem para Detec\u00e7\u00e3o de Colis\u00e3o Broad Phase Gen\u00e9rica e Escal\u00e1vel<\/strong><\/li>\n<\/ul>\n<div><i>Ygor Rebou\u00e7as Serpa (UNIFOR, Brasil), Maria Andr\u00e9ia Formico Rodrigues (UNIFOR, Brasil)<\/i><\/div>\n<\/div>\n<div>\n<p>&nbsp;<\/p>\n<\/div>\n<div><i><span style=\"color: #008000;\"><b>Segundo Lugar:<\/b><\/span><br \/>\n<\/i><\/div>\n<div><\/div>\n<ul>\n<li><strong>FLODNet \u2013 Detec\u00e7\u00e3o e reconhecimento de objetos em dispositivos de baixa especifica\u00e7\u00e3o: um estudo de caso em classifica\u00e7\u00e3o de alimentos<\/strong><\/li>\n<\/ul>\n<div><i>Bernardo Augusto Godinho de Oliveira (PUC-Minas, Brasil), Fl\u00e1via Freitas (PUC-Minas, Brasil), Carlos Augusto Martins (PUC-Minas, Brasil)<\/i><\/div>\n<\/div>\n<p>&nbsp;<\/p>\n<h3><span style=\"color: #339966;\"><b>Artigos selecionados para publica\u00e7\u00e3o na REIC<\/b><\/span><\/h3>\n<ul>\n<li><strong>Combinando T\u00e9cnicas de Minera\u00e7\u00e3o de Dados para Melhorar o Processo de Detec\u00e7\u00e3o Autom\u00e1tica de Arritmia Card\u00edaca <\/strong><\/li>\n<\/ul>\n<div><i>Christian Gomes (UFSJ, Brasil), Leonardo Rocha (UFSJ, Brasil)<\/i><\/div>\n<ul>\n<li><strong>FAiR: Framework de Avalia\u00e7\u00e3o e Caracteriza\u00e7\u00e3o em Sistemas de Recomenda\u00e7\u00e3o <\/strong><\/li>\n<\/ul>\n<div><i>Diego Carvalho\u00a0 (UFSJ, Brasil), N\u00edcollas Silva (UFMG, Brasil), Leonardo Rocha (UFSJ, Brasil)<\/i><\/div>\n<ul>\n<li><strong>G-PETo: Um Framework para Troca Direta e Transparente de Dados entre Aplica\u00e7\u00f5es Filtro-Fluxo em Arquiteturas Multi-GPUs<\/strong><\/li>\n<\/ul>\n<div><i>Millas Avelar (UFSJ, Brasil), Guilherme Andrade (UFSJ, Brasil), Leonardo Rocha (UFSJ, Brasil)<\/i><\/div>\n<ul>\n<li><strong>M\u00f3dulo de simula\u00e7\u00e3o realista para redes de acesso m\u00f3veis LTE\/LTE-A<\/strong><\/li>\n<\/ul>\n<div><i>Luiz R. F. Sekijima (UNICAMP, Brasil), Tiago P. C. de Andrade\u00a0 (UNICAMP, Brasil), Nelson L. S. da Fonseca (UNICAMP, Brasil)<\/i><\/div>\n<ul>\n<li><strong>Multiple-Aspect Trajectory Similarity Measuring<\/strong><\/li>\n<\/ul>\n<div><i>Lucas May Petry (UFSC, Brazil), Vania Bogorny (UFSC, Brazil)<\/i><\/div>\n<ul>\n<li><strong>Restaura\u00e7\u00e3o de servi\u00e7os em nuvem \u00f3ptica: uma abordagem tolerante \u00e0 degrada\u00e7\u00e3o de banda e ao atraso de restaura\u00e7\u00e3o<\/strong><\/li>\n<\/ul>\n<div><i>Felipe Lisboa (UTFPR, Brasil), Keiko V. O. Fonseca (UTFPR, Brasil), Juliana de Santi (UTFPR, Brasil)<\/i><\/div>\n<ul>\n<li><strong>Transfer\u00eancia de Aprendizado para Redes Bayesianas com Aplica\u00e7\u00e3o em Predi\u00e7\u00e3o de Falha de Discos R\u00edgidos<\/strong><\/li>\n<\/ul>\n<div><em>Francisco Lucas F. Pereira (UFC, Brasil), Fernando Dione S. Lima\u00a0 (UFC, Brasil), Lucas G. M. Leite\u00a0 (UFC, Brasil), Jo\u00e3o Paulo P. Gomes\u00a0 (UFC, Brasil), Javam C. Machado\u00a0 (UFC, Brasil)<\/em><\/div>\n<\/div>\n<div><\/div>\n<h3><\/h3>\n<h3><strong><span style=\"color: #339966;\">Programa\u00e7\u00e3o<\/span><\/strong><\/h3>\n<div><\/div>\n<div>\n<table style=\"height: 902px;\" width=\"666\">\n<tbody>\n<tr>\n<td width=\"115\"><strong>Hor\u00e1rio<\/strong><\/td>\n<td width=\"368\"><strong>Conte\u00fado<\/strong><\/td>\n<\/tr>\n<tr>\n<td>\n<hr \/>\n<\/td>\n<td>\n<hr \/>\n<\/td>\n<\/tr>\n<tr>\n<td width=\"115\"><strong>17h-17h10<\/strong><\/td>\n<td width=\"368\">Apresenta\u00e7\u00e3o do 37\u00ba CTIC<\/td>\n<\/tr>\n<tr>\n<td width=\"115\">\n<hr \/>\n<\/td>\n<td width=\"368\">\n<hr \/>\n<\/td>\n<\/tr>\n<tr>\n<td width=\"115\"><strong>17h10-17h45<\/strong><\/td>\n<td width=\"368\">FLODNet \u2013 Detec\u00e7\u00e3o e reconhecimento de objetos em dispositivos de baixa especifica\u00e7\u00e3o: um estudo de caso em classifica\u00e7\u00e3o de alimentos<\/td>\n<\/tr>\n<tr>\n<td width=\"115\"><\/td>\n<td width=\"368\"><em>Bernardo Augusto Godinho de Oliveira (PUC-Minas, Brasil), Fl\u00e1via Freitas (PUC-Minas, Brasil), Carlos Augusto Martins (PUC-Minas, Brasil)<\/em><\/td>\n<\/tr>\n<tr>\n<td width=\"115\">\n<hr \/>\n<\/td>\n<td width=\"368\">\n<hr \/>\n<\/td>\n<\/tr>\n<tr>\n<td width=\"115\"><strong>17h45-18h20<\/strong><\/td>\n<td width=\"368\">Domain-Dependent Heuristics and Tie-Breakers: Topics in Automated Planning<\/td>\n<\/tr>\n<tr>\n<td width=\"115\"><\/td>\n<td width=\"368\"><em>Augusto B. Corr\u00eaa (UFRGS, Brazil), Andr\u00e9 G. Pereira (UFRGS, Brazil), Marcus Ritt (UFRGS, Brazil)<\/em><\/td>\n<\/tr>\n<tr>\n<td width=\"115\">\n<hr \/>\n<\/td>\n<td width=\"368\">\n<hr \/>\n<\/td>\n<\/tr>\n<tr>\n<td width=\"115\"><strong>18h20-18h55<\/strong><\/td>\n<td width=\"368\">Rela\u00e7\u00f5es Espaciais, Temporais e de Ordem para Detec\u00e7\u00e3o de Colis\u00e3o Broad Phase Gen\u00e9rica e Escal\u00e1vel<\/td>\n<\/tr>\n<tr>\n<td width=\"115\"><em>\u00a0<\/em><\/td>\n<td width=\"368\"><em>Ygor Rebou\u00e7as Serpa (UNIFOR, Brasil), Maria Andr\u00e9ia Formico Rodrigues (UNIFOR, Brasil)<\/em><\/td>\n<\/tr>\n<tr>\n<td width=\"115\">\n<hr \/>\n<\/td>\n<td width=\"368\">\n<hr \/>\n<\/td>\n<\/tr>\n<tr>\n<td width=\"115\"><strong>18h55-19h15<\/strong><\/td>\n<td width=\"368\">Delibera\u00e7\u00f5es da comiss\u00e3o de avalia\u00e7\u00e3o sobre o melhor trabalho<\/td>\n<\/tr>\n<tr>\n<td width=\"115\">\n<hr \/>\n<\/td>\n<td width=\"368\">\n<hr \/>\n<\/td>\n<\/tr>\n<tr>\n<td width=\"115\"><strong>21h<\/strong><\/td>\n<td width=\"368\">Jantar de Confraterniza\u00e7\u00e3o: An\u00fancio do Melhor Trabalho<\/td>\n<\/tr>\n<tr>\n<td width=\"115\"><\/td>\n<td width=\"368\"><\/td>\n<\/tr>\n<tr>\n<td width=\"115\"><\/td>\n<td width=\"368\"><\/td>\n<\/tr>\n<\/tbody>\n<\/table>\n<\/div>\n<div><\/div>\n<div>\n<h3><\/h3>\n<\/div>\n<div>\n<div><\/div>\n<\/div>\n<h2><span style=\"color: #519660;\"><strong>Coordena\u00e7\u00e3o<\/strong><\/span><\/h2>\n<table style=\"height: 210 px;\" width=\"460\">\n<tbody>\n<tr>\n<td><\/td>\n<td>\n<ul>\n<li>Ingrid Nunes<\/li>\n<li>UFRGS<\/li>\n<li>Coordena\u00e7\u00e3o Geral<\/li>\n<li>e-mail:\u00a0<u>ingridnunes@inf.ufrgs.br<\/u><\/li>\n<\/ul>\n<\/td>\n<\/tr>\n<tr>\n<td>\u00a0<span style=\"color: #ffffff;\">&#8230;<\/span><\/td>\n<td><span style=\"color: #ffffff;\">\u00a0&#8230;<\/span><\/td>\n<\/tr>\n<tr>\n<td><\/td>\n<td>\n<ul>\n<li>M\u00e1rjory Da Costa-Abreu<\/li>\n<li>UFRN<\/li>\n<li>Coordena\u00e7\u00e3o Local<\/li>\n<li>e-mail:\u00a0<u>ingridnunes@inf.ufrgs.br<\/u><\/li>\n<\/ul>\n<\/td>\n<\/tr>\n<\/tbody>\n<\/table>\n<p>&nbsp;<\/p>\n<p>&nbsp;<\/p>\n","protected":false},"excerpt":{"rendered":"<p>37\u00ba Concurso de Trabalhos de Inicia\u00e7\u00e3o Cient\u00edfica (CTIC) &nbsp; Datas importantes \u2013 Data limite para registro de trabalhos e envio de comprovante:\u00a012\/03\/2018\u00a016\/03\/2018 (23:55 BR) \u2013\u00a0Data limite para submiss\u00e3o de trabalhos: &#8230;<\/p>\n","protected":false},"author":3,"featured_media":0,"parent":0,"menu_order":0,"comment_status":"closed","ping_status":"closed","template":"content-fullwidth.php","meta":{"footnotes":""},"class_list":["post-179","page","type-page","status-publish","hentry"],"_links":{"self":[{"href":"https:\/\/www4.sbc.org.br\/csbc2018\/index.php?rest_route=\/wp\/v2\/pages\/179","targetHints":{"allow":["GET"]}}],"collection":[{"href":"https:\/\/www4.sbc.org.br\/csbc2018\/index.php?rest_route=\/wp\/v2\/pages"}],"about":[{"href":"https:\/\/www4.sbc.org.br\/csbc2018\/index.php?rest_route=\/wp\/v2\/types\/page"}],"author":[{"embeddable":true,"href":"https:\/\/www4.sbc.org.br\/csbc2018\/index.php?rest_route=\/wp\/v2\/users\/3"}],"replies":[{"embeddable":true,"href":"https:\/\/www4.sbc.org.br\/csbc2018\/index.php?rest_route=%2Fwp%2Fv2%2Fcomments&post=179"}],"version-history":[{"count":34,"href":"https:\/\/www4.sbc.org.br\/csbc2018\/index.php?rest_route=\/wp\/v2\/pages\/179\/revisions"}],"predecessor-version":[{"id":1414,"href":"https:\/\/www4.sbc.org.br\/csbc2018\/index.php?rest_route=\/wp\/v2\/pages\/179\/revisions\/1414"}],"wp:attachment":[{"href":"https:\/\/www4.sbc.org.br\/csbc2018\/index.php?rest_route=%2Fwp%2Fv2%2Fmedia&parent=179"}],"curies":[{"name":"wp","href":"https:\/\/api.w.org\/{rel}","templated":true}]}}