{"id":173,"date":"2017-12-22T13:47:28","date_gmt":"2017-12-22T16:47:28","guid":{"rendered":"http:\/\/www4.sbc.org.br\/csbc2018\/?page_id=173"},"modified":"2018-07-23T07:34:18","modified_gmt":"2018-07-23T10:34:18","slug":"computec","status":"publish","type":"page","link":"https:\/\/www4.sbc.org.br\/csbc2018\/?page_id=173","title":{"rendered":"20\u00ba COMPUTEC"},"content":{"rendered":"<h1><span style=\"color: #519660;\"><strong>20\u00ba Semin\u00e1rio de Computa\u00e7\u00e3o e Mercado (COMPUTEC)<\/strong><\/span><\/h1>\n<p>&nbsp;<\/p>\n<h2><span style=\"color: #519660;\"><strong>Datas importantes<\/strong><\/span><\/h2>\n<p>&#8211; Abertura das submiss\u00f5es:\u00a0\u00a0\u00a0<strong>\u00a015\/01\/2018<\/strong><br \/>\n&#8211; Data limite para submiss\u00e3o:\u00a0<del><strong>19\/03\/2018\u00a0<\/strong><\/del><strong>\u00a0\u00a003\/04\/2018<\/strong><br \/>\n&#8211; Notifica\u00e7\u00e3o aos Autores:\u00a0\u00a0<del>\u00a0<strong>23\/04\/2018<\/strong><\/del><strong>\u00a0<del>08\/05\/2018<\/del> 30\/05\/2018\u00a0<\/strong><br \/>\n&#8211; Entrega da Vers\u00e3o Final:\u00a0\u00a0<strong><del>30\/04\/2018<\/del>\u00a0<del>15\/05\/2018<\/del> 06\/06\/2018<\/strong><br \/>\n&#8211; Realiza\u00e7\u00e3o do COMPUTEC 2018:<strong> 22\/07\/2018 a 26\/07\/2018<\/strong><\/p>\n<h2><\/h2>\n<h2><span style=\"color: #519660;\"><strong>Sobre o evento<\/strong><\/span><\/h2>\n<p align=\"justify\">O COMPUTEC busca incrementar a coopera\u00e7\u00e3o e a intera\u00e7\u00e3o entre as universidades, empresas, sociedade e o diferentes n\u00edveis e esferas de governo. Esta proposta do COMPUTEC est\u00e1 inserida em um contexto nacional de forte prioridade das agencias de fomento governamentais para a \u00e1rea de inova\u00e7\u00e3o e transfer\u00eancia de tecnologia. Sua organiza\u00e7\u00e3o busca identificar e analisar grandes e importantes desafios e oportunidades em inova\u00e7\u00e3o e desenvolvimento tecnol\u00f3gico, principalmente na \u00e1rea de Computa\u00e7\u00e3o. Ao propiciar esta reflex\u00e3o e discuss\u00e3o, com destacados representantes da academia, das empresas, da sociedade e do governo, pretende-se contribuir consideravelmente para o avan\u00e7o da Computa\u00e7\u00e3o no Brasil.<\/p>\n<p align=\"justify\">No COMPUTEC as ideias s\u00e3o apresentadas e discutidas por meio de pain\u00e9is, palestras, talk show, relatos de caso e demos que abordam os temas propostos em diversos aspectos tais como a intera\u00e7\u00e3o universidade-empresa, inova\u00e7\u00e3o tecnol\u00f3gica, transfer\u00eancia auto-sustentada para a sociedade, pesquisa aplicada, oportunidades e desafios no mercado de trabalho e programas governamentais que estimulam esta intera\u00e7\u00e3o. Os pronunciamentos de representantes dos setores p\u00fablico e privado, abordando pol\u00edticas p\u00fablicas, estrat\u00e9gias de desenvolvimento, vis\u00f5es de mercado e perspectivas futuras, dever\u00e3o trazer \u00e0 discuss\u00e3o temas extremamente relevantes \u00e0queles que est\u00e3o prospectando novas oportunidades e buscando preparar-se para um melhor entendimento dos desafios para os diversos atores p\u00fablicos e privados envolvidos, nas \u00e1reas acad\u00eamicas (docentes, pesquisadores e estudantes), empresariais e governamentais. Tamb\u00e9m os casos e os prot\u00f3tipos de ferramentas apresentados pela ind\u00fastria e que vem sendo desenvolvidos unindo pesquisa acad\u00eamica e necessidades da ind\u00fastria dever\u00e3o mostrar como esta intera\u00e7\u00e3o pode ser produtiva e contribuir de forma promissora para o desenvolvimento do pa\u00eds.<\/p>\n<p>Para mais detalhes, veja a chamada completa em <a href=\"http:\/\/www4.sbc.org.br\/csbc2018\/wp-content\/uploads\/2018\/05\/CFP-COMPUTEC-2018-Prorrogado-Empresa-1.pdf\" target=\"_blank\" rel=\"noopener\">PDF<\/a>.<\/p>\n<h2><span style=\"color: #519660;\"><strong>Programa\u00e7\u00e3o<\/strong><\/span><\/h2>\n<p>Link para download em <a href=\"http:\/\/www4.sbc.org.br\/csbc2018\/wp-content\/uploads\/2018\/07\/ProgramacaoComputec2018-v9.pdf\" target=\"_blank\" rel=\"noopener\">PDF<\/a>.<\/p>\n<p>&nbsp;<\/p>\n<h2><span style=\"color: #339966;\"><strong>Coordena\u00e7\u00e3o<\/strong><\/span><\/h2>\n<table style=\"height: 210 px;\" width=\"460\">\n<tbody>\n<tr>\n<td><\/td>\n<td>\n<ul>\n<li>Claudia Cappelli<\/li>\n<li>UNIRIO<\/li>\n<li>Coordena\u00e7\u00e3o Geral<\/li>\n<li>e-mail:\u00a0<u>computec2018.sbc@gmail.com<\/u><\/li>\n<\/ul>\n<\/td>\n<\/tr>\n<tr>\n<td><span style=\"color: #ffffff;\">&#8230;<\/span><\/td>\n<td><\/td>\n<\/tr>\n<tr>\n<td><\/td>\n<td>\n<ul>\n<li>Marcia Ito<\/li>\n<li>IBM Research<\/li>\n<li>Coordena\u00e7\u00e3o Geral<\/li>\n<li>e-mail:\u00a0<u>computec2018.sbc@gmail.com<\/u><\/li>\n<\/ul>\n<\/td>\n<\/tr>\n<tr>\n<td><span style=\"color: #ffffff;\">&#8230;<\/span><\/td>\n<td><\/td>\n<\/tr>\n<tr>\n<td><\/td>\n<td>\n<ul>\n<li>Alu\u00edzio Rocha<\/li>\n<li>IMD &#8211; UFRN<\/li>\n<li>Coordena\u00e7\u00e3o Local<\/li>\n<li>e-mail:\u00a0<u>computec2018.sbc@gmail.com<\/u><\/li>\n<\/ul>\n<\/td>\n<\/tr>\n<\/tbody>\n<\/table>\n<h3><\/h3>\n<h3><span style=\"color: #519660;\"><strong>Comit\u00ea de Programa<\/strong><\/span><\/h3>\n<table style=\"height: 210 px;\" width=\"460\">\n<tbody>\n<tr>\n<td><\/td>\n<td>\n<ul>\n<li><span style=\"font-size: small;\">Antonio Tadeu Gomes (LNCC)<\/span><\/li>\n<li><span style=\"font-size: small;\">Artur Ziviani (LNCC)<\/span><\/li>\n<li><span style=\"font-size: small;\">Joel Carbonera (IBM Research<\/span><\/li>\n<li><span style=\"font-size: small;\">M\u00e1rcia Ito (IBM Research)<\/span><\/li>\n<li><span style=\"font-size: small;\">Ricardo Ohta (IBM Research)<\/span><\/li>\n<li><span style=\"font-size: small;\">Thiago Ventura (UFMT)<\/span><\/li>\n<\/ul>\n<\/td>\n<\/tr>\n<tr>\n<td><span style=\"color: #ffffff;\">&#8230;<\/span><\/td>\n<td><\/td>\n<\/tr>\n<\/tbody>\n<\/table>\n","protected":false},"excerpt":{"rendered":"<p>20\u00ba Semin\u00e1rio de Computa\u00e7\u00e3o e Mercado (COMPUTEC) &nbsp; Datas importantes &#8211; Abertura das submiss\u00f5es:\u00a0\u00a0\u00a0\u00a015\/01\/2018 &#8211; Data limite para submiss\u00e3o:\u00a019\/03\/2018\u00a0\u00a0\u00a003\/04\/2018 &#8211; Notifica\u00e7\u00e3o aos Autores:\u00a0\u00a0\u00a023\/04\/2018\u00a008\/05\/2018 30\/05\/2018\u00a0 &#8211; Entrega da Vers\u00e3o Final:\u00a0\u00a030\/04\/2018\u00a015\/05\/2018 06\/06\/2018 &#8230;<\/p>\n","protected":false},"author":3,"featured_media":0,"parent":0,"menu_order":0,"comment_status":"closed","ping_status":"closed","template":"content-fullwidth.php","meta":{"footnotes":""},"class_list":["post-173","page","type-page","status-publish","hentry"],"_links":{"self":[{"href":"https:\/\/www4.sbc.org.br\/csbc2018\/index.php?rest_route=\/wp\/v2\/pages\/173","targetHints":{"allow":["GET"]}}],"collection":[{"href":"https:\/\/www4.sbc.org.br\/csbc2018\/index.php?rest_route=\/wp\/v2\/pages"}],"about":[{"href":"https:\/\/www4.sbc.org.br\/csbc2018\/index.php?rest_route=\/wp\/v2\/types\/page"}],"author":[{"embeddable":true,"href":"https:\/\/www4.sbc.org.br\/csbc2018\/index.php?rest_route=\/wp\/v2\/users\/3"}],"replies":[{"embeddable":true,"href":"https:\/\/www4.sbc.org.br\/csbc2018\/index.php?rest_route=%2Fwp%2Fv2%2Fcomments&post=173"}],"version-history":[{"count":21,"href":"https:\/\/www4.sbc.org.br\/csbc2018\/index.php?rest_route=\/wp\/v2\/pages\/173\/revisions"}],"predecessor-version":[{"id":1085,"href":"https:\/\/www4.sbc.org.br\/csbc2018\/index.php?rest_route=\/wp\/v2\/pages\/173\/revisions\/1085"}],"wp:attachment":[{"href":"https:\/\/www4.sbc.org.br\/csbc2018\/index.php?rest_route=%2Fwp%2Fv2%2Fmedia&parent=173"}],"curies":[{"name":"wp","href":"https:\/\/api.w.org\/{rel}","templated":true}]}}