{"id":163,"date":"2017-12-22T11:41:05","date_gmt":"2017-12-22T14:41:05","guid":{"rendered":"http:\/\/www4.sbc.org.br\/csbc2018\/?page_id=163"},"modified":"2018-07-17T11:58:08","modified_gmt":"2018-07-17T14:58:08","slug":"eventos","status":"publish","type":"page","link":"https:\/\/www4.sbc.org.br\/csbc2018\/?page_id=163","title":{"rendered":"Eventos"},"content":{"rendered":"<p><strong>EVENTOS BASE<\/strong><\/p>\n<p><a href=\"http:\/\/www4.sbc.org.br\/csbc2018\/?page_id=173\" target=\"_blank\" rel=\"noopener\">20\u00ba COMPUTEC &#8211; Semin\u00e1rio de Computa\u00e7\u00e3o e Mercado<\/a><br \/>\n<a href=\"http:\/\/www4.sbc.org.br\/csbc2018\/?page_id=329\" target=\"_blank\" rel=\"noopener\">19\u00ba\u00a0CQ &#8211; Curso de Qualidade<\/a><br \/>\n<a href=\"http:\/\/www4.sbc.org.br\/csbc2018\/?page_id=191\" target=\"_blank\" rel=\"noopener\">31\u00ba CTD &#8211; Concurso de Teses e Disserta\u00e7\u00f5es<\/a><br \/>\n<a href=\"http:\/\/www4.sbc.org.br\/csbc2018\/?page_id=179\" target=\"_blank\" rel=\"noopener\">37\u00ba CTIC &#8211; Concurso de Trabalhos de Inicia\u00e7\u00e3o Cient\u00edfica<\/a><br \/>\n<a href=\"http:\/\/www4.sbc.org.br\/csbc2018\/?page_id=331\" target=\"_blank\" rel=\"noopener\">37\u00ba JAI &#8211; Jornadas de Atualiza\u00e7\u00e3o em Inform\u00e1tica<\/a><br \/>\n<a href=\"http:\/\/www4.sbc.org.br\/csbc2018\/?page_id=324\" target=\"_blank\" rel=\"noopener\">48\u00ba SECOMU &#8211; Semin\u00e1rio de Computa\u00e7\u00e3o na Universidade<\/a><br \/>\n<a href=\"http:\/\/www4.sbc.org.br\/csbc2018\/?page_id=308\" target=\"_blank\" rel=\"noopener\">45\u00ba SEMISH\/HACKATHON &#8211; Semin\u00e1rio Integrado de Software e Hardware<\/a><br \/>\n<a href=\"http:\/\/www4.sbc.org.br\/csbc2018\/?page_id=197\">26\u00ba WEI &#8211; Workshop sobre Educa\u00e7\u00e3o em Computa\u00e7\u00e3o<\/a><br \/>\n<a href=\"http:\/\/www4.sbc.org.br\/csbc2018\/?page_id=370\" target=\"_blank\" rel=\"noopener\">12\u00ba WIT &#8211; Women in Information Technology<\/a><\/p>\n<p><strong>EVENTOS SAT\u00c9LITES<\/strong><\/p>\n<p><a href=\"http:\/\/www4.sbc.org.br\/csbc2018\/?page_id=220\" target=\"_blank\" rel=\"noopener\">5\u00ba ENCompIF &#8211; Encontro Nacional de Computa\u00e7\u00e3o dos Institutos Federais<\/a><br \/>\n<a href=\"http:\/\/www4.sbc.org.br\/csbc2018\/?page_id=276\" target=\"_blank\" rel=\"noopener\">18\u00ba SBCAS &#8211; Simp\u00f3sio Brasileiro de Computa\u00e7\u00e3o Aplicada \u00e0 Sa\u00fade<\/a><br \/>\n<a href=\"http:\/\/www4.sbc.org.br\/csbc2018\/?page_id=232\" target=\"_blank\" rel=\"noopener\">9\u00ba WCAMA &#8211; Workshop de Computa\u00e7\u00e3o Aplicada \u00e0 Gest\u00e3o do Meio Ambiente e Recursos Naturais<\/a><br \/>\n<a href=\"http:\/\/www4.sbc.org.br\/csbc2018\/?page_id=207\" target=\"_blank\" rel=\"noopener\">6\u00ba WTranS &#8211; Workshop de Transpar\u00eancia em Sistema<\/a><br \/>\n<a href=\"http:\/\/www4.sbc.org.br\/csbc2018\/?page_id=283\" target=\"_blank\" rel=\"noopener\">10\u00ba SBCUP &#8211; Simp\u00f3sio Brasileiro de Computa\u00e7\u00e3o Ub\u00edqua e Pervasiva<\/a><br \/>\n<a href=\"http:\/\/www4.sbc.org.br\/csbc2018\/?page_id=343\" target=\"_blank\" rel=\"noopener\">3\u00ba ETC &#8211; Encontro de Teoria da Computa\u00e7\u00e3o<\/a><br \/>\n<a href=\"http:\/\/www4.sbc.org.br\/csbc2018\/?page_id=204\" target=\"_blank\" rel=\"noopener\">7\u00ba BraSNAM &#8211; Brazilian Workshop on Social Network Analysis and Mining<\/a><br \/>\n<a href=\"http:\/\/www4.sbc.org.br\/csbc2018\/?page_id=224\" target=\"_blank\" rel=\"noopener\">1\u00ba WBCI &#8211; Workshop Brasileiro de Cidades Inteligentes<\/a><br \/>\n<a href=\"http:\/\/www4.sbc.org.br\/csbc2018\/?page_id=296\" target=\"_blank\" rel=\"noopener\">7\u00ba DesafIE! &#8211; Workshop de Desafios da Computa\u00e7\u00e3o aplicada \u00e0 Educa\u00e7\u00e3o<\/a><br \/>\n<a href=\"http:\/\/www4.sbc.org.br\/csbc2018\/?page_id=290\" target=\"_blank\" rel=\"noopener\">3\u00ba WASHES &#8211; Workshop sobre Aspectos Sociais, Humanos e Econ\u00f4micos de Software<\/a><br \/>\n<a href=\"http:\/\/www4.sbc.org.br\/csbc2018\/?page_id=334\" target=\"_blank\" rel=\"noopener\">5\u00ba WPIETF &#8211; Workshop Pr\u00e9-IETF\/IRTF<\/a><br \/>\n<a href=\"http:\/\/www4.sbc.org.br\/csbc2018\/?page_id=234\" target=\"_blank\" rel=\"noopener\">17\u00ba WPerformance &#8211; Workshop em Desempenho de Sistemas Computacionais e de Comunica\u00e7\u00e3o<\/a><br \/>\n<a href=\"http:\/\/www4.sbc.org.br\/csbc2018\/?page_id=216\" target=\"_blank\" rel=\"noopener\">12\u00ba BreSci &#8211; Brazilian e-Science Workshop<\/a><br \/>\n<a href=\"http:\/\/www4.sbc.org.br\/csbc2018\/?page_id=485\" target=\"_blank\" rel=\"noopener\">3\u00ba Workshop do testbed FIBRE: usando testbeds para o aprendizado de Redes de Computadores<\/a><br \/>\n<a href=\"http:\/\/www4.sbc.org.br\/csbc2018\/?page_id=466\">Workshop on Cloud Networks &#8211; WCN e Cloudscape Brazil<\/a><\/p>\n<p><strong>REUNI\u00d5ES<\/strong><\/p>\n<p><a href=\"http:\/\/www4.sbc.org.br\/csbc2018\/?page_id=1249\" target=\"_blank\" rel=\"noopener\">Reuni\u00e3o do F\u00f3rum de P\u00f3s-Gradua\u00e7\u00e3o<\/a><br \/>\nReuni\u00e3o CNPq\/CAPES<br \/>\nReuni\u00e3o Secret\u00e1rios Regionais SBC<br \/>\nReuni\u00e3o das Comiss\u00f5es Especiais<br \/>\nReuni\u00e3o Forum IFIP\/SBC<\/p>\n<p>&nbsp;<\/p>\n","protected":false},"excerpt":{"rendered":"<p>EVENTOS BASE 20\u00ba COMPUTEC &#8211; Semin\u00e1rio de Computa\u00e7\u00e3o e Mercado 19\u00ba\u00a0CQ &#8211; Curso de Qualidade 31\u00ba CTD &#8211; Concurso de Teses e Disserta\u00e7\u00f5es 37\u00ba CTIC &#8211; Concurso de Trabalhos de &#8230;<\/p>\n","protected":false},"author":3,"featured_media":0,"parent":0,"menu_order":0,"comment_status":"closed","ping_status":"closed","template":"content-fullwidth.php","meta":{"footnotes":""},"class_list":["post-163","page","type-page","status-publish","hentry"],"_links":{"self":[{"href":"https:\/\/www4.sbc.org.br\/csbc2018\/index.php?rest_route=\/wp\/v2\/pages\/163","targetHints":{"allow":["GET"]}}],"collection":[{"href":"https:\/\/www4.sbc.org.br\/csbc2018\/index.php?rest_route=\/wp\/v2\/pages"}],"about":[{"href":"https:\/\/www4.sbc.org.br\/csbc2018\/index.php?rest_route=\/wp\/v2\/types\/page"}],"author":[{"embeddable":true,"href":"https:\/\/www4.sbc.org.br\/csbc2018\/index.php?rest_route=\/wp\/v2\/users\/3"}],"replies":[{"embeddable":true,"href":"https:\/\/www4.sbc.org.br\/csbc2018\/index.php?rest_route=%2Fwp%2Fv2%2Fcomments&post=163"}],"version-history":[{"count":46,"href":"https:\/\/www4.sbc.org.br\/csbc2018\/index.php?rest_route=\/wp\/v2\/pages\/163\/revisions"}],"predecessor-version":[{"id":1267,"href":"https:\/\/www4.sbc.org.br\/csbc2018\/index.php?rest_route=\/wp\/v2\/pages\/163\/revisions\/1267"}],"wp:attachment":[{"href":"https:\/\/www4.sbc.org.br\/csbc2018\/index.php?rest_route=%2Fwp%2Fv2%2Fmedia&parent=163"}],"curies":[{"name":"wp","href":"https:\/\/api.w.org\/{rel}","templated":true}]}}